{"id":3283,"date":"2018-04-29T07:43:00","date_gmt":"2018-04-29T07:43:00","guid":{"rendered":"https:\/\/www.michael-hennemann.de\/wordpress\/?page_id=3283"},"modified":"2018-04-30T13:40:40","modified_gmt":"2018-04-30T13:40:40","slug":"kontakt","status":"publish","type":"page","link":"https:\/\/www.michael-hennemann.de\/wordpress\/kontakt\/","title":{"rendered":"Kontakt"},"content":{"rendered":"<p>Ich freue mich \u00fcber jede Zuschrift &#8211; egal ob Kritik, Lob oder Anregung. Bitte teilen Sie mir auch mit, welche weiteren Themen und Reiseziele Ihnen besonders am Herzen liegen. Auch wenn Sie w\u00e4hrend Ihres Urlaubes festgestellt haben, dass eine Angabe in einem meiner B\u00fccher nicht mehr richtig ist, bin ich (und sind die anderen Leser) Ihnen f\u00fcr den Hinweis sehr dankbar.<\/p>\n<div class=\"wpcf7 no-js\" id=\"wpcf7-f3518-o1\" lang=\"de-DE\" dir=\"ltr\" data-wpcf7-id=\"3518\">\n<div class=\"screen-reader-response\">\n<p role=\"status\" aria-live=\"polite\" aria-atomic=\"true\">\n<ul><\/ul>\n<\/div>\n<form action=\"\/wordpress\/wp-json\/wp\/v2\/pages\/3283#wpcf7-f3518-o1\" method=\"post\" class=\"wpcf7-form init\" aria-label=\"Kontaktformular\" novalidate=\"novalidate\" data-status=\"init\">\n<fieldset class=\"hidden-fields-container\"><input type=\"hidden\" name=\"_wpcf7\" value=\"3518\" \/><input type=\"hidden\" name=\"_wpcf7_version\" value=\"6.1.5\" \/><input type=\"hidden\" name=\"_wpcf7_locale\" value=\"de_DE\" \/><input type=\"hidden\" name=\"_wpcf7_unit_tag\" value=\"wpcf7-f3518-o1\" \/><input type=\"hidden\" name=\"_wpcf7_container_post\" value=\"0\" \/><input type=\"hidden\" name=\"_wpcf7_posted_data_hash\" value=\"\" \/><br \/>\n<\/fieldset>\n<p><label> Ihr Name<br \/>\n<span class=\"wpcf7-form-control-wrap\" data-name=\"your-name\"><input size=\"40\" maxlength=\"400\" class=\"wpcf7-form-control wpcf7-text\" aria-invalid=\"false\" value=\"\" type=\"text\" name=\"your-name\" \/><\/span> <\/label>\n<\/p>\n<p><label> Ihre E-Mail-Adresse (Pflichtfeld)<br \/>\n<span class=\"wpcf7-form-control-wrap\" data-name=\"your-email\"><input size=\"40\" maxlength=\"400\" class=\"wpcf7-form-control wpcf7-email wpcf7-validates-as-required wpcf7-text wpcf7-validates-as-email\" aria-required=\"true\" aria-invalid=\"false\" value=\"\" type=\"email\" name=\"your-email\" \/><\/span> <\/label>\n<\/p>\n<p><label> Betreff<br \/>\n<span class=\"wpcf7-form-control-wrap\" data-name=\"your-subject\"><input size=\"40\" maxlength=\"400\" class=\"wpcf7-form-control wpcf7-text\" aria-invalid=\"false\" value=\"\" type=\"text\" name=\"your-subject\" \/><\/span> <\/label>\n<\/p>\n<p><label> Ihre Nachricht<br \/>\n<span class=\"wpcf7-form-control-wrap\" data-name=\"your-message\"><textarea cols=\"40\" rows=\"10\" maxlength=\"2000\" class=\"wpcf7-form-control wpcf7-textarea\" aria-invalid=\"false\" name=\"your-message\"><\/textarea><\/span> <\/label>\n<\/p>\n<p><span class=\"wpcf7-form-control-wrap wpgdprc\"><span class=\"wpcf7-form-control wpcf7-wpgdprc wpcf7-validates-as-required\"><span class=\"wpcf7-list-item\"><input type=\"checkbox\" name=\"wpgdprc\" value=\"1\" aria-required=\"true\" aria-invalid=\"false\" \/><span class=\"wpcf7-list-item-label\">Mit der Nutzung dieses Formulars erkl\u00e4ren Sie sich mit der Speicherung und Verarbeitung ihrer Daten durch diese Website einverstanden.<\/span><\/span><\/span>    <\/span><br \/>\n<span id=\"wpcf7-69f34ae18cd60-wrapper\" class=\"wpcf7-form-control-wrap honeypot-485-wrap\" style=\"display:none !important; visibility:hidden !important;\"><label for=\"364\" class=\"hp-message\">Bitte lasse dieses Feld leer.<\/label><input id=\"364\"  class=\"wpcf7-form-control wpcf7-text\" type=\"text\" name=\"honeypot-485\" value=\"\" size=\"40\" tabindex=\"-1\" autocomplete=\"new-password\" \/><\/span><br \/>\n<span class=\"wpcf7-form-control-wrap\" data-name=\"quiz-102\"><label><span class=\"wpcf7-quiz-label\">Welche Farben haben Tomaten<\/span> <input size=\"40\" class=\"wpcf7-form-control wpcf7-quiz\" autocomplete=\"off\" aria-required=\"true\" aria-invalid=\"false\" type=\"text\" name=\"quiz-102\" \/><\/label><input type=\"hidden\" name=\"_wpcf7_quiz_answer_quiz-102\" value=\"05148c75fe132ef0a6dfcb4af7026346\" \/><\/span>\n<\/p>\n<p><input class=\"wpcf7-form-control wpcf7-submit has-spinner\" type=\"submit\" value=\"Senden\" \/>\n<\/p>\n<div class=\"wpcf7-response-output\" aria-hidden=\"true\"><\/div>\n<\/form>\n<\/div>\n","protected":false},"excerpt":{"rendered":"<p>Ich freue mich \u00fcber jede Zuschrift &#8211; egal ob Kritik, Lob oder Anregung. Bitte teilen Sie mir auch mit, welche weiteren Themen und Reiseziele Ihnen besonders am Herzen liegen. Auch wenn Sie w\u00e4hrend Ihres Urlaubes festgestellt haben, dass eine Angabe in einem meiner B\u00fccher nicht mehr richtig ist, bin ich (und sind die anderen Leser) [&hellip;]<\/p>\n<p class=\"read-more\"><a href=\"https:\/\/www.michael-hennemann.de\/wordpress\/kontakt\/\">Weiter lesen &rarr;<\/a><\/p>","protected":false},"author":3,"featured_media":0,"parent":0,"menu_order":0,"comment_status":"closed","ping_status":"closed","template":"page-templates\/contact-page.php","meta":{"footnotes":""},"class_list":["post-3283","page","type-page","status-publish","hentry"],"_links":{"self":[{"href":"https:\/\/www.michael-hennemann.de\/wordpress\/wp-json\/wp\/v2\/pages\/3283","targetHints":{"allow":["GET"]}}],"collection":[{"href":"https:\/\/www.michael-hennemann.de\/wordpress\/wp-json\/wp\/v2\/pages"}],"about":[{"href":"https:\/\/www.michael-hennemann.de\/wordpress\/wp-json\/wp\/v2\/types\/page"}],"author":[{"embeddable":true,"href":"https:\/\/www.michael-hennemann.de\/wordpress\/wp-json\/wp\/v2\/users\/3"}],"replies":[{"embeddable":true,"href":"https:\/\/www.michael-hennemann.de\/wordpress\/wp-json\/wp\/v2\/comments?post=3283"}],"version-history":[{"count":0,"href":"https:\/\/www.michael-hennemann.de\/wordpress\/wp-json\/wp\/v2\/pages\/3283\/revisions"}],"wp:attachment":[{"href":"https:\/\/www.michael-hennemann.de\/wordpress\/wp-json\/wp\/v2\/media?parent=3283"}],"curies":[{"name":"wp","href":"https:\/\/api.w.org\/{rel}","templated":true}]}}