{"id":3729,"date":"2018-05-04T13:25:34","date_gmt":"2018-05-04T13:25:34","guid":{"rendered":"https:\/\/www.michael-hennemann.de\/wordpress\/?page_id=3729"},"modified":"2018-05-04T13:26:18","modified_gmt":"2018-05-04T13:26:18","slug":"fahrrad-02-senja","status":"publish","type":"page","link":"https:\/\/www.michael-hennemann.de\/wordpress\/fotogalerie\/auswahl-fahrrad-galerie\/fahrrad-02-senja\/","title":{"rendered":"Fahrrad 02 Senja"},"content":{"rendered":"<p><!-- PhotoBlocks for WordPress v1.3.3 free --><\/p>\n<style> #photoblocks-8 {width: 100%;} #photoblocks-8 .pb-block {border-color: #333333;} #photoblocks-8 .pb-title {color: rgba(226, 226, 226, 1);font-size: 20px;} #photoblocks-8 .pb-description {color: rgba(226, 226, 226, 1);font-size: 14px;} #photoblocks-8 .pb-block.pb-type-text .pb-overlay {background-color: rgba(37, 48, 61, 1);} #photoblocks-8 .pb-block.pb-type-text .pb-title, #photoblocks-8 .pb-block.pb-type-text .pb-description {color: rgba(226, 226, 226, 1);} #photoblocks-8 .pb-block.pb-type-text .pb-title {font-size: 16px;} #photoblocks-8 .pb-block.pb-type-text .pb-description {font-size: 15px;} #photoblocks-8 .pb-overlay {background: rgba(224, 37, 27, 0.01);} #photoblocks-8.pb-lift.show-empty-overlay .pb-block.pb-type-image:hover, #photoblocks-8.pb-lift .pb-block.pb-type-image.with-text:hover { box-shadow: rgba(224, 37, 27, 0.01) 0 0 20px; } #photoblocks-8 .pb-block { background-color: rgba(0, 0, 0, 0); } #photoblocks-8 .pb-block .pb-social button {color: rgba(226, 226, 226, 1);font-size: 14px;} #photoblocks-8 ul.pb-filters a.selected {} #photoblocks-8 ul.pb-filters.pb-filters-style-boxed a.selected {} .mfp-bg.mfp-8 {background-color: rgba(0, 0, 0, 0.75);} #photoblocks-8 .pb-blocks .pb-type-image {max-width: calc( 100% - 10px )}<\/style>\n<div class=\"photoblocks-gallery pb-effect-fade\" data-anim=\"fade\" id=\"photoblocks-8\">\n<div class=\"pb-blocks\">\n<div class=\"pb-block with-text with-social-or-text pb-landscape pb-width pb-type-image \" style=\"\" data-filters=\"\" data-colspan=\"2\" data-rowspan=\"2\" data-col=\"0\" data-row=\"0\" data-valign=\"center\" data-halign=\"center\" data-type=\"image\" data-ratio=\"1.5\"> <img decoding=\"async\" class=\"pb-image skip-lazy \" src=\"data:image\/png;base64,iVBORw0KGgoAAAANSUhEUgAAAAEAAAABCAYAAAAfFcSJAAAADUlEQVR42mNkYPhfDwAChwGA60e6kgAAAABJRU5ErkJggg==\" data-pb-source=\"https:\/\/www.michael-hennemann.de\/wordpress\/wp-content\/uploads\/2018\/04\/mihe_senja_09.jpg\" alt=\"Mefjordv\u00e6r \"> <noscript><img decoding=\"async\" src=\"https:\/\/www.michael-hennemann.de\/wordpress\/wp-content\/uploads\/2018\/04\/mihe_senja_09.jpg\" alt=\"Mefjordv\u00e6r \"><\/noscript> <a class=\"pb-link \" data-magnific=\"gallery-8\" data-caption=\"Mefjordv\u00e6r \" rel=\"\" target=\"\" href=\"https:\/\/www.michael-hennemann.de\/wordpress\/wp-content\/uploads\/2018\/04\/mihe_senja_09.jpg\"> <\/p>\n<div class=\"pb-overlay\" style=\"\">\n<div class=\"pb-caption-bottom\"> <span class=\"pb-title pb-caption-left\" style=\"\">Mefjordv\u00e6r <\/span> <\/div>\n<\/p><\/div>\n<p> <\/a> <\/div>\n<div class=\"pb-block with-text with-social-or-text pb-landscape pb-width pb-type-image \" style=\"\" data-filters=\"\" data-colspan=\"1\" data-rowspan=\"1\" data-col=\"2\" data-row=\"0\" data-valign=\"center\" data-halign=\"center\" data-type=\"image\" data-ratio=\"1.5\"> <img decoding=\"async\" class=\"pb-image skip-lazy \" src=\"data:image\/png;base64,iVBORw0KGgoAAAANSUhEUgAAAAEAAAABCAYAAAAfFcSJAAAADUlEQVR42mNkYPhfDwAChwGA60e6kgAAAABJRU5ErkJggg==\" data-pb-source=\"https:\/\/www.michael-hennemann.de\/wordpress\/wp-content\/uploads\/2018\/04\/mihe_senja_13.jpg\" alt=\"Die ruhigen Stra\u00dfen eignen sich perfekt fu\u0308r die Erkundung per Rad.\"> <noscript><img decoding=\"async\" src=\"https:\/\/www.michael-hennemann.de\/wordpress\/wp-content\/uploads\/2018\/04\/mihe_senja_13.jpg\" alt=\"Die ruhigen Stra\u00dfen eignen sich perfekt fu\u0308r die Erkundung per Rad.\"><\/noscript> <a class=\"pb-link \" data-magnific=\"gallery-8\" data-caption=\"Die ruhigen Stra\u00dfen eignen sich perfekt fu\u0308r die Erkundung per Rad.\" rel=\"\" target=\"\" href=\"https:\/\/www.michael-hennemann.de\/wordpress\/wp-content\/uploads\/2018\/04\/mihe_senja_13.jpg\"> <\/p>\n<div class=\"pb-overlay\" style=\"\">\n<div class=\"pb-caption-bottom\"> <span class=\"pb-title pb-caption-left\" style=\"\">Die ruhigen Stra\u00dfen eignen sich perfekt fu\u0308r die Erkundung per Rad.<\/span> <\/div>\n<\/p><\/div>\n<p> <\/a> <\/div>\n<div class=\"pb-block with-text with-social-or-text pb-landscape pb-width pb-type-image \" style=\"\" data-filters=\"\" data-colspan=\"1\" data-rowspan=\"1\" data-col=\"3\" data-row=\"0\" data-valign=\"center\" data-halign=\"center\" data-type=\"image\" data-ratio=\"1.5\"> <img decoding=\"async\" class=\"pb-image skip-lazy \" src=\"data:image\/png;base64,iVBORw0KGgoAAAANSUhEUgAAAAEAAAABCAYAAAAfFcSJAAAADUlEQVR42mNkYPhfDwAChwGA60e6kgAAAABJRU5ErkJggg==\" data-pb-source=\"https:\/\/www.michael-hennemann.de\/wordpress\/wp-content\/uploads\/2018\/04\/mihe_senja_08.jpg\" alt=\"Senjas Landschaft ist nicht weniger dramatisch als auf den Lofoten. \"> <noscript><img decoding=\"async\" src=\"https:\/\/www.michael-hennemann.de\/wordpress\/wp-content\/uploads\/2018\/04\/mihe_senja_08.jpg\" alt=\"Senjas Landschaft ist nicht weniger dramatisch als auf den Lofoten. \"><\/noscript> <a class=\"pb-link \" data-magnific=\"gallery-8\" data-caption=\"Senjas Landschaft ist nicht weniger dramatisch als auf den Lofoten. \" rel=\"\" target=\"\" href=\"https:\/\/www.michael-hennemann.de\/wordpress\/wp-content\/uploads\/2018\/04\/mihe_senja_08.jpg\"> <\/p>\n<div class=\"pb-overlay\" style=\"\">\n<div class=\"pb-caption-bottom\"> <span class=\"pb-title pb-caption-left\" style=\"\">Senjas Landschaft ist nicht weniger dramatisch als auf den Lofoten. <\/span> <\/div>\n<\/p><\/div>\n<p> <\/a> <\/div>\n<div class=\"pb-block with-text with-social-or-text pb-landscape pb-width pb-type-image \" style=\"\" data-filters=\"\" data-colspan=\"1\" data-rowspan=\"1\" data-col=\"2\" data-row=\"1\" data-valign=\"center\" data-halign=\"center\" data-type=\"image\" data-ratio=\"1.5\"> <img decoding=\"async\" class=\"pb-image skip-lazy \" src=\"data:image\/png;base64,iVBORw0KGgoAAAANSUhEUgAAAAEAAAABCAYAAAAfFcSJAAAADUlEQVR42mNkYPhfDwAChwGA60e6kgAAAABJRU5ErkJggg==\" data-pb-source=\"https:\/\/www.michael-hennemann.de\/wordpress\/wp-content\/uploads\/2018\/04\/mihe_senja_01.jpg\" alt=\"Im Sommar\u00f8y Arctic Hotel wurden ehemalige Fischerha\u0308user fu\u0308r Ga\u0308ste umgebaut.\"> <noscript><img decoding=\"async\" src=\"https:\/\/www.michael-hennemann.de\/wordpress\/wp-content\/uploads\/2018\/04\/mihe_senja_01.jpg\" alt=\"Im Sommar\u00f8y Arctic Hotel wurden ehemalige Fischerha\u0308user fu\u0308r Ga\u0308ste umgebaut.\"><\/noscript> <a class=\"pb-link \" data-magnific=\"gallery-8\" data-caption=\"Im Sommar\u00f8y Arctic Hotel wurden ehemalige Fischerha\u0308user fu\u0308r Ga\u0308ste umgebaut.\" rel=\"\" target=\"\" href=\"https:\/\/www.michael-hennemann.de\/wordpress\/wp-content\/uploads\/2018\/04\/mihe_senja_01.jpg\"> <\/p>\n<div class=\"pb-overlay\" style=\"\">\n<div class=\"pb-caption-bottom\"> <span class=\"pb-title pb-caption-left\" style=\"\">Im Sommar\u00f8y Arctic Hotel wurden ehemalige Fischerha\u0308user fu\u0308r Ga\u0308ste umgebaut.<\/span> <\/div>\n<\/p><\/div>\n<p> <\/a> <\/div>\n<div class=\"pb-block with-text with-social-or-text pb-landscape pb-width pb-type-image \" style=\"\" data-filters=\"\" data-colspan=\"1\" data-rowspan=\"1\" data-col=\"3\" data-row=\"1\" data-valign=\"center\" data-halign=\"center\" data-type=\"image\" data-ratio=\"1.5\"> <img decoding=\"async\" class=\"pb-image skip-lazy \" src=\"data:image\/png;base64,iVBORw0KGgoAAAANSUhEUgAAAAEAAAABCAYAAAAfFcSJAAAADUlEQVR42mNkYPhfDwAChwGA60e6kgAAAABJRU5ErkJggg==\" data-pb-source=\"https:\/\/www.michael-hennemann.de\/wordpress\/wp-content\/uploads\/2018\/04\/mihe_senja_04.jpg\" alt=\"Etwa vier Tage braucht man f\u00fcr die Tour entlang der spektakul\u00e4ren Atlantikk\u00fcste.\"> <noscript><img decoding=\"async\" src=\"https:\/\/www.michael-hennemann.de\/wordpress\/wp-content\/uploads\/2018\/04\/mihe_senja_04.jpg\" alt=\"Etwa vier Tage braucht man f\u00fcr die Tour entlang der spektakul\u00e4ren Atlantikk\u00fcste.\"><\/noscript> <a class=\"pb-link \" data-magnific=\"gallery-8\" data-caption=\"Etwa vier Tage braucht man f\u00fcr die Tour entlang der spektakul\u00e4ren Atlantikk\u00fcste.\" rel=\"\" target=\"\" href=\"https:\/\/www.michael-hennemann.de\/wordpress\/wp-content\/uploads\/2018\/04\/mihe_senja_04.jpg\"> <\/p>\n<div class=\"pb-overlay\" style=\"\">\n<div class=\"pb-caption-bottom\"> <span class=\"pb-title pb-caption-left\" style=\"\">Etwa vier Tage braucht man f\u00fcr die Tour entlang der spektakul\u00e4ren Atlantikk\u00fcste.<\/span> <\/div>\n<\/p><\/div>\n<p> <\/a> <\/div>\n<div class=\"pb-block with-text with-social-or-text pb-type-text \" style=\"rgba(37, 48, 61, 1)\" data-filters=\"\" data-colspan=\"2\" data-rowspan=\"1\" data-col=\"0\" data-row=\"2\" data-type=\"text\" data-ratio=\"0\">\n<div class=\"pb-overlay\" style=\"background-color: rgba(37, 48, 61, 1)\">\n<div class=\"pb-caption-top\"> <span class=\"pb-description pb-caption-left\" style=\"color: rgba(226, 226, 226, 1);font-size: 15px;\">Norwegen ist bei Outdoor-Enthusiasten f\u00fcr seine spektakul\u00e4ren Landschaften bekannt. Das ganze Land im Miniformat vereint die Insel Senja rund 350 km n\u00f6rdlich des Polarkreises. Schroffe Gipfel, stille Fjorde und die Mitternachtssonne \u2013 die Landschaft ist nicht weniger dramatisch als auf den Lofoten. Nur um einiges einsamer und somit perfekt f\u00fcr die Erkundung per Rad geeignet.<\/span> <\/div>\n<\/p><\/div>\n<\/p><\/div>\n<div class=\"pb-block with-text with-social-or-text pb-landscape pb-height pb-type-image \" style=\"\" data-filters=\"\" data-colspan=\"2\" data-rowspan=\"1\" data-col=\"2\" data-row=\"2\" data-valign=\"center\" data-halign=\"center\" data-type=\"image\" data-ratio=\"1.5\"> <img decoding=\"async\" class=\"pb-image skip-lazy \" src=\"data:image\/png;base64,iVBORw0KGgoAAAANSUhEUgAAAAEAAAABCAYAAAAfFcSJAAAADUlEQVR42mNkYPhfDwAChwGA60e6kgAAAABJRU5ErkJggg==\" data-pb-source=\"https:\/\/www.michael-hennemann.de\/wordpress\/wp-content\/uploads\/2018\/04\/mihe_senja_15.jpg\" alt=\"Hamn i Senja \"> <noscript><img decoding=\"async\" src=\"https:\/\/www.michael-hennemann.de\/wordpress\/wp-content\/uploads\/2018\/04\/mihe_senja_15.jpg\" alt=\"Hamn i Senja \"><\/noscript> <a class=\"pb-link \" data-magnific=\"gallery-8\" data-caption=\"Hamn i Senja \" rel=\"\" target=\"\" href=\"https:\/\/www.michael-hennemann.de\/wordpress\/wp-content\/uploads\/2018\/04\/mihe_senja_15.jpg\"> <\/p>\n<div class=\"pb-overlay\" style=\"\">\n<div class=\"pb-caption-bottom\"> <span class=\"pb-title pb-caption-left\" style=\"\">Hamn i Senja <\/span> <\/div>\n<\/p><\/div>\n<p> <\/a> <\/div>\n<div class=\"pb-block with-text with-social-or-text pb-landscape pb-height pb-type-image \" style=\"\" data-filters=\"\" data-colspan=\"3\" data-rowspan=\"2\" data-col=\"0\" data-row=\"3\" data-valign=\"center\" data-halign=\"center\" data-type=\"image\" data-ratio=\"1.5\"> <img decoding=\"async\" class=\"pb-image skip-lazy \" src=\"data:image\/png;base64,iVBORw0KGgoAAAANSUhEUgAAAAEAAAABCAYAAAAfFcSJAAAADUlEQVR42mNkYPhfDwAChwGA60e6kgAAAABJRU5ErkJggg==\" data-pb-source=\"https:\/\/www.michael-hennemann.de\/wordpress\/wp-content\/uploads\/2018\/04\/mihe_senja_02.jpg\" alt=\"Norwegen wie aus dem Bilderbuch: Das Fischerdorf Sommar\u00f8y\"> <noscript><img decoding=\"async\" src=\"https:\/\/www.michael-hennemann.de\/wordpress\/wp-content\/uploads\/2018\/04\/mihe_senja_02.jpg\" alt=\"Norwegen wie aus dem Bilderbuch: Das Fischerdorf Sommar\u00f8y\"><\/noscript> <a class=\"pb-link \" data-magnific=\"gallery-8\" data-caption=\"Norwegen wie aus dem Bilderbuch: Das Fischerdorf Sommar\u00f8y\" rel=\"\" target=\"\" href=\"https:\/\/www.michael-hennemann.de\/wordpress\/wp-content\/uploads\/2018\/04\/mihe_senja_02.jpg\"> <\/p>\n<div class=\"pb-overlay\" style=\"\">\n<div class=\"pb-caption-bottom\"> <span class=\"pb-title pb-caption-left\" style=\"\">Norwegen wie aus dem Bilderbuch: Das Fischerdorf Sommar\u00f8y<\/span> <\/div>\n<\/p><\/div>\n<p> <\/a> <\/div>\n<div class=\"pb-block with-text with-social-or-text pb-landscape pb-width pb-type-image \" style=\"\" data-filters=\"\" data-colspan=\"1\" data-rowspan=\"1\" data-col=\"3\" data-row=\"3\" data-valign=\"center\" data-halign=\"center\" data-type=\"image\" data-ratio=\"1.5\"> <img decoding=\"async\" class=\"pb-image skip-lazy \" src=\"data:image\/png;base64,iVBORw0KGgoAAAANSUhEUgAAAAEAAAABCAYAAAAfFcSJAAAADUlEQVR42mNkYPhfDwAChwGA60e6kgAAAABJRU5ErkJggg==\" data-pb-source=\"https:\/\/www.michael-hennemann.de\/wordpress\/wp-content\/uploads\/2018\/04\/mihe_senja_12.jpg\" alt=\"&#039;Gebiss des Teufels&#039; hat der Volksmund den rasiermesserscharfen Gipfelgrat des 559 m hohen Okshornan getauft. \"> <noscript><img decoding=\"async\" src=\"https:\/\/www.michael-hennemann.de\/wordpress\/wp-content\/uploads\/2018\/04\/mihe_senja_12.jpg\" alt=\"&#039;Gebiss des Teufels&#039; hat der Volksmund den rasiermesserscharfen Gipfelgrat des 559 m hohen Okshornan getauft. \"><\/noscript> <a class=\"pb-link \" data-magnific=\"gallery-8\" data-caption=\"'Gebiss des Teufels' hat der Volksmund den rasiermesserscharfen Gipfelgrat des 559 m hohen Okshornan getauft. \" rel=\"\" target=\"\" href=\"https:\/\/www.michael-hennemann.de\/wordpress\/wp-content\/uploads\/2018\/04\/mihe_senja_12.jpg\"> <\/p>\n<div class=\"pb-overlay\" style=\"\">\n<div class=\"pb-caption-bottom\"> <span class=\"pb-title pb-caption-left\" style=\"\">'Gebiss des Teufels' hat der Volksmund den rasiermesserscharfen Gipfelgrat des 559 m hohen Okshornan getauft. <\/span> <\/div>\n<\/p><\/div>\n<p> <\/a> <\/div>\n<div class=\"pb-block with-text with-social-or-text pb-landscape pb-width pb-type-image \" style=\"\" data-filters=\"\" data-colspan=\"1\" data-rowspan=\"1\" data-col=\"3\" data-row=\"4\" data-valign=\"center\" data-halign=\"center\" data-type=\"image\" data-ratio=\"1.5\"> <img decoding=\"async\" class=\"pb-image skip-lazy \" src=\"data:image\/png;base64,iVBORw0KGgoAAAANSUhEUgAAAAEAAAABCAYAAAAfFcSJAAAADUlEQVR42mNkYPhfDwAChwGA60e6kgAAAABJRU5ErkJggg==\" data-pb-source=\"https:\/\/www.michael-hennemann.de\/wordpress\/wp-content\/uploads\/2018\/04\/mihe_senja_11.jpg\" alt=\"Schroffe Bergketten pr\u00e4gen Senjas Westk\u00fcste.\"> <noscript><img decoding=\"async\" src=\"https:\/\/www.michael-hennemann.de\/wordpress\/wp-content\/uploads\/2018\/04\/mihe_senja_11.jpg\" alt=\"Schroffe Bergketten pr\u00e4gen Senjas Westk\u00fcste.\"><\/noscript> <a class=\"pb-link \" data-magnific=\"gallery-8\" data-caption=\"Schroffe Bergketten pr\u00e4gen Senjas Westk\u00fcste.\" rel=\"\" target=\"\" href=\"https:\/\/www.michael-hennemann.de\/wordpress\/wp-content\/uploads\/2018\/04\/mihe_senja_11.jpg\"> <\/p>\n<div class=\"pb-overlay\" style=\"\">\n<div class=\"pb-caption-bottom\"> <span class=\"pb-title pb-caption-left\" style=\"\">Schroffe Bergketten pr\u00e4gen Senjas Westk\u00fcste.<\/span> <\/div>\n<\/p><\/div>\n<p> <\/a> <\/div>\n<div class=\"pb-block with-text with-social-or-text pb-landscape pb-width pb-type-image \" style=\"\" data-filters=\"\" data-colspan=\"1\" data-rowspan=\"1\" data-col=\"0\" data-row=\"5\" data-valign=\"center\" data-halign=\"center\" data-type=\"image\" data-ratio=\"1.5\"> <img decoding=\"async\" class=\"pb-image skip-lazy \" src=\"data:image\/png;base64,iVBORw0KGgoAAAANSUhEUgAAAAEAAAABCAYAAAAfFcSJAAAADUlEQVR42mNkYPhfDwAChwGA60e6kgAAAABJRU5ErkJggg==\" data-pb-source=\"https:\/\/www.michael-hennemann.de\/wordpress\/wp-content\/uploads\/2018\/04\/mihe_senja_10.jpg\" alt=\"Mefjordv\u00e6r \"> <noscript><img decoding=\"async\" src=\"https:\/\/www.michael-hennemann.de\/wordpress\/wp-content\/uploads\/2018\/04\/mihe_senja_10.jpg\" alt=\"Mefjordv\u00e6r \"><\/noscript> <a class=\"pb-link \" data-magnific=\"gallery-8\" data-caption=\"Mefjordv\u00e6r \" rel=\"\" target=\"\" href=\"https:\/\/www.michael-hennemann.de\/wordpress\/wp-content\/uploads\/2018\/04\/mihe_senja_10.jpg\"> <\/p>\n<div class=\"pb-overlay\" style=\"\">\n<div class=\"pb-caption-bottom\"> <span class=\"pb-title pb-caption-left\" style=\"\">Mefjordv\u00e6r <\/span> <\/div>\n<\/p><\/div>\n<p> <\/a> <\/div>\n<div class=\"pb-block with-text with-social-or-text pb-landscape pb-width pb-type-image \" style=\"\" data-filters=\"\" data-colspan=\"1\" data-rowspan=\"1\" data-col=\"1\" data-row=\"5\" data-valign=\"center\" data-halign=\"center\" data-type=\"image\" data-ratio=\"1.5\"> <img decoding=\"async\" class=\"pb-image skip-lazy \" src=\"data:image\/png;base64,iVBORw0KGgoAAAANSUhEUgAAAAEAAAABCAYAAAAfFcSJAAAADUlEQVR42mNkYPhfDwAChwGA60e6kgAAAABJRU5ErkJggg==\" data-pb-source=\"https:\/\/www.michael-hennemann.de\/wordpress\/wp-content\/uploads\/2018\/04\/mihe_senja_14.jpg\" alt=\"Noch Fragen, warum Senja die &#039;Karibik des Nordens&#039; genannt wird? \"> <noscript><img decoding=\"async\" src=\"https:\/\/www.michael-hennemann.de\/wordpress\/wp-content\/uploads\/2018\/04\/mihe_senja_14.jpg\" alt=\"Noch Fragen, warum Senja die &#039;Karibik des Nordens&#039; genannt wird? \"><\/noscript> <a class=\"pb-link \" data-magnific=\"gallery-8\" data-caption=\"Noch Fragen, warum Senja die 'Karibik des Nordens' genannt wird? \" rel=\"\" target=\"\" href=\"https:\/\/www.michael-hennemann.de\/wordpress\/wp-content\/uploads\/2018\/04\/mihe_senja_14.jpg\"> <\/p>\n<div class=\"pb-overlay\" style=\"\">\n<div class=\"pb-caption-bottom\"> <span class=\"pb-title pb-caption-left\" style=\"\">Noch Fragen, warum Senja die 'Karibik des Nordens' genannt wird? <\/span> <\/div>\n<\/p><\/div>\n<p> <\/a> <\/div>\n<div class=\"pb-block with-text with-social-or-text pb-landscape pb-width pb-type-image \" style=\"\" data-filters=\"\" data-colspan=\"1\" data-rowspan=\"1\" data-col=\"2\" data-row=\"5\" data-valign=\"center\" data-halign=\"center\" data-type=\"image\" data-ratio=\"1.5\"> <img decoding=\"async\" class=\"pb-image skip-lazy \" src=\"data:image\/png;base64,iVBORw0KGgoAAAANSUhEUgAAAAEAAAABCAYAAAAfFcSJAAAADUlEQVR42mNkYPhfDwAChwGA60e6kgAAAABJRU5ErkJggg==\" data-pb-source=\"https:\/\/www.michael-hennemann.de\/wordpress\/wp-content\/uploads\/2018\/04\/mihe_senja_05.jpg\" alt=\"In Senjahopen spielt die Fischerei nach wie vor eine gro\u00dfe Rolle.\"> <noscript><img decoding=\"async\" src=\"https:\/\/www.michael-hennemann.de\/wordpress\/wp-content\/uploads\/2018\/04\/mihe_senja_05.jpg\" alt=\"In Senjahopen spielt die Fischerei nach wie vor eine gro\u00dfe Rolle.\"><\/noscript> <a class=\"pb-link \" data-magnific=\"gallery-8\" data-caption=\"In Senjahopen spielt die Fischerei nach wie vor eine gro\u00dfe Rolle.\" rel=\"\" target=\"\" href=\"https:\/\/www.michael-hennemann.de\/wordpress\/wp-content\/uploads\/2018\/04\/mihe_senja_05.jpg\"> <\/p>\n<div class=\"pb-overlay\" style=\"\">\n<div class=\"pb-caption-bottom\"> <span class=\"pb-title pb-caption-left\" style=\"\">In Senjahopen spielt die Fischerei nach wie vor eine gro\u00dfe Rolle.<\/span> <\/div>\n<\/p><\/div>\n<p> <\/a> <\/div>\n<div class=\"pb-block with-text with-social-or-text pb-landscape pb-width pb-type-image \" style=\"\" data-filters=\"\" data-colspan=\"1\" data-rowspan=\"1\" data-col=\"3\" data-row=\"5\" data-valign=\"center\" data-halign=\"center\" data-type=\"image\" data-ratio=\"1.5\"> <img decoding=\"async\" class=\"pb-image skip-lazy \" src=\"data:image\/png;base64,iVBORw0KGgoAAAANSUhEUgAAAAEAAAABCAYAAAAfFcSJAAAADUlEQVR42mNkYPhfDwAChwGA60e6kgAAAABJRU5ErkJggg==\" data-pb-source=\"https:\/\/www.michael-hennemann.de\/wordpress\/wp-content\/uploads\/2018\/04\/mihe_senja_06.jpg\" alt=\"Die Mitternachtsonne taucht die Landschaft in ein goldenes Licht.\"> <noscript><img decoding=\"async\" src=\"https:\/\/www.michael-hennemann.de\/wordpress\/wp-content\/uploads\/2018\/04\/mihe_senja_06.jpg\" alt=\"Die Mitternachtsonne taucht die Landschaft in ein goldenes Licht.\"><\/noscript> <a class=\"pb-link \" data-magnific=\"gallery-8\" data-caption=\"Die Mitternachtsonne taucht die Landschaft in ein goldenes Licht.\" rel=\"\" target=\"\" href=\"https:\/\/www.michael-hennemann.de\/wordpress\/wp-content\/uploads\/2018\/04\/mihe_senja_06.jpg\"> <\/p>\n<div class=\"pb-overlay\" style=\"\">\n<div class=\"pb-caption-bottom\"> <span class=\"pb-title pb-caption-left\" style=\"\">Die Mitternachtsonne taucht die Landschaft in ein goldenes Licht.<\/span> <\/div>\n<\/p><\/div>\n<p> <\/a> <\/div>\n<div class=\"pb-block with-text with-social-or-text pb-landscape pb-width pb-type-image \" style=\"\" data-filters=\"\" data-colspan=\"1\" data-rowspan=\"1\" data-col=\"0\" data-row=\"6\" data-valign=\"center\" data-halign=\"center\" data-type=\"image\" data-ratio=\"1.5\"> <img decoding=\"async\" class=\"pb-image skip-lazy \" src=\"data:image\/png;base64,iVBORw0KGgoAAAANSUhEUgAAAAEAAAABCAYAAAAfFcSJAAAADUlEQVR42mNkYPhfDwAChwGA60e6kgAAAABJRU5ErkJggg==\" data-pb-source=\"https:\/\/www.michael-hennemann.de\/wordpress\/wp-content\/uploads\/2018\/04\/mihe_senja_03.jpg\" alt=\"Stockfisch hat eine lange Tradition.\"> <noscript><img decoding=\"async\" src=\"https:\/\/www.michael-hennemann.de\/wordpress\/wp-content\/uploads\/2018\/04\/mihe_senja_03.jpg\" alt=\"Stockfisch hat eine lange Tradition.\"><\/noscript> <a class=\"pb-link \" data-magnific=\"gallery-8\" data-caption=\"Stockfisch hat eine lange Tradition.\" rel=\"\" target=\"\" href=\"https:\/\/www.michael-hennemann.de\/wordpress\/wp-content\/uploads\/2018\/04\/mihe_senja_03.jpg\"> <\/p>\n<div class=\"pb-overlay\" style=\"\">\n<div class=\"pb-caption-bottom\"> <span class=\"pb-title pb-caption-left\" style=\"\">Stockfisch hat eine lange Tradition.<\/span> <\/div>\n<\/p><\/div>\n<p> <\/a> <\/div>\n<div class=\"pb-block with-text with-social-or-text pb-landscape pb-width pb-type-image \" style=\"\" data-filters=\"\" data-colspan=\"2\" data-rowspan=\"2\" data-col=\"1\" data-row=\"6\" data-valign=\"center\" data-halign=\"center\" data-type=\"image\" data-ratio=\"1.5\"> <img decoding=\"async\" class=\"pb-image skip-lazy \" src=\"data:image\/png;base64,iVBORw0KGgoAAAANSUhEUgAAAAEAAAABCAYAAAAfFcSJAAAADUlEQVR42mNkYPhfDwAChwGA60e6kgAAAABJRU5ErkJggg==\" data-pb-source=\"https:\/\/www.michael-hennemann.de\/wordpress\/wp-content\/uploads\/2018\/04\/mihe_senja_07.jpg\" alt=\"Der Knuten ist der &#039;Hausberg&#039; von Mefjordv\u00e6r\"> <noscript><img decoding=\"async\" src=\"https:\/\/www.michael-hennemann.de\/wordpress\/wp-content\/uploads\/2018\/04\/mihe_senja_07.jpg\" alt=\"Der Knuten ist der &#039;Hausberg&#039; von Mefjordv\u00e6r\"><\/noscript> <a class=\"pb-link \" data-magnific=\"gallery-8\" data-caption=\"Der Knuten ist der 'Hausberg' von Mefjordv\u00e6r\" rel=\"\" target=\"\" href=\"https:\/\/www.michael-hennemann.de\/wordpress\/wp-content\/uploads\/2018\/04\/mihe_senja_07.jpg\"> <\/p>\n<div class=\"pb-overlay\" style=\"\">\n<div class=\"pb-caption-bottom\"> <span class=\"pb-title pb-caption-left\" style=\"\">Der Knuten ist der 'Hausberg' von Mefjordv\u00e6r<\/span> <\/div>\n<\/p><\/div>\n<p> <\/a> <\/div>\n<div class=\"pb-block with-text with-social-or-text pb-type-text \" style=\"\" data-filters=\"\" data-colspan=\"1\" data-rowspan=\"1\" data-col=\"3\" data-row=\"6\" data-type=\"text\" data-ratio=\"0\"> <a class=\"pb-link \" data-caption=\"Zur\u00fcck zur \u00dcbersicht\" rel=\"\" target=\"\" href=\"https:\/\/www.michael-hennemann.de\/wordpress\/auswahl-fahrrad-galerie\/\"> <\/p>\n<div class=\"pb-overlay\" style=\"\">\n<div class=\"pb-caption-middle\"> <span class=\"pb-title pb-caption-center\" style=\"\">Zur\u00fcck zur \u00dcbersicht<\/span> <\/div>\n<\/p><\/div>\n<p> <\/a> <\/div>\n<\/p><\/div>\n<\/div>\n<div id=\"photoblocks-fancybox-8\"><\/div>\n<p><script>jQuery(function () { var p = new PhotoBlocks({ selector: \"#photoblocks-8\", columns: 4, padding: 10, disable_below: 480, on: { before: function () { }, after: function () { }, refresh: function () { } }, mobile_layout: [], lazy: false, debug: false }); jQuery(\"#photoblocks-8\").magnificPopup({ delegate: \".pb-block:not(.pb-filtered) [data-magnific]\", type: \"image\", gallery: { enabled: true, preload: [0,2] }, image: { titleSrc: 'data-caption' }, mainClass: \"mfp-8\" }); });<\/script><\/p>\n","protected":false},"excerpt":{"rendered":"<p class=\"read-more\"><a href=\"https:\/\/www.michael-hennemann.de\/wordpress\/fotogalerie\/auswahl-fahrrad-galerie\/fahrrad-02-senja\/\">Weiter lesen &rarr;<\/a><\/p>","protected":false},"author":3,"featured_media":0,"parent":3702,"menu_order":0,"comment_status":"closed","ping_status":"closed","template":"page-templates\/mihe_volle-breite.php","meta":{"footnotes":""},"class_list":["post-3729","page","type-page","status-publish","hentry"],"_links":{"self":[{"href":"https:\/\/www.michael-hennemann.de\/wordpress\/wp-json\/wp\/v2\/pages\/3729","targetHints":{"allow":["GET"]}}],"collection":[{"href":"https:\/\/www.michael-hennemann.de\/wordpress\/wp-json\/wp\/v2\/pages"}],"about":[{"href":"https:\/\/www.michael-hennemann.de\/wordpress\/wp-json\/wp\/v2\/types\/page"}],"author":[{"embeddable":true,"href":"https:\/\/www.michael-hennemann.de\/wordpress\/wp-json\/wp\/v2\/users\/3"}],"replies":[{"embeddable":true,"href":"https:\/\/www.michael-hennemann.de\/wordpress\/wp-json\/wp\/v2\/comments?post=3729"}],"version-history":[{"count":0,"href":"https:\/\/www.michael-hennemann.de\/wordpress\/wp-json\/wp\/v2\/pages\/3729\/revisions"}],"up":[{"embeddable":true,"href":"https:\/\/www.michael-hennemann.de\/wordpress\/wp-json\/wp\/v2\/pages\/3702"}],"wp:attachment":[{"href":"https:\/\/www.michael-hennemann.de\/wordpress\/wp-json\/wp\/v2\/media?parent=3729"}],"curies":[{"name":"wp","href":"https:\/\/api.w.org\/{rel}","templated":true}]}}