{"id":3764,"date":"2018-05-09T13:38:29","date_gmt":"2018-05-09T13:38:29","guid":{"rendered":"https:\/\/www.michael-hennemann.de\/wordpress\/?page_id=3764"},"modified":"2018-05-09T13:38:29","modified_gmt":"2018-05-09T13:38:29","slug":"trekking-01-padjelantaleden","status":"publish","type":"page","link":"https:\/\/www.michael-hennemann.de\/wordpress\/fotogalerie\/auswahl-trekking-galerie\/trekking-01-padjelantaleden\/","title":{"rendered":"Trekking 01 Padjelantaleden"},"content":{"rendered":"<p><!-- PhotoBlocks for WordPress v1.3.3 free --><\/p>\n<style> #photoblocks-12 {width: 100%;} #photoblocks-12 .pb-block {border-color: #333333;} #photoblocks-12 .pb-title {color: rgba(226, 226, 226, 1);font-size: 20px;} #photoblocks-12 .pb-description {color: rgba(226, 226, 226, 1);font-size: 14px;} #photoblocks-12 .pb-block.pb-type-text .pb-overlay {background-color: rgba(37, 48, 61, 1);} #photoblocks-12 .pb-block.pb-type-text .pb-title, #photoblocks-12 .pb-block.pb-type-text .pb-description {color: rgba(226, 226, 226, 1);} #photoblocks-12 .pb-block.pb-type-text .pb-title {font-size: 16px;} #photoblocks-12 .pb-block.pb-type-text .pb-description {font-size: 15px;} #photoblocks-12 .pb-overlay {background: rgba(224, 37, 27, 0.01);} #photoblocks-12.pb-lift.show-empty-overlay .pb-block.pb-type-image:hover, #photoblocks-12.pb-lift .pb-block.pb-type-image.with-text:hover { box-shadow: rgba(224, 37, 27, 0.01) 0 0 20px; } #photoblocks-12 .pb-block { background-color: rgba(0, 0, 0, 0); } #photoblocks-12 .pb-block .pb-social button {color: rgba(226, 226, 226, 1);font-size: 14px;} #photoblocks-12 ul.pb-filters a.selected {} #photoblocks-12 ul.pb-filters.pb-filters-style-boxed a.selected {} .mfp-bg.mfp-12 {background-color: rgba(0, 0, 0, 0.75);} #photoblocks-12 .pb-blocks .pb-type-image {max-width: calc( 100% - 10px )}<\/style>\n<div class=\"photoblocks-gallery pb-effect-fade\" data-anim=\"fade\" id=\"photoblocks-12\">\n<div class=\"pb-blocks\">\n<div class=\"pb-block with-text with-social-or-text pb-landscape pb-width pb-type-image \" style=\"\" data-filters=\"\" data-colspan=\"1\" data-rowspan=\"1\" data-col=\"0\" data-row=\"0\" data-valign=\"center\" data-halign=\"center\" data-type=\"image\" data-ratio=\"1.3335557038\"> <img decoding=\"async\" class=\"pb-image skip-lazy \" src=\"data:image\/png;base64,iVBORw0KGgoAAAANSUhEUgAAAAEAAAABCAYAAAAfFcSJAAAADUlEQVR42mNkYPhfDwAChwGA60e6kgAAAABJRU5ErkJggg==\" data-pb-source=\"https:\/\/www.michael-hennemann.de\/wordpress\/wp-content\/uploads\/2018\/04\/mihe_padjelantaleden_Etappe-01-Bootsu\u0308berfahrt-Ritsem.jpg\" alt=\"Bootsu\u0308berfahrt von Ritsem nach \u00c4nonjalme\"> <noscript><img decoding=\"async\" src=\"https:\/\/www.michael-hennemann.de\/wordpress\/wp-content\/uploads\/2018\/04\/mihe_padjelantaleden_Etappe-01-Bootsu\u0308berfahrt-Ritsem.jpg\" alt=\"Bootsu\u0308berfahrt von Ritsem nach \u00c4nonjalme\"><\/noscript> <a class=\"pb-link \" data-magnific=\"gallery-12\" data-caption=\"Bootsu\u0308berfahrt von Ritsem nach \u00c4nonjalme\" rel=\"\" target=\"\" href=\"https:\/\/www.michael-hennemann.de\/wordpress\/wp-content\/uploads\/2018\/04\/mihe_padjelantaleden_Etappe-01-Bootsu\u0308berfahrt-Ritsem.jpg\"> <\/p>\n<div class=\"pb-overlay\" style=\"\">\n<div class=\"pb-caption-bottom\"> <span class=\"pb-title pb-caption-left\" style=\"\">Bootsu\u0308berfahrt von Ritsem nach \u00c4nonjalme<\/span> <\/div>\n<\/p><\/div>\n<p> <\/a> <\/div>\n<div class=\"pb-block with-text with-social-or-text pb-landscape pb-width pb-type-image \" style=\"\" data-filters=\"\" data-colspan=\"1\" data-rowspan=\"1\" data-col=\"1\" data-row=\"0\" data-valign=\"center\" data-halign=\"center\" data-type=\"image\" data-ratio=\"1.5\"> <img decoding=\"async\" class=\"pb-image skip-lazy \" src=\"data:image\/png;base64,iVBORw0KGgoAAAANSUhEUgAAAAEAAAABCAYAAAAfFcSJAAAADUlEQVR42mNkYPhfDwAChwGA60e6kgAAAABJRU5ErkJggg==\" data-pb-source=\"https:\/\/www.michael-hennemann.de\/wordpress\/wp-content\/uploads\/2018\/04\/mihe_padjelantaleden_Etappe-07-Tarradalen-vor-der-Sammarlappahu\u0308tte.jpg\" alt=\"Liebliches Tarradalen \"> <noscript><img decoding=\"async\" src=\"https:\/\/www.michael-hennemann.de\/wordpress\/wp-content\/uploads\/2018\/04\/mihe_padjelantaleden_Etappe-07-Tarradalen-vor-der-Sammarlappahu\u0308tte.jpg\" alt=\"Liebliches Tarradalen \"><\/noscript> <a class=\"pb-link \" data-magnific=\"gallery-12\" data-caption=\"Liebliches Tarradalen \" rel=\"\" target=\"\" href=\"https:\/\/www.michael-hennemann.de\/wordpress\/wp-content\/uploads\/2018\/04\/mihe_padjelantaleden_Etappe-07-Tarradalen-vor-der-Sammarlappahu\u0308tte.jpg\"> <\/p>\n<div class=\"pb-overlay\" style=\"\">\n<div class=\"pb-caption-bottom\"> <span class=\"pb-title pb-caption-left\" style=\"\">Liebliches Tarradalen <\/span> <\/div>\n<\/p><\/div>\n<p> <\/a> <\/div>\n<div class=\"pb-block with-text with-social-or-text pb-type-text \" style=\"rgba(37, 48, 61, 1)\" data-filters=\"\" data-colspan=\"2\" data-rowspan=\"1\" data-col=\"2\" data-row=\"0\" data-type=\"text\" data-ratio=\"0\"> <a class=\"pb-link \" data-caption=\"\" rel=\"\" target=\"\" href=\"https:\/\/www.michael-hennemann.de\/wordpress\/fotogalerie\/auswahl-trekking-galerie\/\"> <\/p>\n<div class=\"pb-overlay\" style=\"background-color: rgba(37, 48, 61, 1)\">\n<div class=\"pb-caption-top\"> <span class=\"pb-description pb-caption-left\" style=\"color: rgba(226, 226, 226, 1);font-size: 15px;\">Der Padjelanta-Nationalpark ist der gr\u00f6\u00dfte schwedische Nationalpark und z\u00e4hlt zu den sch\u00f6nsten Ecken im Fj\u00e4ll. Eingerahmt von den norwegischen Bergen im Westen und den schroffen, m\u00e4chtigen Sarek-Gipfeln im Osten eignet sich die weite, von rauschenden Gebirgsfl\u00fcssen und in der Sonne funkelnden Seen durchzogene Hochebene perfekt f\u00fcr einsame Trekkingtouren. <\/span> <\/div>\n<\/p><\/div>\n<p> <\/a> <\/div>\n<div class=\"pb-block with-text with-social-or-text pb-landscape pb-width pb-type-image \" style=\"\" data-filters=\"\" data-colspan=\"1\" data-rowspan=\"1\" data-col=\"0\" data-row=\"1\" data-valign=\"center\" data-halign=\"center\" data-type=\"image\" data-ratio=\"1.5\"> <img decoding=\"async\" class=\"pb-image skip-lazy \" src=\"data:image\/png;base64,iVBORw0KGgoAAAANSUhEUgAAAAEAAAABCAYAAAAfFcSJAAAADUlEQVR42mNkYPhfDwAChwGA60e6kgAAAABJRU5ErkJggg==\" data-pb-source=\"https:\/\/www.michael-hennemann.de\/wordpress\/wp-content\/uploads\/2018\/04\/mihe_padjelantaleden_Etappe-02-Rentiere-im-Hintergrund-der-Vasstenjavrre.jpg\" alt=\"Die Begegnungen mit Rentieren sind h\u00e4ufiger als mit anderen Wanderern.\"> <noscript><img decoding=\"async\" src=\"https:\/\/www.michael-hennemann.de\/wordpress\/wp-content\/uploads\/2018\/04\/mihe_padjelantaleden_Etappe-02-Rentiere-im-Hintergrund-der-Vasstenjavrre.jpg\" alt=\"Die Begegnungen mit Rentieren sind h\u00e4ufiger als mit anderen Wanderern.\"><\/noscript> <a class=\"pb-link \" data-magnific=\"gallery-12\" data-caption=\"Die Begegnungen mit Rentieren sind h\u00e4ufiger als mit anderen Wanderern.\" rel=\"\" target=\"\" href=\"https:\/\/www.michael-hennemann.de\/wordpress\/wp-content\/uploads\/2018\/04\/mihe_padjelantaleden_Etappe-02-Rentiere-im-Hintergrund-der-Vasstenjavrre.jpg\"> <\/p>\n<div class=\"pb-overlay\" style=\"\">\n<div class=\"pb-caption-bottom\"> <span class=\"pb-title pb-caption-left\" style=\"\">Die Begegnungen mit Rentieren sind h\u00e4ufiger als mit anderen Wanderern.<\/span> <\/div>\n<\/p><\/div>\n<p> <\/a> <\/div>\n<div class=\"pb-block with-text with-social-or-text pb-landscape pb-width pb-type-image \" style=\"\" data-filters=\"\" data-colspan=\"1\" data-rowspan=\"1\" data-col=\"1\" data-row=\"1\" data-valign=\"center\" data-halign=\"center\" data-type=\"image\" data-ratio=\"1.5\"> <img decoding=\"async\" class=\"pb-image skip-lazy \" src=\"data:image\/png;base64,iVBORw0KGgoAAAANSUhEUgAAAAEAAAABCAYAAAAfFcSJAAAADUlEQVR42mNkYPhfDwAChwGA60e6kgAAAABJRU5ErkJggg==\" data-pb-source=\"https:\/\/www.michael-hennemann.de\/wordpress\/wp-content\/uploads\/2018\/04\/mihe_padjelantaleden_Etappe-04-Zeltmo\u0308glichkeit-an-den-Staloluoktahu\u0308tten.jpg\" alt=\"Zeltmo\u0308glichkeit an den Staloluoktahu\u0308tten\"> <noscript><img decoding=\"async\" src=\"https:\/\/www.michael-hennemann.de\/wordpress\/wp-content\/uploads\/2018\/04\/mihe_padjelantaleden_Etappe-04-Zeltmo\u0308glichkeit-an-den-Staloluoktahu\u0308tten.jpg\" alt=\"Zeltmo\u0308glichkeit an den Staloluoktahu\u0308tten\"><\/noscript> <a class=\"pb-link \" data-magnific=\"gallery-12\" data-caption=\"Zeltmo\u0308glichkeit an den Staloluoktahu\u0308tten\" rel=\"\" target=\"\" href=\"https:\/\/www.michael-hennemann.de\/wordpress\/wp-content\/uploads\/2018\/04\/mihe_padjelantaleden_Etappe-04-Zeltmo\u0308glichkeit-an-den-Staloluoktahu\u0308tten.jpg\"> <\/p>\n<div class=\"pb-overlay\" style=\"\">\n<div class=\"pb-caption-bottom\"> <span class=\"pb-title pb-caption-left\" style=\"\">Zeltmo\u0308glichkeit an den Staloluoktahu\u0308tten<\/span> <\/div>\n<\/p><\/div>\n<p> <\/a> <\/div>\n<div class=\"pb-block with-text with-social-or-text pb-landscape pb-width pb-type-image \" style=\"\" data-filters=\"\" data-colspan=\"1\" data-rowspan=\"1\" data-col=\"2\" data-row=\"1\" data-valign=\"center\" data-halign=\"center\" data-type=\"image\" data-ratio=\"1.5\"> <img decoding=\"async\" class=\"pb-image skip-lazy \" src=\"data:image\/png;base64,iVBORw0KGgoAAAANSUhEUgAAAAEAAAABCAYAAAAfFcSJAAAADUlEQVR42mNkYPhfDwAChwGA60e6kgAAAABJRU5ErkJggg==\" data-pb-source=\"https:\/\/www.michael-hennemann.de\/wordpress\/wp-content\/uploads\/2018\/04\/mihe_padjelantaleden_Etappe-02-bei-Saluhavrre.jpg\" alt=\"Das wechselhafte Wetter zaubert zahlreiche Regenb\u00f6gen an den Himmel.\"> <noscript><img decoding=\"async\" src=\"https:\/\/www.michael-hennemann.de\/wordpress\/wp-content\/uploads\/2018\/04\/mihe_padjelantaleden_Etappe-02-bei-Saluhavrre.jpg\" alt=\"Das wechselhafte Wetter zaubert zahlreiche Regenb\u00f6gen an den Himmel.\"><\/noscript> <a class=\"pb-link \" data-magnific=\"gallery-12\" data-caption=\"Das wechselhafte Wetter zaubert zahlreiche Regenb\u00f6gen an den Himmel.\" rel=\"\" target=\"\" href=\"https:\/\/www.michael-hennemann.de\/wordpress\/wp-content\/uploads\/2018\/04\/mihe_padjelantaleden_Etappe-02-bei-Saluhavrre.jpg\"> <\/p>\n<div class=\"pb-overlay\" style=\"\">\n<div class=\"pb-caption-bottom\"> <span class=\"pb-title pb-caption-left\" style=\"\">Das wechselhafte Wetter zaubert zahlreiche Regenb\u00f6gen an den Himmel.<\/span> <\/div>\n<\/p><\/div>\n<p> <\/a> <\/div>\n<div class=\"pb-block with-text with-social-or-text pb-landscape pb-width pb-type-image \" style=\"\" data-filters=\"\" data-colspan=\"1\" data-rowspan=\"1\" data-col=\"3\" data-row=\"1\" data-valign=\"center\" data-halign=\"center\" data-type=\"image\" data-ratio=\"1.5\"> <img decoding=\"async\" class=\"pb-image skip-lazy \" src=\"data:image\/png;base64,iVBORw0KGgoAAAANSUhEUgAAAAEAAAABCAYAAAAfFcSJAAAADUlEQVR42mNkYPhfDwAChwGA60e6kgAAAABJRU5ErkJggg==\" data-pb-source=\"https:\/\/www.michael-hennemann.de\/wordpress\/wp-content\/uploads\/2018\/04\/mihe_padjelantaleden_Etappe-06-Hochebne-zwischen-Duottar-und-Tarraluoppalhu\u0308tten.jpg\" alt=\"Weg zu den Tarraluoppalhu\u0308tten\"> <noscript><img decoding=\"async\" src=\"https:\/\/www.michael-hennemann.de\/wordpress\/wp-content\/uploads\/2018\/04\/mihe_padjelantaleden_Etappe-06-Hochebne-zwischen-Duottar-und-Tarraluoppalhu\u0308tten.jpg\" alt=\"Weg zu den Tarraluoppalhu\u0308tten\"><\/noscript> <a class=\"pb-link \" data-magnific=\"gallery-12\" data-caption=\"Weg zu den Tarraluoppalhu\u0308tten\" rel=\"\" target=\"\" href=\"https:\/\/www.michael-hennemann.de\/wordpress\/wp-content\/uploads\/2018\/04\/mihe_padjelantaleden_Etappe-06-Hochebne-zwischen-Duottar-und-Tarraluoppalhu\u0308tten.jpg\"> <\/p>\n<div class=\"pb-overlay\" style=\"\">\n<div class=\"pb-caption-bottom\"> <span class=\"pb-title pb-caption-left\" style=\"\">Weg zu den Tarraluoppalhu\u0308tten<\/span> <\/div>\n<\/p><\/div>\n<p> <\/a> <\/div>\n<div class=\"pb-block with-text with-social-or-text pb-landscape pb-width pb-type-image \" style=\"\" data-filters=\"\" data-colspan=\"1\" data-rowspan=\"1\" data-col=\"0\" data-row=\"2\" data-valign=\"center\" data-halign=\"center\" data-type=\"image\" data-ratio=\"1.5\"> <img decoding=\"async\" class=\"pb-image skip-lazy \" src=\"data:image\/png;base64,iVBORw0KGgoAAAANSUhEUgAAAAEAAAABCAYAAAAfFcSJAAAADUlEQVR42mNkYPhfDwAChwGA60e6kgAAAABJRU5ErkJggg==\" data-pb-source=\"https:\/\/www.michael-hennemann.de\/wordpress\/wp-content\/uploads\/2018\/04\/mihe_padjelantaleden_Etappe-04-Kirchenkote-Staloluokta.jpg\" alt=\"Kirchenkote in Staloluokta\"> <noscript><img decoding=\"async\" src=\"https:\/\/www.michael-hennemann.de\/wordpress\/wp-content\/uploads\/2018\/04\/mihe_padjelantaleden_Etappe-04-Kirchenkote-Staloluokta.jpg\" alt=\"Kirchenkote in Staloluokta\"><\/noscript> <a class=\"pb-link \" data-magnific=\"gallery-12\" data-caption=\"Kirchenkote in Staloluokta\" rel=\"\" target=\"\" href=\"https:\/\/www.michael-hennemann.de\/wordpress\/wp-content\/uploads\/2018\/04\/mihe_padjelantaleden_Etappe-04-Kirchenkote-Staloluokta.jpg\"> <\/p>\n<div class=\"pb-overlay\" style=\"\">\n<div class=\"pb-caption-bottom\"> <span class=\"pb-title pb-caption-left\" style=\"\">Kirchenkote in Staloluokta<\/span> <\/div>\n<\/p><\/div>\n<p> <\/a> <\/div>\n<div class=\"pb-block with-text with-social-or-text pb-landscape pb-height pb-type-image \" style=\"\" data-filters=\"\" data-colspan=\"2\" data-rowspan=\"1\" data-col=\"1\" data-row=\"2\" data-valign=\"center\" data-halign=\"center\" data-type=\"image\" data-ratio=\"1.5\"> <img decoding=\"async\" class=\"pb-image skip-lazy \" src=\"data:image\/png;base64,iVBORw0KGgoAAAANSUhEUgAAAAEAAAABCAYAAAAfFcSJAAAADUlEQVR42mNkYPhfDwAChwGA60e6kgAAAABJRU5ErkJggg==\" data-pb-source=\"https:\/\/www.michael-hennemann.de\/wordpress\/wp-content\/uploads\/2018\/04\/mihe_padjelantaleden_Etappe-01-Ha\u0308ngebru\u0308cke-Vuojaa\u0308dno.jpg\" alt=\"Ha\u0308ngebru\u0308cke \u00fcber den Vuojata\u0308dno\"> <noscript><img decoding=\"async\" src=\"https:\/\/www.michael-hennemann.de\/wordpress\/wp-content\/uploads\/2018\/04\/mihe_padjelantaleden_Etappe-01-Ha\u0308ngebru\u0308cke-Vuojaa\u0308dno.jpg\" alt=\"Ha\u0308ngebru\u0308cke \u00fcber den Vuojata\u0308dno\"><\/noscript> <a class=\"pb-link \" data-magnific=\"gallery-12\" data-caption=\"Ha\u0308ngebru\u0308cke \u00fcber den Vuojata\u0308dno\" rel=\"\" target=\"\" href=\"https:\/\/www.michael-hennemann.de\/wordpress\/wp-content\/uploads\/2018\/04\/mihe_padjelantaleden_Etappe-01-Ha\u0308ngebru\u0308cke-Vuojaa\u0308dno.jpg\"> <\/p>\n<div class=\"pb-overlay\" style=\"\">\n<div class=\"pb-caption-bottom\"> <span class=\"pb-title pb-caption-left\" style=\"\">Ha\u0308ngebru\u0308cke \u00fcber den Vuojata\u0308dno<\/span> <\/div>\n<\/p><\/div>\n<p> <\/a> <\/div>\n<div class=\"pb-block with-text with-social-or-text pb-landscape pb-width pb-type-image \" style=\"\" data-filters=\"\" data-colspan=\"1\" data-rowspan=\"1\" data-col=\"3\" data-row=\"2\" data-valign=\"center\" data-halign=\"center\" data-type=\"image\" data-ratio=\"1.5\"> <img decoding=\"async\" class=\"pb-image skip-lazy \" src=\"data:image\/png;base64,iVBORw0KGgoAAAANSUhEUgAAAAEAAAABCAYAAAAfFcSJAAAADUlEQVR42mNkYPhfDwAChwGA60e6kgAAAABJRU5ErkJggg==\" data-pb-source=\"https:\/\/www.michael-hennemann.de\/wordpress\/wp-content\/uploads\/2018\/04\/mihe_padjelantaleden_Etappe-05-an-den-Duottarhu\u0308tten.jpg\" alt=\"An den Duottarhu\u0308tten\"> <noscript><img decoding=\"async\" src=\"https:\/\/www.michael-hennemann.de\/wordpress\/wp-content\/uploads\/2018\/04\/mihe_padjelantaleden_Etappe-05-an-den-Duottarhu\u0308tten.jpg\" alt=\"An den Duottarhu\u0308tten\"><\/noscript> <a class=\"pb-link \" data-magnific=\"gallery-12\" data-caption=\"An den Duottarhu\u0308tten\" rel=\"\" target=\"\" href=\"https:\/\/www.michael-hennemann.de\/wordpress\/wp-content\/uploads\/2018\/04\/mihe_padjelantaleden_Etappe-05-an-den-Duottarhu\u0308tten.jpg\"> <\/p>\n<div class=\"pb-overlay\" style=\"\">\n<div class=\"pb-caption-bottom\"> <span class=\"pb-title pb-caption-left\" style=\"\">An den Duottarhu\u0308tten<\/span> <\/div>\n<\/p><\/div>\n<p> <\/a> <\/div>\n<div class=\"pb-block with-text with-social-or-text pb-landscape pb-width pb-type-image \" style=\"\" data-filters=\"\" data-colspan=\"1\" data-rowspan=\"1\" data-col=\"0\" data-row=\"3\" data-valign=\"center\" data-halign=\"center\" data-type=\"image\" data-ratio=\"1.5\"> <img decoding=\"async\" class=\"pb-image skip-lazy \" src=\"data:image\/png;base64,iVBORw0KGgoAAAANSUhEUgAAAAEAAAABCAYAAAAfFcSJAAAADUlEQVR42mNkYPhfDwAChwGA60e6kgAAAABJRU5ErkJggg==\" data-pb-source=\"https:\/\/www.michael-hennemann.de\/wordpress\/wp-content\/uploads\/2018\/04\/mihe_padjelantaleden_Etappe-05-Duottarhu\u0308tten.jpg\" alt=\"Duottarhu\u0308tten\"> <noscript><img decoding=\"async\" src=\"https:\/\/www.michael-hennemann.de\/wordpress\/wp-content\/uploads\/2018\/04\/mihe_padjelantaleden_Etappe-05-Duottarhu\u0308tten.jpg\" alt=\"Duottarhu\u0308tten\"><\/noscript> <a class=\"pb-link \" data-magnific=\"gallery-12\" data-caption=\"Duottarhu\u0308tten\" rel=\"\" target=\"\" href=\"https:\/\/www.michael-hennemann.de\/wordpress\/wp-content\/uploads\/2018\/04\/mihe_padjelantaleden_Etappe-05-Duottarhu\u0308tten.jpg\"> <\/p>\n<div class=\"pb-overlay\" style=\"\">\n<div class=\"pb-caption-bottom\"> <span class=\"pb-title pb-caption-left\" style=\"\">Duottarhu\u0308tten<\/span> <\/div>\n<\/p><\/div>\n<p> <\/a> <\/div>\n<div class=\"pb-block with-text with-social-or-text pb-landscape pb-height pb-type-image \" style=\"\" data-filters=\"\" data-colspan=\"3\" data-rowspan=\"2\" data-col=\"1\" data-row=\"3\" data-valign=\"center\" data-halign=\"center\" data-type=\"image\" data-ratio=\"1.5\"> <img decoding=\"async\" class=\"pb-image skip-lazy \" src=\"data:image\/png;base64,iVBORw0KGgoAAAANSUhEUgAAAAEAAAABCAYAAAAfFcSJAAAADUlEQVR42mNkYPhfDwAChwGA60e6kgAAAABJRU5ErkJggg==\" data-pb-source=\"https:\/\/www.michael-hennemann.de\/wordpress\/wp-content\/uploads\/2018\/04\/mihe_padjelantaleden_Etappe-04-Parfas-Kiosk-in-Staloluokta.jpg\" alt=\"Parfas Kiosk in Staloluokta\"> <noscript><img decoding=\"async\" src=\"https:\/\/www.michael-hennemann.de\/wordpress\/wp-content\/uploads\/2018\/04\/mihe_padjelantaleden_Etappe-04-Parfas-Kiosk-in-Staloluokta.jpg\" alt=\"Parfas Kiosk in Staloluokta\"><\/noscript> <a class=\"pb-link \" data-magnific=\"gallery-12\" data-caption=\"Parfas Kiosk in Staloluokta\" rel=\"\" target=\"\" href=\"https:\/\/www.michael-hennemann.de\/wordpress\/wp-content\/uploads\/2018\/04\/mihe_padjelantaleden_Etappe-04-Parfas-Kiosk-in-Staloluokta.jpg\"> <\/p>\n<div class=\"pb-overlay\" style=\"\">\n<div class=\"pb-caption-bottom\"> <span class=\"pb-title pb-caption-left\" style=\"\">Parfas Kiosk in Staloluokta<\/span> <\/div>\n<\/p><\/div>\n<p> <\/a> <\/div>\n<div class=\"pb-block with-text with-social-or-text pb-landscape pb-width pb-type-image \" style=\"\" data-filters=\"\" data-colspan=\"1\" data-rowspan=\"1\" data-col=\"0\" data-row=\"4\" data-valign=\"center\" data-halign=\"center\" data-type=\"image\" data-ratio=\"1.5\"> <img decoding=\"async\" class=\"pb-image skip-lazy \" src=\"data:image\/png;base64,iVBORw0KGgoAAAANSUhEUgAAAAEAAAABCAYAAAAfFcSJAAAADUlEQVR42mNkYPhfDwAChwGA60e6kgAAAABJRU5ErkJggg==\" data-pb-source=\"https:\/\/www.michael-hennemann.de\/wordpress\/wp-content\/uploads\/2018\/04\/mihe_padjelantaleden_Etappe-03-Ha\u0308ngebru\u0308cke-u\u0308ber-den-Laddejahka.jpg\" alt=\"Ha\u0308ngebru\u0308cke u\u0308ber den Laddejahka\"> <noscript><img decoding=\"async\" src=\"https:\/\/www.michael-hennemann.de\/wordpress\/wp-content\/uploads\/2018\/04\/mihe_padjelantaleden_Etappe-03-Ha\u0308ngebru\u0308cke-u\u0308ber-den-Laddejahka.jpg\" alt=\"Ha\u0308ngebru\u0308cke u\u0308ber den Laddejahka\"><\/noscript> <a class=\"pb-link \" data-magnific=\"gallery-12\" data-caption=\"Ha\u0308ngebru\u0308cke u\u0308ber den Laddejahka\" rel=\"\" target=\"\" href=\"https:\/\/www.michael-hennemann.de\/wordpress\/wp-content\/uploads\/2018\/04\/mihe_padjelantaleden_Etappe-03-Ha\u0308ngebru\u0308cke-u\u0308ber-den-Laddejahka.jpg\"> <\/p>\n<div class=\"pb-overlay\" style=\"\">\n<div class=\"pb-caption-bottom\"> <span class=\"pb-title pb-caption-left\" style=\"\">Ha\u0308ngebru\u0308cke u\u0308ber den Laddejahka<\/span> <\/div>\n<\/p><\/div>\n<p> <\/a> <\/div>\n<div class=\"pb-block with-text with-social-or-text pb-landscape pb-width pb-type-image \" style=\"\" data-filters=\"\" data-colspan=\"2\" data-rowspan=\"2\" data-col=\"0\" data-row=\"5\" data-valign=\"center\" data-halign=\"center\" data-type=\"image\" data-ratio=\"1.5\"> <img decoding=\"async\" class=\"pb-image skip-lazy \" src=\"data:image\/png;base64,iVBORw0KGgoAAAANSUhEUgAAAAEAAAABCAYAAAAfFcSJAAAADUlEQVR42mNkYPhfDwAChwGA60e6kgAAAABJRU5ErkJggg==\" data-pb-source=\"https:\/\/www.michael-hennemann.de\/wordpress\/wp-content\/uploads\/2018\/04\/mihe_padjelantaleden_Etappe-04-Bohlensteg-am-Unna-Dijdder.jpg\" alt=\"Bohlensteg am Unna Dijdder auf der 4.Etappe\"> <noscript><img decoding=\"async\" src=\"https:\/\/www.michael-hennemann.de\/wordpress\/wp-content\/uploads\/2018\/04\/mihe_padjelantaleden_Etappe-04-Bohlensteg-am-Unna-Dijdder.jpg\" alt=\"Bohlensteg am Unna Dijdder auf der 4.Etappe\"><\/noscript> <a class=\"pb-link \" data-magnific=\"gallery-12\" data-caption=\"Bohlensteg am Unna Dijdder auf der 4.Etappe\" rel=\"\" target=\"\" href=\"https:\/\/www.michael-hennemann.de\/wordpress\/wp-content\/uploads\/2018\/04\/mihe_padjelantaleden_Etappe-04-Bohlensteg-am-Unna-Dijdder.jpg\"> <\/p>\n<div class=\"pb-overlay\" style=\"\">\n<div class=\"pb-caption-bottom\"> <span class=\"pb-title pb-caption-left\" style=\"\">Bohlensteg am Unna Dijdder auf der 4.Etappe<\/span> <\/div>\n<\/p><\/div>\n<p> <\/a> <\/div>\n<div class=\"pb-block with-text with-social-or-text pb-landscape pb-width pb-type-image \" style=\"\" data-filters=\"\" data-colspan=\"2\" data-rowspan=\"2\" data-col=\"2\" data-row=\"5\" data-valign=\"center\" data-halign=\"center\" data-type=\"image\" data-ratio=\"1.5\"> <img decoding=\"async\" class=\"pb-image skip-lazy \" src=\"data:image\/png;base64,iVBORw0KGgoAAAANSUhEUgAAAAEAAAABCAYAAAAfFcSJAAAADUlEQVR42mNkYPhfDwAChwGA60e6kgAAAABJRU5ErkJggg==\" data-pb-source=\"https:\/\/www.michael-hennemann.de\/wordpress\/wp-content\/uploads\/2018\/04\/mihe_padjelantaleden_Etappe-08-Njunjeshu\u0308tte.jpg\" alt=\"Njunjeshu\u0308tte\"> <noscript><img decoding=\"async\" src=\"https:\/\/www.michael-hennemann.de\/wordpress\/wp-content\/uploads\/2018\/04\/mihe_padjelantaleden_Etappe-08-Njunjeshu\u0308tte.jpg\" alt=\"Njunjeshu\u0308tte\"><\/noscript> <a class=\"pb-link \" data-magnific=\"gallery-12\" data-caption=\"Njunjeshu\u0308tte\" rel=\"\" target=\"\" href=\"https:\/\/www.michael-hennemann.de\/wordpress\/wp-content\/uploads\/2018\/04\/mihe_padjelantaleden_Etappe-08-Njunjeshu\u0308tte.jpg\"> <\/p>\n<div class=\"pb-overlay\" style=\"\">\n<div class=\"pb-caption-bottom\"> <span class=\"pb-title pb-caption-left\" style=\"\">Njunjeshu\u0308tte<\/span> <\/div>\n<\/p><\/div>\n<p> <\/a> <\/div>\n<div class=\"pb-block with-text with-social-or-text pb-landscape pb-height pb-type-image \" style=\"\" data-filters=\"\" data-colspan=\"3\" data-rowspan=\"2\" data-col=\"0\" data-row=\"7\" data-valign=\"center\" data-halign=\"center\" data-type=\"image\" data-ratio=\"1.5\"> <img decoding=\"async\" class=\"pb-image skip-lazy \" src=\"data:image\/png;base64,iVBORw0KGgoAAAANSUhEUgAAAAEAAAABCAYAAAAfFcSJAAAADUlEQVR42mNkYPhfDwAChwGA60e6kgAAAABJRU5ErkJggg==\" data-pb-source=\"https:\/\/www.michael-hennemann.de\/wordpress\/wp-content\/uploads\/2018\/04\/mihe_padjelantaleden_Etappe-08-Zelten-am-Ufer-des-Darravrre.jpg\" alt=\"An guten Zeltpl\u00e4tzen mangelt es nicht.\"> <noscript><img decoding=\"async\" src=\"https:\/\/www.michael-hennemann.de\/wordpress\/wp-content\/uploads\/2018\/04\/mihe_padjelantaleden_Etappe-08-Zelten-am-Ufer-des-Darravrre.jpg\" alt=\"An guten Zeltpl\u00e4tzen mangelt es nicht.\"><\/noscript> <a class=\"pb-link \" data-magnific=\"gallery-12\" data-caption=\"An guten Zeltpl\u00e4tzen mangelt es nicht.\" rel=\"\" target=\"\" href=\"https:\/\/www.michael-hennemann.de\/wordpress\/wp-content\/uploads\/2018\/04\/mihe_padjelantaleden_Etappe-08-Zelten-am-Ufer-des-Darravrre.jpg\"> <\/p>\n<div class=\"pb-overlay\" style=\"\">\n<div class=\"pb-caption-bottom\"> <span class=\"pb-title pb-caption-left\" style=\"\">An guten Zeltpl\u00e4tzen mangelt es nicht.<\/span> <\/div>\n<\/p><\/div>\n<p> <\/a> <\/div>\n<div class=\"pb-block with-text with-social-or-text pb-type-text \" style=\"\" data-filters=\"\" data-colspan=\"1\" data-rowspan=\"1\" data-col=\"3\" data-row=\"7\" data-type=\"text\" data-ratio=\"0\"> <a class=\"pb-link \" data-caption=\"Zur\u00fcck zur \u00dcbersicht\" rel=\"\" target=\"\" href=\"https:\/\/www.michael-hennemann.de\/wordpress\/fotogalerie\/auswahl-trekking-galerie\/\"> <\/p>\n<div class=\"pb-overlay\" style=\"\">\n<div class=\"pb-caption-middle\"> <span class=\"pb-title pb-caption-center\" style=\"\">Zur\u00fcck zur \u00dcbersicht<\/span> <\/div>\n<\/p><\/div>\n<p> <\/a> <\/div>\n<\/p><\/div>\n<\/div>\n<div id=\"photoblocks-fancybox-12\"><\/div>\n<p><script>jQuery(function () { var p = new PhotoBlocks({ selector: \"#photoblocks-12\", columns: 4, padding: 10, disable_below: 480, on: { before: function () { }, after: function () { }, refresh: function () { } }, mobile_layout: [], lazy: false, debug: false }); jQuery(\"#photoblocks-12\").magnificPopup({ delegate: \".pb-block:not(.pb-filtered) [data-magnific]\", type: \"image\", gallery: { enabled: true, preload: [0,2] }, image: { titleSrc: 'data-caption' }, mainClass: \"mfp-12\" }); });<\/script><\/p>\n","protected":false},"excerpt":{"rendered":"<p class=\"read-more\"><a href=\"https:\/\/www.michael-hennemann.de\/wordpress\/fotogalerie\/auswahl-trekking-galerie\/trekking-01-padjelantaleden\/\">Weiter lesen &rarr;<\/a><\/p>","protected":false},"author":3,"featured_media":0,"parent":3709,"menu_order":0,"comment_status":"closed","ping_status":"closed","template":"page-templates\/mihe_volle-breite.php","meta":{"footnotes":""},"class_list":["post-3764","page","type-page","status-publish","hentry"],"_links":{"self":[{"href":"https:\/\/www.michael-hennemann.de\/wordpress\/wp-json\/wp\/v2\/pages\/3764","targetHints":{"allow":["GET"]}}],"collection":[{"href":"https:\/\/www.michael-hennemann.de\/wordpress\/wp-json\/wp\/v2\/pages"}],"about":[{"href":"https:\/\/www.michael-hennemann.de\/wordpress\/wp-json\/wp\/v2\/types\/page"}],"author":[{"embeddable":true,"href":"https:\/\/www.michael-hennemann.de\/wordpress\/wp-json\/wp\/v2\/users\/3"}],"replies":[{"embeddable":true,"href":"https:\/\/www.michael-hennemann.de\/wordpress\/wp-json\/wp\/v2\/comments?post=3764"}],"version-history":[{"count":0,"href":"https:\/\/www.michael-hennemann.de\/wordpress\/wp-json\/wp\/v2\/pages\/3764\/revisions"}],"up":[{"embeddable":true,"href":"https:\/\/www.michael-hennemann.de\/wordpress\/wp-json\/wp\/v2\/pages\/3709"}],"wp:attachment":[{"href":"https:\/\/www.michael-hennemann.de\/wordpress\/wp-json\/wp\/v2\/media?parent=3764"}],"curies":[{"name":"wp","href":"https:\/\/api.w.org\/{rel}","templated":true}]}}