{"id":3810,"date":"2018-05-16T07:13:20","date_gmt":"2018-05-16T07:13:20","guid":{"rendered":"https:\/\/www.michael-hennemann.de\/wordpress\/?page_id=3810"},"modified":"2018-05-16T07:13:20","modified_gmt":"2018-05-16T07:13:20","slug":"trekking-02-schluchtensteig","status":"publish","type":"page","link":"https:\/\/www.michael-hennemann.de\/wordpress\/fotogalerie\/auswahl-trekking-galerie\/trekking-02-schluchtensteig\/","title":{"rendered":"Trekking 02 Schluchtensteig"},"content":{"rendered":"<p><!-- PhotoBlocks for WordPress v1.3.3 free --><\/p>\n<style> #photoblocks-14 {width: 100%;} #photoblocks-14 .pb-block {border-color: #333333;} #photoblocks-14 .pb-title {color: rgba(226, 226, 226, 1);font-size: 20px;} #photoblocks-14 .pb-description {color: rgba(226, 226, 226, 1);font-size: 14px;} #photoblocks-14 .pb-block.pb-type-text .pb-overlay {background-color: rgba(37, 48, 61, 1);} #photoblocks-14 .pb-block.pb-type-text .pb-title, #photoblocks-14 .pb-block.pb-type-text .pb-description {color: rgba(226, 226, 226, 1);} #photoblocks-14 .pb-block.pb-type-text .pb-title {font-size: 16px;} #photoblocks-14 .pb-block.pb-type-text .pb-description {font-size: 15px;} #photoblocks-14 .pb-overlay {background: rgba(224, 37, 27, 0.01);} #photoblocks-14.pb-lift.show-empty-overlay .pb-block.pb-type-image:hover, #photoblocks-14.pb-lift .pb-block.pb-type-image.with-text:hover { box-shadow: rgba(224, 37, 27, 0.01) 0 0 20px; } #photoblocks-14 .pb-block { background-color: rgba(0, 0, 0, 0); } #photoblocks-14 .pb-block .pb-social button {color: rgba(226, 226, 226, 1);font-size: 14px;} #photoblocks-14 ul.pb-filters a.selected {} #photoblocks-14 ul.pb-filters.pb-filters-style-boxed a.selected {} .mfp-bg.mfp-14 {background-color: rgba(0, 0, 0, 0.75);} #photoblocks-14 .pb-blocks .pb-type-image {max-width: calc( 100% - 10px )}<\/style>\n<div class=\"photoblocks-gallery pb-effect-fade\" data-anim=\"fade\" id=\"photoblocks-14\">\n<div class=\"pb-blocks\">\n<div class=\"pb-block with-text with-social-or-text pb-type-text \" style=\"rgba(37, 48, 61, 1)\" data-filters=\"\" data-colspan=\"2\" data-rowspan=\"1\" data-col=\"0\" data-row=\"0\" data-type=\"text\" data-ratio=\"0\"> <a class=\"pb-link \" data-caption=\"\" rel=\"\" target=\"\" href=\"https:\/\/www.michael-hennemann.de\/wordpress\/fotogalerie\/auswahl-trekking-galerie\/\"> <\/p>\n<div class=\"pb-overlay\" style=\"background-color: rgba(37, 48, 61, 1)\">\n<div class=\"pb-caption-top\"> <span class=\"pb-description pb-caption-left\" style=\"color: rgba(226, 226, 226, 1);font-size: 15px;\">Ganz im S\u00fcdwesten der Republik f\u00fchrt der Schluchtensteig auf knapp 120 km von St\u00fchlingen an der Grenze zur Schweiz in einem Bogen \u00fcber den Schluchsee nach Wehr. Wer die M\u00fchen der fast 4000 H\u00f6henmetern im An- und Abstieg auf sich nimmt wird mit der Entdeckung von Wutachschlucht, idyllischen Seitent\u00e4lern, Alpenpanoramen und nicht zu vergessen: der Schwarzw\u00e4lder K\u00fcche belohnt.<\/span> <\/div>\n<\/p><\/div>\n<p> <\/a> <\/div>\n<div class=\"pb-block with-text with-social-or-text pb-portrait pb-width pb-type-image \" style=\"\" data-filters=\"\" data-colspan=\"1\" data-rowspan=\"2\" data-col=\"2\" data-row=\"0\" data-valign=\"center\" data-halign=\"center\" data-type=\"image\" data-ratio=\"0.666666666667\"> <img decoding=\"async\" class=\"pb-image skip-lazy \" src=\"data:image\/png;base64,iVBORw0KGgoAAAANSUhEUgAAAAEAAAABCAYAAAAfFcSJAAAADUlEQVR42mNkYPhfDwAChwGA60e6kgAAAABJRU5ErkJggg==\" data-pb-source=\"https:\/\/www.michael-hennemann.de\/wordpress\/wp-content\/uploads\/2018\/04\/mihe_schluchtensteig_05_Loeffingen.jpg\" alt=\"Brunnen in L\u00f6ffingen\"> <noscript><img decoding=\"async\" src=\"https:\/\/www.michael-hennemann.de\/wordpress\/wp-content\/uploads\/2018\/04\/mihe_schluchtensteig_05_Loeffingen.jpg\" alt=\"Brunnen in L\u00f6ffingen\"><\/noscript> <a class=\"pb-link \" data-magnific=\"gallery-14\" data-caption=\"Brunnen in L\u00f6ffingen\" rel=\"\" target=\"\" href=\"https:\/\/www.michael-hennemann.de\/wordpress\/wp-content\/uploads\/2018\/04\/mihe_schluchtensteig_05_Loeffingen.jpg\"> <\/p>\n<div class=\"pb-overlay\" style=\"\">\n<div class=\"pb-caption-bottom\"> <span class=\"pb-title pb-caption-left\" style=\"\">Brunnen in L\u00f6ffingen<\/span> <\/div>\n<\/p><\/div>\n<p> <\/a> <\/div>\n<div class=\"pb-block with-text with-social-or-text pb-landscape pb-width pb-type-image \" style=\"\" data-filters=\"\" data-colspan=\"1\" data-rowspan=\"1\" data-col=\"3\" data-row=\"0\" data-valign=\"center\" data-halign=\"center\" data-type=\"image\" data-ratio=\"1.5\"> <img decoding=\"async\" class=\"pb-image skip-lazy \" src=\"data:image\/png;base64,iVBORw0KGgoAAAANSUhEUgAAAAEAAAABCAYAAAAfFcSJAAAADUlEQVR42mNkYPhfDwAChwGA60e6kgAAAABJRU5ErkJggg==\" data-pb-source=\"https:\/\/www.michael-hennemann.de\/wordpress\/wp-content\/uploads\/2018\/04\/mihe_schluchtensteig_02_Buchberghu\u0308tte.jpg\" alt=\"Rast an der Buchberghu\u0308tte\"> <noscript><img decoding=\"async\" src=\"https:\/\/www.michael-hennemann.de\/wordpress\/wp-content\/uploads\/2018\/04\/mihe_schluchtensteig_02_Buchberghu\u0308tte.jpg\" alt=\"Rast an der Buchberghu\u0308tte\"><\/noscript> <a class=\"pb-link \" data-magnific=\"gallery-14\" data-caption=\"Rast an der Buchberghu\u0308tte\" rel=\"\" target=\"\" href=\"https:\/\/www.michael-hennemann.de\/wordpress\/wp-content\/uploads\/2018\/04\/mihe_schluchtensteig_02_Buchberghu\u0308tte.jpg\"> <\/p>\n<div class=\"pb-overlay\" style=\"\">\n<div class=\"pb-caption-bottom\"> <span class=\"pb-title pb-caption-left\" style=\"\">Rast an der Buchberghu\u0308tte<\/span> <\/div>\n<\/p><\/div>\n<p> <\/a> <\/div>\n<div class=\"pb-block with-text with-social-or-text pb-landscape pb-width pb-type-image \" style=\"\" data-filters=\"\" data-colspan=\"2\" data-rowspan=\"2\" data-col=\"0\" data-row=\"1\" data-valign=\"center\" data-halign=\"center\" data-type=\"image\" data-ratio=\"1.5\"> <img decoding=\"async\" class=\"pb-image skip-lazy \" src=\"data:image\/png;base64,iVBORw0KGgoAAAANSUhEUgAAAAEAAAABCAYAAAAfFcSJAAAADUlEQVR42mNkYPhfDwAChwGA60e6kgAAAABJRU5ErkJggg==\" data-pb-source=\"https:\/\/www.michael-hennemann.de\/wordpress\/wp-content\/uploads\/2018\/04\/mihe_schluchtensteig_03_Wutachaustritt.jpg\" alt=\"Wutachaustritt\"> <noscript><img decoding=\"async\" src=\"https:\/\/www.michael-hennemann.de\/wordpress\/wp-content\/uploads\/2018\/04\/mihe_schluchtensteig_03_Wutachaustritt.jpg\" alt=\"Wutachaustritt\"><\/noscript> <a class=\"pb-link \" data-magnific=\"gallery-14\" data-caption=\"Wutachaustritt\" rel=\"\" target=\"\" href=\"https:\/\/www.michael-hennemann.de\/wordpress\/wp-content\/uploads\/2018\/04\/mihe_schluchtensteig_03_Wutachaustritt.jpg\"> <\/p>\n<div class=\"pb-overlay\" style=\"\">\n<div class=\"pb-caption-bottom\"> <span class=\"pb-title pb-caption-left\" style=\"\">Wutachaustritt<\/span> <\/div>\n<\/p><\/div>\n<p> <\/a> <\/div>\n<div class=\"pb-block with-text with-social-or-text pb-landscape pb-width pb-type-image \" style=\"\" data-filters=\"\" data-colspan=\"1\" data-rowspan=\"1\" data-col=\"3\" data-row=\"1\" data-valign=\"center\" data-halign=\"center\" data-type=\"image\" data-ratio=\"1.5\"> <img decoding=\"async\" class=\"pb-image skip-lazy \" src=\"data:image\/png;base64,iVBORw0KGgoAAAANSUhEUgAAAAEAAAABCAYAAAAfFcSJAAAADUlEQVR42mNkYPhfDwAChwGA60e6kgAAAABJRU5ErkJggg==\" data-pb-source=\"https:\/\/www.michael-hennemann.de\/wordpress\/wp-content\/uploads\/2018\/04\/mihe_schluchtensteig_16_Howehraschlucht.jpg\" alt=\"Howehraschlucht\"> <noscript><img decoding=\"async\" src=\"https:\/\/www.michael-hennemann.de\/wordpress\/wp-content\/uploads\/2018\/04\/mihe_schluchtensteig_16_Howehraschlucht.jpg\" alt=\"Howehraschlucht\"><\/noscript> <a class=\"pb-link \" data-magnific=\"gallery-14\" data-caption=\"Howehraschlucht\" rel=\"\" target=\"\" href=\"https:\/\/www.michael-hennemann.de\/wordpress\/wp-content\/uploads\/2018\/04\/mihe_schluchtensteig_16_Howehraschlucht.jpg\"> <\/p>\n<div class=\"pb-overlay\" style=\"\">\n<div class=\"pb-caption-bottom\"> <span class=\"pb-title pb-caption-left\" style=\"\">Howehraschlucht<\/span> <\/div>\n<\/p><\/div>\n<p> <\/a> <\/div>\n<div class=\"pb-block with-text with-social-or-text pb-landscape pb-width pb-type-image \" style=\"\" data-filters=\"\" data-colspan=\"1\" data-rowspan=\"1\" data-col=\"2\" data-row=\"2\" data-valign=\"center\" data-halign=\"center\" data-type=\"image\" data-ratio=\"1.5\"> <img decoding=\"async\" class=\"pb-image skip-lazy \" src=\"data:image\/png;base64,iVBORw0KGgoAAAANSUhEUgAAAAEAAAABCAYAAAAfFcSJAAAADUlEQVR42mNkYPhfDwAChwGA60e6kgAAAABJRU5ErkJggg==\" data-pb-source=\"https:\/\/www.michael-hennemann.de\/wordpress\/wp-content\/uploads\/2018\/04\/mihe_schluchtensteig_12_Ibacher-Hochtal.jpg\" alt=\"Ibacher Hochtal\"> <noscript><img decoding=\"async\" src=\"https:\/\/www.michael-hennemann.de\/wordpress\/wp-content\/uploads\/2018\/04\/mihe_schluchtensteig_12_Ibacher-Hochtal.jpg\" alt=\"Ibacher Hochtal\"><\/noscript> <a class=\"pb-link \" data-magnific=\"gallery-14\" data-caption=\"Ibacher Hochtal\" rel=\"\" target=\"\" href=\"https:\/\/www.michael-hennemann.de\/wordpress\/wp-content\/uploads\/2018\/04\/mihe_schluchtensteig_12_Ibacher-Hochtal.jpg\"> <\/p>\n<div class=\"pb-overlay\" style=\"\">\n<div class=\"pb-caption-bottom\"> <span class=\"pb-title pb-caption-left\" style=\"\">Ibacher Hochtal<\/span> <\/div>\n<\/p><\/div>\n<p> <\/a> <\/div>\n<div class=\"pb-block with-text with-social-or-text pb-landscape pb-width pb-type-image \" style=\"\" data-filters=\"\" data-colspan=\"1\" data-rowspan=\"1\" data-col=\"3\" data-row=\"2\" data-valign=\"center\" data-halign=\"center\" data-type=\"image\" data-ratio=\"1.5\"> <img decoding=\"async\" class=\"pb-image skip-lazy \" src=\"data:image\/png;base64,iVBORw0KGgoAAAANSUhEUgAAAAEAAAABCAYAAAAfFcSJAAAADUlEQVR42mNkYPhfDwAChwGA60e6kgAAAABJRU5ErkJggg==\" data-pb-source=\"https:\/\/www.michael-hennemann.de\/wordpress\/wp-content\/uploads\/2018\/04\/mihe_schluchtensteig_15_Ibacher-Hochtal.jpg\" alt=\"Wegweisung\"> <noscript><img decoding=\"async\" src=\"https:\/\/www.michael-hennemann.de\/wordpress\/wp-content\/uploads\/2018\/04\/mihe_schluchtensteig_15_Ibacher-Hochtal.jpg\" alt=\"Wegweisung\"><\/noscript> <a class=\"pb-link \" data-magnific=\"gallery-14\" data-caption=\"Wegweisung\" rel=\"\" target=\"\" href=\"https:\/\/www.michael-hennemann.de\/wordpress\/wp-content\/uploads\/2018\/04\/mihe_schluchtensteig_15_Ibacher-Hochtal.jpg\"> <\/p>\n<div class=\"pb-overlay\" style=\"\">\n<div class=\"pb-caption-bottom\"> <span class=\"pb-title pb-caption-left\" style=\"\">Wegweisung<\/span> <\/div>\n<\/p><\/div>\n<p> <\/a> <\/div>\n<div class=\"pb-block with-text with-social-or-text pb-landscape pb-width pb-type-image \" style=\"\" data-filters=\"\" data-colspan=\"1\" data-rowspan=\"1\" data-col=\"0\" data-row=\"3\" data-valign=\"center\" data-halign=\"center\" data-type=\"image\" data-ratio=\"1.5\"> <img decoding=\"async\" class=\"pb-image skip-lazy \" src=\"data:image\/png;base64,iVBORw0KGgoAAAANSUhEUgAAAAEAAAABCAYAAAAfFcSJAAAADUlEQVR42mNkYPhfDwAChwGA60e6kgAAAABJRU5ErkJggg==\" data-pb-source=\"https:\/\/www.michael-hennemann.de\/wordpress\/wp-content\/uploads\/2018\/04\/mihe_schluchtensteig_09_Oberfischbach.jpg\" alt=\"Oberfischbach\"> <noscript><img decoding=\"async\" src=\"https:\/\/www.michael-hennemann.de\/wordpress\/wp-content\/uploads\/2018\/04\/mihe_schluchtensteig_09_Oberfischbach.jpg\" alt=\"Oberfischbach\"><\/noscript> <a class=\"pb-link \" data-magnific=\"gallery-14\" data-caption=\"Oberfischbach\" rel=\"\" target=\"\" href=\"https:\/\/www.michael-hennemann.de\/wordpress\/wp-content\/uploads\/2018\/04\/mihe_schluchtensteig_09_Oberfischbach.jpg\"> <\/p>\n<div class=\"pb-overlay\" style=\"\">\n<div class=\"pb-caption-bottom\"> <span class=\"pb-title pb-caption-left\" style=\"\">Oberfischbach<\/span> <\/div>\n<\/p><\/div>\n<p> <\/a> <\/div>\n<div class=\"pb-block with-text with-social-or-text pb-portrait pb-height pb-type-image \" style=\"\" data-filters=\"\" data-colspan=\"1\" data-rowspan=\"1\" data-col=\"1\" data-row=\"3\" data-valign=\"center\" data-halign=\"center\" data-type=\"image\" data-ratio=\"0.666666666667\"> <img decoding=\"async\" class=\"pb-image skip-lazy \" src=\"data:image\/png;base64,iVBORw0KGgoAAAANSUhEUgAAAAEAAAABCAYAAAAfFcSJAAAADUlEQVR42mNkYPhfDwAChwGA60e6kgAAAABJRU5ErkJggg==\" data-pb-source=\"https:\/\/www.michael-hennemann.de\/wordpress\/wp-content\/uploads\/2018\/04\/mihe_schluchtensteig_06_.jpg\" alt=\"Flie\u00dfendes Wasser in allen Variationen pr\u00e4gt das Gesicht des Schluchtensteigs.\"> <noscript><img decoding=\"async\" src=\"https:\/\/www.michael-hennemann.de\/wordpress\/wp-content\/uploads\/2018\/04\/mihe_schluchtensteig_06_.jpg\" alt=\"Flie\u00dfendes Wasser in allen Variationen pr\u00e4gt das Gesicht des Schluchtensteigs.\"><\/noscript> <a class=\"pb-link \" data-magnific=\"gallery-14\" data-caption=\"Flie\u00dfendes Wasser in allen Variationen pr\u00e4gt das Gesicht des Schluchtensteigs.\" rel=\"\" target=\"\" href=\"https:\/\/www.michael-hennemann.de\/wordpress\/wp-content\/uploads\/2018\/04\/mihe_schluchtensteig_06_.jpg\"> <\/p>\n<div class=\"pb-overlay\" style=\"\">\n<div class=\"pb-caption-bottom\"> <span class=\"pb-title pb-caption-left\" style=\"\">Flie\u00dfendes Wasser in allen Variationen pr\u00e4gt das Gesicht des Schluchtensteigs.<\/span> <\/div>\n<\/p><\/div>\n<p> <\/a> <\/div>\n<div class=\"pb-block with-text with-social-or-text pb-landscape pb-width pb-type-image \" style=\"\" data-filters=\"\" data-colspan=\"1\" data-rowspan=\"1\" data-col=\"2\" data-row=\"3\" data-valign=\"center\" data-halign=\"center\" data-type=\"image\" data-ratio=\"1.5\"> <img decoding=\"async\" class=\"pb-image skip-lazy \" src=\"data:image\/png;base64,iVBORw0KGgoAAAANSUhEUgAAAAEAAAABCAYAAAAfFcSJAAAADUlEQVR42mNkYPhfDwAChwGA60e6kgAAAABJRU5ErkJggg==\" data-pb-source=\"https:\/\/www.michael-hennemann.de\/wordpress\/wp-content\/uploads\/2018\/04\/mihe_schluchtensteig_13_Ibacher-Hochtal.jpg\" alt=\"Ibacher Hochtal\"> <noscript><img decoding=\"async\" src=\"https:\/\/www.michael-hennemann.de\/wordpress\/wp-content\/uploads\/2018\/04\/mihe_schluchtensteig_13_Ibacher-Hochtal.jpg\" alt=\"Ibacher Hochtal\"><\/noscript> <a class=\"pb-link \" data-magnific=\"gallery-14\" data-caption=\"Ibacher Hochtal\" rel=\"\" target=\"\" href=\"https:\/\/www.michael-hennemann.de\/wordpress\/wp-content\/uploads\/2018\/04\/mihe_schluchtensteig_13_Ibacher-Hochtal.jpg\"> <\/p>\n<div class=\"pb-overlay\" style=\"\">\n<div class=\"pb-caption-bottom\"> <span class=\"pb-title pb-caption-left\" style=\"\">Ibacher Hochtal<\/span> <\/div>\n<\/p><\/div>\n<p> <\/a> <\/div>\n<div class=\"pb-block with-text with-social-or-text pb-landscape pb-width pb-type-image \" style=\"\" data-filters=\"\" data-colspan=\"1\" data-rowspan=\"1\" data-col=\"3\" data-row=\"3\" data-valign=\"center\" data-halign=\"center\" data-type=\"image\" data-ratio=\"1.5\"> <img decoding=\"async\" class=\"pb-image skip-lazy \" src=\"data:image\/png;base64,iVBORw0KGgoAAAANSUhEUgAAAAEAAAABCAYAAAAfFcSJAAAADUlEQVR42mNkYPhfDwAChwGA60e6kgAAAABJRU5ErkJggg==\" data-pb-source=\"https:\/\/www.michael-hennemann.de\/wordpress\/wp-content\/uploads\/2018\/04\/mihe_schluchtensteig_07_Haslachklamm.jpg\" alt=\"Haslachklamm\"> <noscript><img decoding=\"async\" src=\"https:\/\/www.michael-hennemann.de\/wordpress\/wp-content\/uploads\/2018\/04\/mihe_schluchtensteig_07_Haslachklamm.jpg\" alt=\"Haslachklamm\"><\/noscript> <a class=\"pb-link \" data-magnific=\"gallery-14\" data-caption=\"Haslachklamm\" rel=\"\" target=\"\" href=\"https:\/\/www.michael-hennemann.de\/wordpress\/wp-content\/uploads\/2018\/04\/mihe_schluchtensteig_07_Haslachklamm.jpg\"> <\/p>\n<div class=\"pb-overlay\" style=\"\">\n<div class=\"pb-caption-bottom\"> <span class=\"pb-title pb-caption-left\" style=\"\">Haslachklamm<\/span> <\/div>\n<\/p><\/div>\n<p> <\/a> <\/div>\n<div class=\"pb-block with-text with-social-or-text pb-landscape pb-height pb-type-image \" style=\"\" data-filters=\"\" data-colspan=\"2\" data-rowspan=\"1\" data-col=\"0\" data-row=\"4\" data-valign=\"center\" data-halign=\"center\" data-type=\"image\" data-ratio=\"1.5\"> <img decoding=\"async\" class=\"pb-image skip-lazy \" src=\"data:image\/png;base64,iVBORw0KGgoAAAANSUhEUgAAAAEAAAABCAYAAAAfFcSJAAAADUlEQVR42mNkYPhfDwAChwGA60e6kgAAAABJRU5ErkJggg==\" data-pb-source=\"https:\/\/www.michael-hennemann.de\/wordpress\/wp-content\/uploads\/2018\/04\/mihe_schluchtensteig_14_Ibacher-Hochtal.jpg\" alt=\"Panorama am Ibacher Hochtal\"> <noscript><img decoding=\"async\" src=\"https:\/\/www.michael-hennemann.de\/wordpress\/wp-content\/uploads\/2018\/04\/mihe_schluchtensteig_14_Ibacher-Hochtal.jpg\" alt=\"Panorama am Ibacher Hochtal\"><\/noscript> <a class=\"pb-link \" data-magnific=\"gallery-14\" data-caption=\"Panorama am Ibacher Hochtal\" rel=\"\" target=\"\" href=\"https:\/\/www.michael-hennemann.de\/wordpress\/wp-content\/uploads\/2018\/04\/mihe_schluchtensteig_14_Ibacher-Hochtal.jpg\"> <\/p>\n<div class=\"pb-overlay\" style=\"\">\n<div class=\"pb-caption-bottom\"> <span class=\"pb-title pb-caption-left\" style=\"\">Panorama am Ibacher Hochtal<\/span> <\/div>\n<\/p><\/div>\n<p> <\/a> <\/div>\n<div class=\"pb-block with-text with-social-or-text pb-landscape pb-width pb-type-image \" style=\"\" data-filters=\"\" data-colspan=\"2\" data-rowspan=\"2\" data-col=\"2\" data-row=\"4\" data-valign=\"center\" data-halign=\"center\" data-type=\"image\" data-ratio=\"1.5\"> <img decoding=\"async\" class=\"pb-image skip-lazy \" src=\"data:image\/png;base64,iVBORw0KGgoAAAANSUhEUgAAAAEAAAABCAYAAAAfFcSJAAAADUlEQVR42mNkYPhfDwAChwGA60e6kgAAAABJRU5ErkJggg==\" data-pb-source=\"https:\/\/www.michael-hennemann.de\/wordpress\/wp-content\/uploads\/2018\/04\/mihe_schluchtensteig_10_St.-Blasien.jpg\" alt=\"Dom St. Blasien\"> <noscript><img decoding=\"async\" src=\"https:\/\/www.michael-hennemann.de\/wordpress\/wp-content\/uploads\/2018\/04\/mihe_schluchtensteig_10_St.-Blasien.jpg\" alt=\"Dom St. Blasien\"><\/noscript> <a class=\"pb-link \" data-magnific=\"gallery-14\" data-caption=\"Dom St. Blasien\" rel=\"\" target=\"\" href=\"https:\/\/www.michael-hennemann.de\/wordpress\/wp-content\/uploads\/2018\/04\/mihe_schluchtensteig_10_St.-Blasien.jpg\"> <\/p>\n<div class=\"pb-overlay\" style=\"\">\n<div class=\"pb-caption-bottom\"> <span class=\"pb-title pb-caption-left\" style=\"\">Dom St. Blasien<\/span> <\/div>\n<\/p><\/div>\n<p> <\/a> <\/div>\n<div class=\"pb-block with-text with-social-or-text pb-landscape pb-width pb-type-image \" style=\"\" data-filters=\"\" data-colspan=\"1\" data-rowspan=\"1\" data-col=\"0\" data-row=\"5\" data-valign=\"center\" data-halign=\"center\" data-type=\"image\" data-ratio=\"1.5\"> <img decoding=\"async\" class=\"pb-image skip-lazy \" src=\"data:image\/png;base64,iVBORw0KGgoAAAANSUhEUgAAAAEAAAABCAYAAAAfFcSJAAAADUlEQVR42mNkYPhfDwAChwGA60e6kgAAAABJRU5ErkJggg==\" data-pb-source=\"https:\/\/www.michael-hennemann.de\/wordpress\/wp-content\/uploads\/2018\/04\/mihe_schluchtensteig_11_St.-Blasien.jpg\" alt=\"Blick auf St. Blasien\"> <noscript><img decoding=\"async\" src=\"https:\/\/www.michael-hennemann.de\/wordpress\/wp-content\/uploads\/2018\/04\/mihe_schluchtensteig_11_St.-Blasien.jpg\" alt=\"Blick auf St. Blasien\"><\/noscript> <a class=\"pb-link \" data-magnific=\"gallery-14\" data-caption=\"Blick auf St. Blasien\" rel=\"\" target=\"\" href=\"https:\/\/www.michael-hennemann.de\/wordpress\/wp-content\/uploads\/2018\/04\/mihe_schluchtensteig_11_St.-Blasien.jpg\"> <\/p>\n<div class=\"pb-overlay\" style=\"\">\n<div class=\"pb-caption-bottom\"> <span class=\"pb-title pb-caption-left\" style=\"\">Blick auf St. Blasien<\/span> <\/div>\n<\/p><\/div>\n<p> <\/a> <\/div>\n<div class=\"pb-block with-text with-social-or-text pb-landscape pb-width pb-type-image \" style=\"\" data-filters=\"\" data-colspan=\"1\" data-rowspan=\"1\" data-col=\"1\" data-row=\"5\" data-valign=\"center\" data-halign=\"center\" data-type=\"image\" data-ratio=\"1.5\"> <img decoding=\"async\" class=\"pb-image skip-lazy \" src=\"data:image\/png;base64,iVBORw0KGgoAAAANSUhEUgAAAAEAAAABCAYAAAAfFcSJAAAADUlEQVR42mNkYPhfDwAChwGA60e6kgAAAABJRU5ErkJggg==\" data-pb-source=\"https:\/\/www.michael-hennemann.de\/wordpress\/wp-content\/uploads\/2018\/04\/mihe_schluchtensteig_01_Tafelspitz-im-Hotel-Rebstock.jpg\" alt=\"Tafelspitz im Hotel Rebstock: F\u00fcr das leibliche Wohl ist gesorgt.\"> <noscript><img decoding=\"async\" src=\"https:\/\/www.michael-hennemann.de\/wordpress\/wp-content\/uploads\/2018\/04\/mihe_schluchtensteig_01_Tafelspitz-im-Hotel-Rebstock.jpg\" alt=\"Tafelspitz im Hotel Rebstock: F\u00fcr das leibliche Wohl ist gesorgt.\"><\/noscript> <a class=\"pb-link \" data-magnific=\"gallery-14\" data-caption=\"Tafelspitz im Hotel Rebstock: F\u00fcr das leibliche Wohl ist gesorgt.\" rel=\"\" target=\"\" href=\"https:\/\/www.michael-hennemann.de\/wordpress\/wp-content\/uploads\/2018\/04\/mihe_schluchtensteig_01_Tafelspitz-im-Hotel-Rebstock.jpg\"> <\/p>\n<div class=\"pb-overlay\" style=\"\">\n<div class=\"pb-caption-bottom\"> <span class=\"pb-title pb-caption-left\" style=\"\">Tafelspitz im Hotel Rebstock: F\u00fcr das leibliche Wohl ist gesorgt.<\/span> <\/div>\n<\/p><\/div>\n<p> <\/a> <\/div>\n<div class=\"pb-block with-text with-social-or-text pb-landscape pb-height pb-type-image \" style=\"\" data-filters=\"\" data-colspan=\"2\" data-rowspan=\"1\" data-col=\"0\" data-row=\"6\" data-valign=\"center\" data-halign=\"center\" data-type=\"image\" data-ratio=\"1.5\"> <img decoding=\"async\" class=\"pb-image skip-lazy \" src=\"data:image\/png;base64,iVBORw0KGgoAAAANSUhEUgAAAAEAAAABCAYAAAAfFcSJAAAADUlEQVR42mNkYPhfDwAChwGA60e6kgAAAABJRU5ErkJggg==\" data-pb-source=\"https:\/\/www.michael-hennemann.de\/wordpress\/wp-content\/uploads\/2018\/04\/mihe_schluchtensteig_04_Tannegger-Wasserfall.jpg\" alt=\"Tannegger Wasserfall\"> <noscript><img decoding=\"async\" src=\"https:\/\/www.michael-hennemann.de\/wordpress\/wp-content\/uploads\/2018\/04\/mihe_schluchtensteig_04_Tannegger-Wasserfall.jpg\" alt=\"Tannegger Wasserfall\"><\/noscript> <a class=\"pb-link \" data-magnific=\"gallery-14\" data-caption=\"Tannegger Wasserfall\" rel=\"\" target=\"\" href=\"https:\/\/www.michael-hennemann.de\/wordpress\/wp-content\/uploads\/2018\/04\/mihe_schluchtensteig_04_Tannegger-Wasserfall.jpg\"> <\/p>\n<div class=\"pb-overlay\" style=\"\">\n<div class=\"pb-caption-bottom\"> <span class=\"pb-title pb-caption-left\" style=\"\">Tannegger Wasserfall<\/span> <\/div>\n<\/p><\/div>\n<p> <\/a> <\/div>\n<div class=\"pb-block with-text with-social-or-text pb-landscape pb-width pb-type-image \" style=\"\" data-filters=\"\" data-colspan=\"1\" data-rowspan=\"1\" data-col=\"2\" data-row=\"6\" data-valign=\"center\" data-halign=\"center\" data-type=\"image\" data-ratio=\"1.5\"> <img decoding=\"async\" class=\"pb-image skip-lazy \" src=\"data:image\/png;base64,iVBORw0KGgoAAAANSUhEUgAAAAEAAAABCAYAAAAfFcSJAAAADUlEQVR42mNkYPhfDwAChwGA60e6kgAAAABJRU5ErkJggg==\" data-pb-source=\"https:\/\/www.michael-hennemann.de\/wordpress\/wp-content\/uploads\/2018\/04\/mihe_schluchtensteig_08_Lenzkirch.jpg\" alt=\"Rathaus Lenzkirch\"> <noscript><img decoding=\"async\" src=\"https:\/\/www.michael-hennemann.de\/wordpress\/wp-content\/uploads\/2018\/04\/mihe_schluchtensteig_08_Lenzkirch.jpg\" alt=\"Rathaus Lenzkirch\"><\/noscript> <a class=\"pb-link \" data-magnific=\"gallery-14\" data-caption=\"Rathaus Lenzkirch\" rel=\"\" target=\"\" href=\"https:\/\/www.michael-hennemann.de\/wordpress\/wp-content\/uploads\/2018\/04\/mihe_schluchtensteig_08_Lenzkirch.jpg\"> <\/p>\n<div class=\"pb-overlay\" style=\"\">\n<div class=\"pb-caption-bottom\"> <span class=\"pb-title pb-caption-left\" style=\"\">Rathaus Lenzkirch<\/span> <\/div>\n<\/p><\/div>\n<p> <\/a> <\/div>\n<div class=\"pb-block with-text with-social-or-text pb-type-text \" style=\"\" data-filters=\"\" data-colspan=\"1\" data-rowspan=\"1\" data-col=\"3\" data-row=\"6\" data-type=\"text\" data-ratio=\"0\"> <a class=\"pb-link \" data-caption=\"Zur\u00fcck zur \u00dcbersicht\" rel=\"\" target=\"\" href=\"https:\/\/www.michael-hennemann.de\/wordpress\/fotogalerie\/auswahl-trekking-galerie\/\"> <\/p>\n<div class=\"pb-overlay\" style=\"\">\n<div class=\"pb-caption-middle\"> <span class=\"pb-title pb-caption-center\" style=\"\">Zur\u00fcck zur \u00dcbersicht<\/span> <\/div>\n<\/p><\/div>\n<p> <\/a> <\/div>\n<\/p><\/div>\n<\/div>\n<div id=\"photoblocks-fancybox-14\"><\/div>\n<p><script>jQuery(function () { var p = new PhotoBlocks({ selector: \"#photoblocks-14\", columns: 4, padding: 10, disable_below: 480, on: { before: function () { }, after: function () { }, refresh: function () { } }, mobile_layout: [], lazy: false, debug: false }); jQuery(\"#photoblocks-14\").magnificPopup({ delegate: \".pb-block:not(.pb-filtered) [data-magnific]\", type: \"image\", gallery: { enabled: true, preload: [0,2] }, image: { titleSrc: 'data-caption' }, mainClass: \"mfp-14\" }); });<\/script><\/p>\n","protected":false},"excerpt":{"rendered":"<p class=\"read-more\"><a href=\"https:\/\/www.michael-hennemann.de\/wordpress\/fotogalerie\/auswahl-trekking-galerie\/trekking-02-schluchtensteig\/\">Weiter lesen &rarr;<\/a><\/p>","protected":false},"author":3,"featured_media":0,"parent":3709,"menu_order":0,"comment_status":"closed","ping_status":"closed","template":"page-templates\/mihe_volle-breite.php","meta":{"footnotes":""},"class_list":["post-3810","page","type-page","status-publish","hentry"],"_links":{"self":[{"href":"https:\/\/www.michael-hennemann.de\/wordpress\/wp-json\/wp\/v2\/pages\/3810","targetHints":{"allow":["GET"]}}],"collection":[{"href":"https:\/\/www.michael-hennemann.de\/wordpress\/wp-json\/wp\/v2\/pages"}],"about":[{"href":"https:\/\/www.michael-hennemann.de\/wordpress\/wp-json\/wp\/v2\/types\/page"}],"author":[{"embeddable":true,"href":"https:\/\/www.michael-hennemann.de\/wordpress\/wp-json\/wp\/v2\/users\/3"}],"replies":[{"embeddable":true,"href":"https:\/\/www.michael-hennemann.de\/wordpress\/wp-json\/wp\/v2\/comments?post=3810"}],"version-history":[{"count":0,"href":"https:\/\/www.michael-hennemann.de\/wordpress\/wp-json\/wp\/v2\/pages\/3810\/revisions"}],"up":[{"embeddable":true,"href":"https:\/\/www.michael-hennemann.de\/wordpress\/wp-json\/wp\/v2\/pages\/3709"}],"wp:attachment":[{"href":"https:\/\/www.michael-hennemann.de\/wordpress\/wp-json\/wp\/v2\/media?parent=3810"}],"curies":[{"name":"wp","href":"https:\/\/api.w.org\/{rel}","templated":true}]}}