{"id":3847,"date":"2018-05-17T07:07:15","date_gmt":"2018-05-17T07:07:15","guid":{"rendered":"https:\/\/www.michael-hennemann.de\/wordpress\/?page_id=3847"},"modified":"2018-05-17T07:07:15","modified_gmt":"2018-05-17T07:07:15","slug":"kanu-03-maerkische-umfahrt","status":"publish","type":"page","link":"https:\/\/www.michael-hennemann.de\/wordpress\/fotogalerie\/auswahl-kanu-galerie\/kanu-03-maerkische-umfahrt\/","title":{"rendered":"Kanu 03 M\u00e4rkische Umfahrt"},"content":{"rendered":"<p><!-- PhotoBlocks for WordPress v1.3.3 free --><\/p>\n<style> #photoblocks-16 {width: 100%;} #photoblocks-16 .pb-block {border-color: #333333;} #photoblocks-16 .pb-title {color: rgba(226, 226, 226, 1);font-size: 20px;} #photoblocks-16 .pb-description {color: rgba(226, 226, 226, 1);font-size: 14px;} #photoblocks-16 .pb-block.pb-type-text .pb-overlay {background-color: rgba(37, 48, 61, 1);} #photoblocks-16 .pb-block.pb-type-text .pb-title, #photoblocks-16 .pb-block.pb-type-text .pb-description {color: rgba(226, 226, 226, 1);} #photoblocks-16 .pb-block.pb-type-text .pb-title {font-size: 16px;} #photoblocks-16 .pb-block.pb-type-text .pb-description {font-size: 15px;} #photoblocks-16 .pb-overlay {background: rgba(224, 37, 27, 0.01);} #photoblocks-16.pb-lift.show-empty-overlay .pb-block.pb-type-image:hover, #photoblocks-16.pb-lift .pb-block.pb-type-image.with-text:hover { box-shadow: rgba(224, 37, 27, 0.01) 0 0 20px; } #photoblocks-16 .pb-block { background-color: rgba(0, 0, 0, 0); } #photoblocks-16 .pb-block .pb-social button {color: rgba(226, 226, 226, 1);font-size: 14px;} #photoblocks-16 ul.pb-filters a.selected {} #photoblocks-16 ul.pb-filters.pb-filters-style-boxed a.selected {} .mfp-bg.mfp-16 {background-color: rgba(0, 0, 0, 0.75);} #photoblocks-16 .pb-blocks .pb-type-image {max-width: calc( 100% - 10px )}<\/style>\n<div class=\"photoblocks-gallery pb-effect-fade\" data-anim=\"fade\" id=\"photoblocks-16\">\n<div class=\"pb-blocks\">\n<div class=\"pb-block with-text with-social-or-text pb-landscape pb-width pb-type-image \" style=\"\" data-filters=\"\" data-colspan=\"2\" data-rowspan=\"2\" data-col=\"0\" data-row=\"0\" data-valign=\"center\" data-halign=\"center\" data-type=\"image\" data-ratio=\"1.5\"> <img decoding=\"async\" class=\"pb-image skip-lazy \" src=\"data:image\/png;base64,iVBORw0KGgoAAAANSUhEUgAAAAEAAAABCAYAAAAfFcSJAAAADUlEQVR42mNkYPhfDwAChwGA60e6kgAAAABJRU5ErkJggg==\" data-pb-source=\"https:\/\/www.michael-hennemann.de\/wordpress\/wp-content\/uploads\/2018\/04\/mihe_maerkischeumfahrt_08_Gosen_Ma\u0308rkische-UmfahrtGosener-Graben-zwischen-Seddin-und-Da\u0308meritzsee.jpg\" alt=\"Gr\u00fcne Idyllie: Der Gosener Graben zwischen Seddin- und Da\u0308meritzsee\"> <noscript><img decoding=\"async\" src=\"https:\/\/www.michael-hennemann.de\/wordpress\/wp-content\/uploads\/2018\/04\/mihe_maerkischeumfahrt_08_Gosen_Ma\u0308rkische-UmfahrtGosener-Graben-zwischen-Seddin-und-Da\u0308meritzsee.jpg\" alt=\"Gr\u00fcne Idyllie: Der Gosener Graben zwischen Seddin- und Da\u0308meritzsee\"><\/noscript> <a class=\"pb-link \" data-magnific=\"gallery-16\" data-caption=\"Gr\u00fcne Idyllie: Der Gosener Graben zwischen Seddin- und Da\u0308meritzsee\" rel=\"\" target=\"\" href=\"https:\/\/www.michael-hennemann.de\/wordpress\/wp-content\/uploads\/2018\/04\/mihe_maerkischeumfahrt_08_Gosen_Ma\u0308rkische-UmfahrtGosener-Graben-zwischen-Seddin-und-Da\u0308meritzsee.jpg\"> <\/p>\n<div class=\"pb-overlay\" style=\"\">\n<div class=\"pb-caption-bottom\"> <span class=\"pb-title pb-caption-left\" style=\"\">Gr\u00fcne Idyllie: Der Gosener Graben zwischen Seddin- und Da\u0308meritzsee<\/span> <\/div>\n<\/p><\/div>\n<p> <\/a> <\/div>\n<div class=\"pb-block with-text with-social-or-text pb-landscape pb-width pb-type-image \" style=\"\" data-filters=\"\" data-colspan=\"1\" data-rowspan=\"1\" data-col=\"2\" data-row=\"0\" data-valign=\"center\" data-halign=\"center\" data-type=\"image\" data-ratio=\"1.51029098652\"> <img decoding=\"async\" class=\"pb-image skip-lazy \" src=\"data:image\/png;base64,iVBORw0KGgoAAAANSUhEUgAAAAEAAAABCAYAAAAfFcSJAAAADUlEQVR42mNkYPhfDwAChwGA60e6kgAAAABJRU5ErkJggg==\" data-pb-source=\"https:\/\/www.michael-hennemann.de\/wordpress\/wp-content\/uploads\/2018\/04\/mihe_maerkischeumfahrt_06_Gru\u0308nheide-Mark-_Mu\u0308ggelspree.jpg\" alt=\"Gru\u0308nheide (Mark) \"> <noscript><img decoding=\"async\" src=\"https:\/\/www.michael-hennemann.de\/wordpress\/wp-content\/uploads\/2018\/04\/mihe_maerkischeumfahrt_06_Gru\u0308nheide-Mark-_Mu\u0308ggelspree.jpg\" alt=\"Gru\u0308nheide (Mark) \"><\/noscript> <a class=\"pb-link \" data-magnific=\"gallery-16\" data-caption=\"Gru\u0308nheide (Mark) \" rel=\"\" target=\"\" href=\"https:\/\/www.michael-hennemann.de\/wordpress\/wp-content\/uploads\/2018\/04\/mihe_maerkischeumfahrt_06_Gru\u0308nheide-Mark-_Mu\u0308ggelspree.jpg\"> <\/p>\n<div class=\"pb-overlay\" style=\"\">\n<div class=\"pb-caption-bottom\"> <span class=\"pb-title pb-caption-left\" style=\"\">Gru\u0308nheide (Mark) <\/span> <\/div>\n<\/p><\/div>\n<p> <\/a> <\/div>\n<div class=\"pb-block with-text with-social-or-text pb-landscape pb-width pb-type-image \" style=\"\" data-filters=\"\" data-colspan=\"1\" data-rowspan=\"1\" data-col=\"3\" data-row=\"0\" data-valign=\"center\" data-halign=\"center\" data-type=\"image\" data-ratio=\"1.51029098652\"> <img decoding=\"async\" class=\"pb-image skip-lazy \" src=\"data:image\/png;base64,iVBORw0KGgoAAAANSUhEUgAAAAEAAAABCAYAAAAfFcSJAAAADUlEQVR42mNkYPhfDwAChwGA60e6kgAAAABJRU5ErkJggg==\" data-pb-source=\"https:\/\/www.michael-hennemann.de\/wordpress\/wp-content\/uploads\/2018\/04\/mihe_maerkischeumfahrt_01_Leibsch_Historische-SchleusenanlgaeHistorische-Schleuse-an-der-Schleusengruppe-in-Leibsch.jpg\" alt=\"Historische Schleusengruppe in Leibsch\"> <noscript><img decoding=\"async\" src=\"https:\/\/www.michael-hennemann.de\/wordpress\/wp-content\/uploads\/2018\/04\/mihe_maerkischeumfahrt_01_Leibsch_Historische-SchleusenanlgaeHistorische-Schleuse-an-der-Schleusengruppe-in-Leibsch.jpg\" alt=\"Historische Schleusengruppe in Leibsch\"><\/noscript> <a class=\"pb-link \" data-magnific=\"gallery-16\" data-caption=\"Historische Schleusengruppe in Leibsch\" rel=\"\" target=\"\" href=\"https:\/\/www.michael-hennemann.de\/wordpress\/wp-content\/uploads\/2018\/04\/mihe_maerkischeumfahrt_01_Leibsch_Historische-SchleusenanlgaeHistorische-Schleuse-an-der-Schleusengruppe-in-Leibsch.jpg\"> <\/p>\n<div class=\"pb-overlay\" style=\"\">\n<div class=\"pb-caption-bottom\"> <span class=\"pb-title pb-caption-left\" style=\"\">Historische Schleusengruppe in Leibsch<\/span> <\/div>\n<\/p><\/div>\n<p> <\/a> <\/div>\n<div class=\"pb-block with-text with-social-or-text pb-landscape pb-width pb-type-image \" style=\"\" data-filters=\"\" data-colspan=\"1\" data-rowspan=\"1\" data-col=\"2\" data-row=\"1\" data-valign=\"center\" data-halign=\"center\" data-type=\"image\" data-ratio=\"1.5\"> <img decoding=\"async\" class=\"pb-image skip-lazy \" src=\"data:image\/png;base64,iVBORw0KGgoAAAANSUhEUgAAAAEAAAABCAYAAAAfFcSJAAAADUlEQVR42mNkYPhfDwAChwGA60e6kgAAAABJRU5ErkJggg==\" data-pb-source=\"https:\/\/www.michael-hennemann.de\/wordpress\/wp-content\/uploads\/2018\/04\/mihe_maerkischeumfahrt_03_Beeskow-_Marienkirche.jpg\" alt=\"Marienkirche Beeskow\"> <noscript><img decoding=\"async\" src=\"https:\/\/www.michael-hennemann.de\/wordpress\/wp-content\/uploads\/2018\/04\/mihe_maerkischeumfahrt_03_Beeskow-_Marienkirche.jpg\" alt=\"Marienkirche Beeskow\"><\/noscript> <a class=\"pb-link \" data-magnific=\"gallery-16\" data-caption=\"Marienkirche Beeskow\" rel=\"\" target=\"\" href=\"https:\/\/www.michael-hennemann.de\/wordpress\/wp-content\/uploads\/2018\/04\/mihe_maerkischeumfahrt_03_Beeskow-_Marienkirche.jpg\"> <\/p>\n<div class=\"pb-overlay\" style=\"\">\n<div class=\"pb-caption-bottom\"> <span class=\"pb-title pb-caption-left\" style=\"\">Marienkirche Beeskow<\/span> <\/div>\n<\/p><\/div>\n<p> <\/a> <\/div>\n<div class=\"pb-block with-text with-social-or-text pb-landscape pb-width pb-type-image \" style=\"\" data-filters=\"\" data-colspan=\"1\" data-rowspan=\"1\" data-col=\"3\" data-row=\"1\" data-valign=\"center\" data-halign=\"center\" data-type=\"image\" data-ratio=\"1.5\"> <img decoding=\"async\" class=\"pb-image skip-lazy \" src=\"data:image\/png;base64,iVBORw0KGgoAAAANSUhEUgAAAAEAAAABCAYAAAAfFcSJAAAADUlEQVR42mNkYPhfDwAChwGA60e6kgAAAABJRU5ErkJggg==\" data-pb-source=\"https:\/\/www.michael-hennemann.de\/wordpress\/wp-content\/uploads\/2018\/04\/mihe_maerkischeumfahrt_09_Gosen_Gosener-GrabenGosener-Graben-zwischen-Seddin-und-Da\u0308meritzsee.jpg\" alt=\"Libellen\"> <noscript><img decoding=\"async\" src=\"https:\/\/www.michael-hennemann.de\/wordpress\/wp-content\/uploads\/2018\/04\/mihe_maerkischeumfahrt_09_Gosen_Gosener-GrabenGosener-Graben-zwischen-Seddin-und-Da\u0308meritzsee.jpg\" alt=\"Libellen\"><\/noscript> <a class=\"pb-link \" data-magnific=\"gallery-16\" data-caption=\"Libellen\" rel=\"\" target=\"\" href=\"https:\/\/www.michael-hennemann.de\/wordpress\/wp-content\/uploads\/2018\/04\/mihe_maerkischeumfahrt_09_Gosen_Gosener-GrabenGosener-Graben-zwischen-Seddin-und-Da\u0308meritzsee.jpg\"> <\/p>\n<div class=\"pb-overlay\" style=\"\">\n<div class=\"pb-caption-bottom\"> <span class=\"pb-title pb-caption-left\" style=\"\">Libellen<\/span> <\/div>\n<\/p><\/div>\n<p> <\/a> <\/div>\n<div class=\"pb-block with-text with-social-or-text pb-portrait pb-height pb-type-image \" style=\"\" data-filters=\"\" data-colspan=\"1\" data-rowspan=\"1\" data-col=\"0\" data-row=\"2\" data-valign=\"center\" data-halign=\"center\" data-type=\"image\" data-ratio=\"0.66212406015\"> <img decoding=\"async\" class=\"pb-image skip-lazy \" src=\"data:image\/png;base64,iVBORw0KGgoAAAANSUhEUgAAAAEAAAABCAYAAAAfFcSJAAAADUlEQVR42mNkYPhfDwAChwGA60e6kgAAAABJRU5ErkJggg==\" data-pb-source=\"https:\/\/www.michael-hennemann.de\/wordpress\/wp-content\/uploads\/2018\/04\/mihe_maerkischeumfahrt_13_Storkow-Mark-Schwerin_HeimathausHeimathaus.jpg\" alt=\"Heimathaus in Storkow\"> <noscript><img decoding=\"async\" src=\"https:\/\/www.michael-hennemann.de\/wordpress\/wp-content\/uploads\/2018\/04\/mihe_maerkischeumfahrt_13_Storkow-Mark-Schwerin_HeimathausHeimathaus.jpg\" alt=\"Heimathaus in Storkow\"><\/noscript> <a class=\"pb-link \" data-magnific=\"gallery-16\" data-caption=\"Heimathaus in Storkow\" rel=\"\" target=\"\" href=\"https:\/\/www.michael-hennemann.de\/wordpress\/wp-content\/uploads\/2018\/04\/mihe_maerkischeumfahrt_13_Storkow-Mark-Schwerin_HeimathausHeimathaus.jpg\"> <\/p>\n<div class=\"pb-overlay\" style=\"\">\n<div class=\"pb-caption-bottom\"> <span class=\"pb-title pb-caption-left\" style=\"\">Heimathaus in Storkow<\/span> <\/div>\n<\/p><\/div>\n<p> <\/a> <\/div>\n<div class=\"pb-block with-text with-social-or-text pb-landscape pb-width pb-type-image \" style=\"\" data-filters=\"\" data-colspan=\"1\" data-rowspan=\"1\" data-col=\"1\" data-row=\"2\" data-valign=\"center\" data-halign=\"center\" data-type=\"image\" data-ratio=\"1.5\"> <img decoding=\"async\" class=\"pb-image skip-lazy \" src=\"data:image\/png;base64,iVBORw0KGgoAAAANSUhEUgAAAAEAAAABCAYAAAAfFcSJAAAADUlEQVR42mNkYPhfDwAChwGA60e6kgAAAABJRU5ErkJggg==\" data-pb-source=\"https:\/\/www.michael-hennemann.de\/wordpress\/wp-content\/uploads\/2018\/04\/mihe_maerkischeumfahrt_07_Hangelsberg_Ma\u0308rkische-UmfahrtMu\u0308ggelspree-bei-Hangelsberg.jpg\" alt=\"Mu\u0308ggelspree bei Hangelsberg\"> <noscript><img decoding=\"async\" src=\"https:\/\/www.michael-hennemann.de\/wordpress\/wp-content\/uploads\/2018\/04\/mihe_maerkischeumfahrt_07_Hangelsberg_Ma\u0308rkische-UmfahrtMu\u0308ggelspree-bei-Hangelsberg.jpg\" alt=\"Mu\u0308ggelspree bei Hangelsberg\"><\/noscript> <a class=\"pb-link \" data-magnific=\"gallery-16\" data-caption=\"Mu\u0308ggelspree bei Hangelsberg\" rel=\"\" target=\"\" href=\"https:\/\/www.michael-hennemann.de\/wordpress\/wp-content\/uploads\/2018\/04\/mihe_maerkischeumfahrt_07_Hangelsberg_Ma\u0308rkische-UmfahrtMu\u0308ggelspree-bei-Hangelsberg.jpg\"> <\/p>\n<div class=\"pb-overlay\" style=\"\">\n<div class=\"pb-caption-bottom\"> <span class=\"pb-title pb-caption-left\" style=\"\">Mu\u0308ggelspree bei Hangelsberg<\/span> <\/div>\n<\/p><\/div>\n<p> <\/a> <\/div>\n<div class=\"pb-block with-text with-social-or-text pb-landscape pb-width pb-type-image \" style=\"\" data-filters=\"\" data-colspan=\"1\" data-rowspan=\"1\" data-col=\"2\" data-row=\"2\" data-valign=\"center\" data-halign=\"center\" data-type=\"image\" data-ratio=\"1.51029098652\"> <img decoding=\"async\" class=\"pb-image skip-lazy \" src=\"data:image\/png;base64,iVBORw0KGgoAAAANSUhEUgAAAAEAAAABCAYAAAAfFcSJAAAADUlEQVR42mNkYPhfDwAChwGA60e6kgAAAABJRU5ErkJggg==\" data-pb-source=\"https:\/\/www.michael-hennemann.de\/wordpress\/wp-content\/uploads\/2018\/04\/mihe_maerkischeumfahrt_04_Beeskow_A\u0308ltestes-HausDas-a\u0308lteste-Haus-in-der-Kirchgasse.jpg\" alt=\"Kirchgasse Beeskow\"> <noscript><img decoding=\"async\" src=\"https:\/\/www.michael-hennemann.de\/wordpress\/wp-content\/uploads\/2018\/04\/mihe_maerkischeumfahrt_04_Beeskow_A\u0308ltestes-HausDas-a\u0308lteste-Haus-in-der-Kirchgasse.jpg\" alt=\"Kirchgasse Beeskow\"><\/noscript> <a class=\"pb-link \" data-magnific=\"gallery-16\" data-caption=\"Kirchgasse Beeskow\" rel=\"\" target=\"\" href=\"https:\/\/www.michael-hennemann.de\/wordpress\/wp-content\/uploads\/2018\/04\/mihe_maerkischeumfahrt_04_Beeskow_A\u0308ltestes-HausDas-a\u0308lteste-Haus-in-der-Kirchgasse.jpg\"> <\/p>\n<div class=\"pb-overlay\" style=\"\">\n<div class=\"pb-caption-bottom\"> <span class=\"pb-title pb-caption-left\" style=\"\">Kirchgasse Beeskow<\/span> <\/div>\n<\/p><\/div>\n<p> <\/a> <\/div>\n<div class=\"pb-block with-text with-social-or-text pb-landscape pb-width pb-type-image \" style=\"\" data-filters=\"\" data-colspan=\"1\" data-rowspan=\"1\" data-col=\"3\" data-row=\"2\" data-valign=\"center\" data-halign=\"center\" data-type=\"image\" data-ratio=\"1.51029098652\"> <img decoding=\"async\" class=\"pb-image skip-lazy \" src=\"data:image\/png;base64,iVBORw0KGgoAAAANSUhEUgAAAAEAAAABCAYAAAAfFcSJAAAADUlEQVR42mNkYPhfDwAChwGA60e6kgAAAABJRU5ErkJggg==\" data-pb-source=\"https:\/\/www.michael-hennemann.de\/wordpress\/wp-content\/uploads\/2018\/04\/mihe_maerkischeumfahrt_14_Trebatsch_Ma\u0308rkische-UmfahrtWasserwanderrastplatz-Trebatsch.jpg\" alt=\"Wasserwanderrastplatz Trebatsch\"> <noscript><img decoding=\"async\" src=\"https:\/\/www.michael-hennemann.de\/wordpress\/wp-content\/uploads\/2018\/04\/mihe_maerkischeumfahrt_14_Trebatsch_Ma\u0308rkische-UmfahrtWasserwanderrastplatz-Trebatsch.jpg\" alt=\"Wasserwanderrastplatz Trebatsch\"><\/noscript> <a class=\"pb-link \" data-magnific=\"gallery-16\" data-caption=\"Wasserwanderrastplatz Trebatsch\" rel=\"\" target=\"\" href=\"https:\/\/www.michael-hennemann.de\/wordpress\/wp-content\/uploads\/2018\/04\/mihe_maerkischeumfahrt_14_Trebatsch_Ma\u0308rkische-UmfahrtWasserwanderrastplatz-Trebatsch.jpg\"> <\/p>\n<div class=\"pb-overlay\" style=\"\">\n<div class=\"pb-caption-bottom\"> <span class=\"pb-title pb-caption-left\" style=\"\">Wasserwanderrastplatz Trebatsch<\/span> <\/div>\n<\/p><\/div>\n<p> <\/a> <\/div>\n<div class=\"pb-block with-text with-social-or-text pb-portrait pb-height pb-type-image \" style=\"\" data-filters=\"\" data-colspan=\"1\" data-rowspan=\"1\" data-col=\"0\" data-row=\"3\" data-valign=\"center\" data-halign=\"center\" data-type=\"image\" data-ratio=\"0.66212406015\"> <img decoding=\"async\" class=\"pb-image skip-lazy \" src=\"data:image\/png;base64,iVBORw0KGgoAAAANSUhEUgAAAAEAAAABCAYAAAAfFcSJAAAADUlEQVR42mNkYPhfDwAChwGA60e6kgAAAABJRU5ErkJggg==\" data-pb-source=\"https:\/\/www.michael-hennemann.de\/wordpress\/wp-content\/uploads\/2018\/04\/mihe_maerkischeumfahrt_11_Ma\u0308rkisch-Bucholz_Wasserwanderrastplatz.jpg\" alt=\"Wasserwanderrastplatz Ma\u0308rkisch Buchholz\"> <noscript><img decoding=\"async\" src=\"https:\/\/www.michael-hennemann.de\/wordpress\/wp-content\/uploads\/2018\/04\/mihe_maerkischeumfahrt_11_Ma\u0308rkisch-Bucholz_Wasserwanderrastplatz.jpg\" alt=\"Wasserwanderrastplatz Ma\u0308rkisch Buchholz\"><\/noscript> <a class=\"pb-link \" data-magnific=\"gallery-16\" data-caption=\"Wasserwanderrastplatz Ma\u0308rkisch Buchholz\" rel=\"\" target=\"\" href=\"https:\/\/www.michael-hennemann.de\/wordpress\/wp-content\/uploads\/2018\/04\/mihe_maerkischeumfahrt_11_Ma\u0308rkisch-Bucholz_Wasserwanderrastplatz.jpg\"> <\/p>\n<div class=\"pb-overlay\" style=\"\">\n<div class=\"pb-caption-bottom\"> <span class=\"pb-title pb-caption-left\" style=\"\">Wasserwanderrastplatz Ma\u0308rkisch Buchholz<\/span> <\/div>\n<\/p><\/div>\n<p> <\/a> <\/div>\n<div class=\"pb-block with-text with-social-or-text pb-landscape pb-height pb-type-image \" style=\"\" data-filters=\"\" data-colspan=\"2\" data-rowspan=\"1\" data-col=\"1\" data-row=\"3\" data-valign=\"center\" data-halign=\"center\" data-type=\"image\" data-ratio=\"1.5\"> <img decoding=\"async\" class=\"pb-image skip-lazy \" src=\"data:image\/png;base64,iVBORw0KGgoAAAANSUhEUgAAAAEAAAABCAYAAAAfFcSJAAAADUlEQVR42mNkYPhfDwAChwGA60e6kgAAAABJRU5ErkJggg==\" data-pb-source=\"https:\/\/www.michael-hennemann.de\/wordpress\/wp-content\/uploads\/2018\/04\/mihe_maerkischeumfahrt_02_Woltersdorf_Am-FlakenseeFlakensee.jpg\" alt=\"Flakensee bei Woltersdorf\"> <noscript><img decoding=\"async\" src=\"https:\/\/www.michael-hennemann.de\/wordpress\/wp-content\/uploads\/2018\/04\/mihe_maerkischeumfahrt_02_Woltersdorf_Am-FlakenseeFlakensee.jpg\" alt=\"Flakensee bei Woltersdorf\"><\/noscript> <a class=\"pb-link \" data-magnific=\"gallery-16\" data-caption=\"Flakensee bei Woltersdorf\" rel=\"\" target=\"\" href=\"https:\/\/www.michael-hennemann.de\/wordpress\/wp-content\/uploads\/2018\/04\/mihe_maerkischeumfahrt_02_Woltersdorf_Am-FlakenseeFlakensee.jpg\"> <\/p>\n<div class=\"pb-overlay\" style=\"\">\n<div class=\"pb-caption-bottom\"> <span class=\"pb-title pb-caption-left\" style=\"\">Flakensee bei Woltersdorf<\/span> <\/div>\n<\/p><\/div>\n<p> <\/a> <\/div>\n<div class=\"pb-block with-text with-social-or-text pb-landscape pb-width pb-type-image \" style=\"\" data-filters=\"\" data-colspan=\"1\" data-rowspan=\"1\" data-col=\"3\" data-row=\"3\" data-valign=\"center\" data-halign=\"center\" data-type=\"image\" data-ratio=\"1.51029098652\"> <img decoding=\"async\" class=\"pb-image skip-lazy \" src=\"data:image\/png;base64,iVBORw0KGgoAAAANSUhEUgAAAAEAAAABCAYAAAAfFcSJAAAADUlEQVR42mNkYPhfDwAChwGA60e6kgAAAABJRU5ErkJggg==\" data-pb-source=\"https:\/\/www.michael-hennemann.de\/wordpress\/wp-content\/uploads\/2018\/04\/mihe_maerkischeumfahrt_10_Gosen_Gosener-GrabenGosener-Graben-zwischen-Seddin-und-Da\u0308meritzsee.jpg\" alt=\"Gosener Graben zwischen Seddin- und Da\u0308meritzsee\"> <noscript><img decoding=\"async\" src=\"https:\/\/www.michael-hennemann.de\/wordpress\/wp-content\/uploads\/2018\/04\/mihe_maerkischeumfahrt_10_Gosen_Gosener-GrabenGosener-Graben-zwischen-Seddin-und-Da\u0308meritzsee.jpg\" alt=\"Gosener Graben zwischen Seddin- und Da\u0308meritzsee\"><\/noscript> <a class=\"pb-link \" data-magnific=\"gallery-16\" data-caption=\"Gosener Graben zwischen Seddin- und Da\u0308meritzsee\" rel=\"\" target=\"\" href=\"https:\/\/www.michael-hennemann.de\/wordpress\/wp-content\/uploads\/2018\/04\/mihe_maerkischeumfahrt_10_Gosen_Gosener-GrabenGosener-Graben-zwischen-Seddin-und-Da\u0308meritzsee.jpg\"> <\/p>\n<div class=\"pb-overlay\" style=\"\">\n<div class=\"pb-caption-bottom\"> <span class=\"pb-title pb-caption-left\" style=\"\">Gosener Graben zwischen Seddin- und Da\u0308meritzsee<\/span> <\/div>\n<\/p><\/div>\n<p> <\/a> <\/div>\n<div class=\"pb-block with-text with-social-or-text pb-portrait pb-height pb-type-image \" style=\"\" data-filters=\"\" data-colspan=\"2\" data-rowspan=\"2\" data-col=\"0\" data-row=\"4\" data-valign=\"center\" data-halign=\"center\" data-type=\"image\" data-ratio=\"0.666666666667\"> <img decoding=\"async\" class=\"pb-image skip-lazy \" src=\"data:image\/png;base64,iVBORw0KGgoAAAANSUhEUgAAAAEAAAABCAYAAAAfFcSJAAAADUlEQVR42mNkYPhfDwAChwGA60e6kgAAAABJRU5ErkJggg==\" data-pb-source=\"https:\/\/www.michael-hennemann.de\/wordpress\/wp-content\/uploads\/2018\/04\/mihe_maerkischeumfahrt_12_Ma\u0308rkisch-Bucholz_Ma\u0308rkische-UmfahrtMa\u0308rkisch-Bucholz.jpg\" alt=\"Ma\u0308rkisch Buchholz\"> <noscript><img decoding=\"async\" src=\"https:\/\/www.michael-hennemann.de\/wordpress\/wp-content\/uploads\/2018\/04\/mihe_maerkischeumfahrt_12_Ma\u0308rkisch-Bucholz_Ma\u0308rkische-UmfahrtMa\u0308rkisch-Bucholz.jpg\" alt=\"Ma\u0308rkisch Buchholz\"><\/noscript> <a class=\"pb-link \" data-magnific=\"gallery-16\" data-caption=\"Ma\u0308rkisch Buchholz\" rel=\"\" target=\"\" href=\"https:\/\/www.michael-hennemann.de\/wordpress\/wp-content\/uploads\/2018\/04\/mihe_maerkischeumfahrt_12_Ma\u0308rkisch-Bucholz_Ma\u0308rkische-UmfahrtMa\u0308rkisch-Bucholz.jpg\"> <\/p>\n<div class=\"pb-overlay\" style=\"\">\n<div class=\"pb-caption-bottom\"> <span class=\"pb-title pb-caption-left\" style=\"\">Ma\u0308rkisch Buchholz<\/span> <\/div>\n<\/p><\/div>\n<p> <\/a> <\/div>\n<div class=\"pb-block with-text with-social-or-text pb-landscape pb-width pb-type-image \" style=\"\" data-filters=\"\" data-colspan=\"1\" data-rowspan=\"1\" data-col=\"2\" data-row=\"4\" data-valign=\"center\" data-halign=\"center\" data-type=\"image\" data-ratio=\"1.51029098652\"> <img decoding=\"async\" class=\"pb-image skip-lazy \" src=\"data:image\/png;base64,iVBORw0KGgoAAAANSUhEUgAAAAEAAAABCAYAAAAfFcSJAAAADUlEQVR42mNkYPhfDwAChwGA60e6kgAAAABJRU5ErkJggg==\" data-pb-source=\"https:\/\/www.michael-hennemann.de\/wordpress\/wp-content\/uploads\/2018\/04\/mihe_maerkischeumfahrt_05_Beeskow_BurgDie-Burg-Beeskow-geht-auf-die-Zeit-der-Stadtgru\u0308ndung-durch-die-Ritter-Strele-zuru\u0308ck.jpg\" alt=\"Burg Beeskow \"> <noscript><img decoding=\"async\" src=\"https:\/\/www.michael-hennemann.de\/wordpress\/wp-content\/uploads\/2018\/04\/mihe_maerkischeumfahrt_05_Beeskow_BurgDie-Burg-Beeskow-geht-auf-die-Zeit-der-Stadtgru\u0308ndung-durch-die-Ritter-Strele-zuru\u0308ck.jpg\" alt=\"Burg Beeskow \"><\/noscript> <a class=\"pb-link \" data-magnific=\"gallery-16\" data-caption=\"Burg Beeskow \" rel=\"\" target=\"\" href=\"https:\/\/www.michael-hennemann.de\/wordpress\/wp-content\/uploads\/2018\/04\/mihe_maerkischeumfahrt_05_Beeskow_BurgDie-Burg-Beeskow-geht-auf-die-Zeit-der-Stadtgru\u0308ndung-durch-die-Ritter-Strele-zuru\u0308ck.jpg\"> <\/p>\n<div class=\"pb-overlay\" style=\"\">\n<div class=\"pb-caption-bottom\"> <span class=\"pb-title pb-caption-left\" style=\"\">Burg Beeskow <\/span> <\/div>\n<\/p><\/div>\n<p> <\/a> <\/div>\n<div class=\"pb-block with-text with-social-or-text pb-type-text \" style=\"\" data-filters=\"\" data-colspan=\"1\" data-rowspan=\"1\" data-col=\"3\" data-row=\"4\" data-type=\"text\" data-ratio=\"0\"> <a class=\"pb-link \" data-caption=\"Zur\u00fcck zur \u00dcbersicht\" rel=\"\" target=\"\" href=\"https:\/\/www.michael-hennemann.de\/wordpress\/fotogalerie\/auswahl-kanu-galerie\/\"> <\/p>\n<div class=\"pb-overlay\" style=\"\">\n<div class=\"pb-caption-middle\"> <span class=\"pb-title pb-caption-center\" style=\"\">Zur\u00fcck zur \u00dcbersicht<\/span> <\/div>\n<\/p><\/div>\n<p> <\/a> <\/div>\n<div class=\"pb-block with-text with-social-or-text pb-type-text \" style=\"rgba(37, 48, 61, 1)\" data-filters=\"\" data-colspan=\"2\" data-rowspan=\"1\" data-col=\"2\" data-row=\"5\" data-type=\"text\" data-ratio=\"0\"> <a class=\"pb-link \" data-caption=\"\" rel=\"\" target=\"\" href=\"https:\/\/www.michael-hennemann.de\/wordpress\/fotogalerie\/auswahl-kanu-galerie\/\"> <\/p>\n<div class=\"pb-overlay\" style=\"background-color: rgba(37, 48, 61, 1)\">\n<div class=\"pb-caption-top\"> <span class=\"pb-description pb-caption-left\" style=\"color: rgba(226, 226, 226, 1);font-size: 15px;\">Die M\u00e4rkische Umfahrt oder auch Spree-Dahme-Runde f\u00fchrt auf einem knapp 180 km langen Rundkurs von den n\u00f6rdlichen Ausl\u00e4ufern des Spreewalds \u00fcber die Spree bis zum Berliner Stadtrand und auf der Dahme wieder zur\u00fcck. Die Strecke ist ideal f\u00fcr einen ausgedehnten Paddelurlaub in Deutschland, gibt sich au\u00dferordentlich vielf\u00e4ltig und \u00fcberzeugt mit einer perfekten Infrastruktur. Gestartet werden kann sie an praktisch jedem der zahlreichen Wasserwanderrastpl\u00e4tze und \u00fcblich ist die Befahrung entgegen dem Uhrzeigersinn. <\/span> <\/div>\n<\/p><\/div>\n<p> <\/a> <\/div>\n<\/p><\/div>\n<\/div>\n<div id=\"photoblocks-fancybox-16\"><\/div>\n<p><script>jQuery(function () { var p = new PhotoBlocks({ selector: \"#photoblocks-16\", columns: 4, padding: 10, disable_below: 480, on: { before: function () { }, after: function () { }, refresh: function () { } }, mobile_layout: [], lazy: false, debug: false }); jQuery(\"#photoblocks-16\").magnificPopup({ delegate: \".pb-block:not(.pb-filtered) [data-magnific]\", type: \"image\", gallery: { enabled: true, preload: [0,2] }, image: { titleSrc: 'data-caption' }, mainClass: \"mfp-16\" }); });<\/script><\/p>\n","protected":false},"excerpt":{"rendered":"<p class=\"read-more\"><a href=\"https:\/\/www.michael-hennemann.de\/wordpress\/fotogalerie\/auswahl-kanu-galerie\/kanu-03-maerkische-umfahrt\/\">Weiter lesen &rarr;<\/a><\/p>","protected":false},"author":3,"featured_media":0,"parent":3706,"menu_order":0,"comment_status":"closed","ping_status":"closed","template":"page-templates\/mihe_volle-breite.php","meta":{"footnotes":""},"class_list":["post-3847","page","type-page","status-publish","hentry"],"_links":{"self":[{"href":"https:\/\/www.michael-hennemann.de\/wordpress\/wp-json\/wp\/v2\/pages\/3847","targetHints":{"allow":["GET"]}}],"collection":[{"href":"https:\/\/www.michael-hennemann.de\/wordpress\/wp-json\/wp\/v2\/pages"}],"about":[{"href":"https:\/\/www.michael-hennemann.de\/wordpress\/wp-json\/wp\/v2\/types\/page"}],"author":[{"embeddable":true,"href":"https:\/\/www.michael-hennemann.de\/wordpress\/wp-json\/wp\/v2\/users\/3"}],"replies":[{"embeddable":true,"href":"https:\/\/www.michael-hennemann.de\/wordpress\/wp-json\/wp\/v2\/comments?post=3847"}],"version-history":[{"count":0,"href":"https:\/\/www.michael-hennemann.de\/wordpress\/wp-json\/wp\/v2\/pages\/3847\/revisions"}],"up":[{"embeddable":true,"href":"https:\/\/www.michael-hennemann.de\/wordpress\/wp-json\/wp\/v2\/pages\/3706"}],"wp:attachment":[{"href":"https:\/\/www.michael-hennemann.de\/wordpress\/wp-json\/wp\/v2\/media?parent=3847"}],"curies":[{"name":"wp","href":"https:\/\/api.w.org\/{rel}","templated":true}]}}