{"id":3883,"date":"2018-05-18T07:40:00","date_gmt":"2018-05-18T07:40:00","guid":{"rendered":"https:\/\/www.michael-hennemann.de\/wordpress\/?page_id=3883"},"modified":"2018-05-18T07:40:00","modified_gmt":"2018-05-18T07:40:00","slug":"trekking-03-lykischer-weg","status":"publish","type":"page","link":"https:\/\/www.michael-hennemann.de\/wordpress\/fotogalerie\/auswahl-trekking-galerie\/trekking-03-lykischer-weg\/","title":{"rendered":"Trekking 03 Lykischer Weg"},"content":{"rendered":"<p><!-- PhotoBlocks for WordPress v1.3.3 free --><\/p>\n<style> #photoblocks-18 {width: 100%;} #photoblocks-18 .pb-block {border-color: #333333;} #photoblocks-18 .pb-title {color: rgba(226, 226, 226, 1);font-size: 20px;} #photoblocks-18 .pb-description {color: rgba(226, 226, 226, 1);font-size: 14px;} #photoblocks-18 .pb-block.pb-type-text .pb-overlay {background-color: rgba(37, 48, 61, 1);} #photoblocks-18 .pb-block.pb-type-text .pb-title, #photoblocks-18 .pb-block.pb-type-text .pb-description {color: rgba(226, 226, 226, 1);} #photoblocks-18 .pb-block.pb-type-text .pb-title {font-size: 16px;} #photoblocks-18 .pb-block.pb-type-text .pb-description {font-size: 15px;} #photoblocks-18 .pb-overlay {background: rgba(224, 37, 27, 0.01);} #photoblocks-18.pb-lift.show-empty-overlay .pb-block.pb-type-image:hover, #photoblocks-18.pb-lift .pb-block.pb-type-image.with-text:hover { box-shadow: rgba(224, 37, 27, 0.01) 0 0 20px; } #photoblocks-18 .pb-block { background-color: rgba(0, 0, 0, 0); } #photoblocks-18 .pb-block .pb-social button {color: rgba(226, 226, 226, 1);font-size: 14px;} #photoblocks-18 ul.pb-filters a.selected {} #photoblocks-18 ul.pb-filters.pb-filters-style-boxed a.selected {} .mfp-bg.mfp-18 {background-color: rgba(0, 0, 0, 0.75);} #photoblocks-18 .pb-blocks .pb-type-image {max-width: calc( 100% - 10px )}<\/style>\n<div class=\"photoblocks-gallery pb-effect-fade\" data-anim=\"fade\" id=\"photoblocks-18\">\n<div class=\"pb-blocks\">\n<div class=\"pb-block with-text with-social-or-text pb-landscape pb-width pb-type-image \" style=\"\" data-filters=\"\" data-colspan=\"1\" data-rowspan=\"1\" data-col=\"0\" data-row=\"0\" data-valign=\"center\" data-halign=\"center\" data-type=\"image\" data-ratio=\"1.5\"> <img decoding=\"async\" class=\"pb-image skip-lazy \" src=\"data:image\/png;base64,iVBORw0KGgoAAAANSUhEUgAAAAEAAAABCAYAAAAfFcSJAAAADUlEQVR42mNkYPhfDwAChwGA60e6kgAAAABJRU5ErkJggg==\" data-pb-source=\"https:\/\/www.michael-hennemann.de\/wordpress\/wp-content\/uploads\/2018\/04\/mihe_lykischer-weg_16Etappe28_Klettercamp-jo.si_.to-in-Geyikbayiri_.jpg\" alt=\"Klettercamp in Geyikbayiri\"> <noscript><img decoding=\"async\" src=\"https:\/\/www.michael-hennemann.de\/wordpress\/wp-content\/uploads\/2018\/04\/mihe_lykischer-weg_16Etappe28_Klettercamp-jo.si_.to-in-Geyikbayiri_.jpg\" alt=\"Klettercamp in Geyikbayiri\"><\/noscript> <a class=\"pb-link \" data-magnific=\"gallery-18\" data-caption=\"Klettercamp in Geyikbayiri\" rel=\"\" target=\"\" href=\"https:\/\/www.michael-hennemann.de\/wordpress\/wp-content\/uploads\/2018\/04\/mihe_lykischer-weg_16Etappe28_Klettercamp-jo.si_.to-in-Geyikbayiri_.jpg\"> <\/p>\n<div class=\"pb-overlay\" style=\"\">\n<div class=\"pb-caption-bottom\"> <span class=\"pb-title pb-caption-left\" style=\"\">Klettercamp in Geyikbayiri<\/span> <\/div>\n<\/p><\/div>\n<p> <\/a> <\/div>\n<div class=\"pb-block with-text with-social-or-text pb-landscape pb-width pb-type-image \" style=\"\" data-filters=\"\" data-colspan=\"1\" data-rowspan=\"1\" data-col=\"1\" data-row=\"0\" data-valign=\"center\" data-halign=\"center\" data-type=\"image\" data-ratio=\"1.49823321555\"> <img decoding=\"async\" class=\"pb-image skip-lazy \" src=\"data:image\/png;base64,iVBORw0KGgoAAAANSUhEUgAAAAEAAAABCAYAAAAfFcSJAAAADUlEQVR42mNkYPhfDwAChwGA60e6kgAAAABJRU5ErkJggg==\" data-pb-source=\"https:\/\/www.michael-hennemann.de\/wordpress\/wp-content\/uploads\/2018\/04\/mihe_lykischer-weg_09Lykischer-Weg-7.-Etappe-von-Patara-nach-Kalkan._Oliven-zum-Fruehstueck-in-Patara.jpg\" alt=\"T\u00fcrkisches Fr\u00fchst\u00fcck\"> <noscript><img decoding=\"async\" src=\"https:\/\/www.michael-hennemann.de\/wordpress\/wp-content\/uploads\/2018\/04\/mihe_lykischer-weg_09Lykischer-Weg-7.-Etappe-von-Patara-nach-Kalkan._Oliven-zum-Fruehstueck-in-Patara.jpg\" alt=\"T\u00fcrkisches Fr\u00fchst\u00fcck\"><\/noscript> <a class=\"pb-link \" data-magnific=\"gallery-18\" data-caption=\"T\u00fcrkisches Fr\u00fchst\u00fcck\" rel=\"\" target=\"\" href=\"https:\/\/www.michael-hennemann.de\/wordpress\/wp-content\/uploads\/2018\/04\/mihe_lykischer-weg_09Lykischer-Weg-7.-Etappe-von-Patara-nach-Kalkan._Oliven-zum-Fruehstueck-in-Patara.jpg\"> <\/p>\n<div class=\"pb-overlay\" style=\"\">\n<div class=\"pb-caption-bottom\"> <span class=\"pb-title pb-caption-left\" style=\"\">T\u00fcrkisches Fr\u00fchst\u00fcck<\/span> <\/div>\n<\/p><\/div>\n<p> <\/a> <\/div>\n<div class=\"pb-block with-text with-social-or-text pb-landscape pb-width pb-type-image \" style=\"\" data-filters=\"\" data-colspan=\"1\" data-rowspan=\"1\" data-col=\"2\" data-row=\"0\" data-valign=\"center\" data-halign=\"center\" data-type=\"image\" data-ratio=\"1.49435028249\"> <img decoding=\"async\" class=\"pb-image skip-lazy \" src=\"data:image\/png;base64,iVBORw0KGgoAAAANSUhEUgAAAAEAAAABCAYAAAAfFcSJAAAADUlEQVR42mNkYPhfDwAChwGA60e6kgAAAABJRU5ErkJggg==\" data-pb-source=\"https:\/\/www.michael-hennemann.de\/wordpress\/wp-content\/uploads\/2018\/04\/mihe_lykischer-weg_05Lykischer-Weg-1.-Etappe-von-Fethiye-nach-Kabak_Aufstieg-von-Fethiye-in-Richtung-Faralya-auf-alten-Maultierpfaden.jpg\" alt=\"Aufstieg von Fethiye in Richtung Faralya \"> <noscript><img decoding=\"async\" src=\"https:\/\/www.michael-hennemann.de\/wordpress\/wp-content\/uploads\/2018\/04\/mihe_lykischer-weg_05Lykischer-Weg-1.-Etappe-von-Fethiye-nach-Kabak_Aufstieg-von-Fethiye-in-Richtung-Faralya-auf-alten-Maultierpfaden.jpg\" alt=\"Aufstieg von Fethiye in Richtung Faralya \"><\/noscript> <a class=\"pb-link \" data-magnific=\"gallery-18\" data-caption=\"Aufstieg von Fethiye in Richtung Faralya \" rel=\"\" target=\"\" href=\"https:\/\/www.michael-hennemann.de\/wordpress\/wp-content\/uploads\/2018\/04\/mihe_lykischer-weg_05Lykischer-Weg-1.-Etappe-von-Fethiye-nach-Kabak_Aufstieg-von-Fethiye-in-Richtung-Faralya-auf-alten-Maultierpfaden.jpg\"> <\/p>\n<div class=\"pb-overlay\" style=\"\">\n<div class=\"pb-caption-bottom\"> <span class=\"pb-title pb-caption-left\" style=\"\">Aufstieg von Fethiye in Richtung Faralya <\/span> <\/div>\n<\/p><\/div>\n<p> <\/a> <\/div>\n<div class=\"pb-block with-text with-social-or-text pb-landscape pb-width pb-type-image \" style=\"\" data-filters=\"\" data-colspan=\"1\" data-rowspan=\"1\" data-col=\"3\" data-row=\"0\" data-valign=\"center\" data-halign=\"center\" data-type=\"image\" data-ratio=\"1.50424929178\"> <img decoding=\"async\" class=\"pb-image skip-lazy \" src=\"data:image\/png;base64,iVBORw0KGgoAAAANSUhEUgAAAAEAAAABCAYAAAAfFcSJAAAADUlEQVR42mNkYPhfDwAChwGA60e6kgAAAABJRU5ErkJggg==\" data-pb-source=\"https:\/\/www.michael-hennemann.de\/wordpress\/wp-content\/uploads\/2018\/04\/mihe_lykischer-weg_01Lykischer-Weg-16.-Etappe-von-Demre-nach-Alakalise._Die-beeindruckenden-Ruinen-und-Felsgra\u0308ber-von-Myra.jpg\" alt=\"Ruinen und Felsgra\u0308ber von Myra\"> <noscript><img decoding=\"async\" src=\"https:\/\/www.michael-hennemann.de\/wordpress\/wp-content\/uploads\/2018\/04\/mihe_lykischer-weg_01Lykischer-Weg-16.-Etappe-von-Demre-nach-Alakalise._Die-beeindruckenden-Ruinen-und-Felsgra\u0308ber-von-Myra.jpg\" alt=\"Ruinen und Felsgra\u0308ber von Myra\"><\/noscript> <a class=\"pb-link \" data-magnific=\"gallery-18\" data-caption=\"Ruinen und Felsgra\u0308ber von Myra\" rel=\"\" target=\"\" href=\"https:\/\/www.michael-hennemann.de\/wordpress\/wp-content\/uploads\/2018\/04\/mihe_lykischer-weg_01Lykischer-Weg-16.-Etappe-von-Demre-nach-Alakalise._Die-beeindruckenden-Ruinen-und-Felsgra\u0308ber-von-Myra.jpg\"> <\/p>\n<div class=\"pb-overlay\" style=\"\">\n<div class=\"pb-caption-bottom\"> <span class=\"pb-title pb-caption-left\" style=\"\">Ruinen und Felsgra\u0308ber von Myra<\/span> <\/div>\n<\/p><\/div>\n<p> <\/a> <\/div>\n<div class=\"pb-block with-text with-social-or-text pb-type-text \" style=\"rgba(37, 48, 61, 1)\" data-filters=\"\" data-colspan=\"1\" data-rowspan=\"2\" data-col=\"0\" data-row=\"1\" data-type=\"text\" data-ratio=\"0\"> <a class=\"pb-link \" data-caption=\"\" rel=\"\" target=\"\" href=\"https:\/\/www.michael-hennemann.de\/wordpress\/fotogalerie\/auswahl-trekking-galerie\/\"> <\/p>\n<div class=\"pb-overlay\" style=\"background-color: rgba(37, 48, 61, 1)\">\n<div class=\"pb-caption-top\"> <span class=\"pb-description pb-caption-left\" style=\"color: rgba(226, 226, 226, 1);font-size: 15px;\">Die t\u00fcrkische S\u00fcdk\u00fcste kann nicht nur All-Inclusive-Urlaub. Nur wenige Schritte abseits der Tourismuszentren bleibt man von aufdringlichen Teppichverk\u00e4ufern verschont und seit 1999 f\u00fchrt der Lykische Weg als erster markierte Langstreckentrail des Landes mitten durch das Hinterland. Stellenweise scheint die Zeit stehen geblieben zu sein und zu Fu\u00df entdeckt man abgelegene Bergpfade, einsame Str\u00e4nde und jede Menge antike Ruinen.<\/span> <\/div>\n<\/p><\/div>\n<p> <\/a> <\/div>\n<div class=\"pb-block with-text with-social-or-text pb-landscape pb-width pb-type-image \" style=\"\" data-filters=\"\" data-colspan=\"1\" data-rowspan=\"1\" data-col=\"1\" data-row=\"1\" data-valign=\"center\" data-halign=\"center\" data-type=\"image\" data-ratio=\"1.49400141143\"> <img decoding=\"async\" class=\"pb-image skip-lazy \" src=\"data:image\/png;base64,iVBORw0KGgoAAAANSUhEUgAAAAEAAAABCAYAAAAfFcSJAAAADUlEQVR42mNkYPhfDwAChwGA60e6kgAAAABJRU5ErkJggg==\" data-pb-source=\"https:\/\/www.michael-hennemann.de\/wordpress\/wp-content\/uploads\/2018\/04\/mihe_lykischer-weg_07Lykischer-Weg-3.-Etappe-von-Gey-nach-Gavuragili_Abendstimmung-am-Strand-von-Gavuragili.jpg\" alt=\"Abendstimmung am Strand von Gavuragili\"> <noscript><img decoding=\"async\" src=\"https:\/\/www.michael-hennemann.de\/wordpress\/wp-content\/uploads\/2018\/04\/mihe_lykischer-weg_07Lykischer-Weg-3.-Etappe-von-Gey-nach-Gavuragili_Abendstimmung-am-Strand-von-Gavuragili.jpg\" alt=\"Abendstimmung am Strand von Gavuragili\"><\/noscript> <a class=\"pb-link \" data-magnific=\"gallery-18\" data-caption=\"Abendstimmung am Strand von Gavuragili\" rel=\"\" target=\"\" href=\"https:\/\/www.michael-hennemann.de\/wordpress\/wp-content\/uploads\/2018\/04\/mihe_lykischer-weg_07Lykischer-Weg-3.-Etappe-von-Gey-nach-Gavuragili_Abendstimmung-am-Strand-von-Gavuragili.jpg\"> <\/p>\n<div class=\"pb-overlay\" style=\"\">\n<div class=\"pb-caption-bottom\"> <span class=\"pb-title pb-caption-left\" style=\"\">Abendstimmung am Strand von Gavuragili<\/span> <\/div>\n<\/p><\/div>\n<p> <\/a> <\/div>\n<div class=\"pb-block with-text with-social-or-text pb-landscape pb-width pb-type-image \" style=\"\" data-filters=\"\" data-colspan=\"2\" data-rowspan=\"2\" data-col=\"2\" data-row=\"1\" data-valign=\"center\" data-halign=\"center\" data-type=\"image\" data-ratio=\"1.49435028249\"> <img decoding=\"async\" class=\"pb-image skip-lazy \" src=\"data:image\/png;base64,iVBORw0KGgoAAAANSUhEUgAAAAEAAAABCAYAAAAfFcSJAAAADUlEQVR42mNkYPhfDwAChwGA60e6kgAAAABJRU5ErkJggg==\" data-pb-source=\"https:\/\/www.michael-hennemann.de\/wordpress\/wp-content\/uploads\/2018\/04\/mihe_lykischer-weg_12.jpg\" alt=\"Zeltm\u00f6glichkeit bei G\u00f6kce\u00f6ren\"> <noscript><img decoding=\"async\" src=\"https:\/\/www.michael-hennemann.de\/wordpress\/wp-content\/uploads\/2018\/04\/mihe_lykischer-weg_12.jpg\" alt=\"Zeltm\u00f6glichkeit bei G\u00f6kce\u00f6ren\"><\/noscript> <a class=\"pb-link \" data-magnific=\"gallery-18\" data-caption=\"Zeltm\u00f6glichkeit bei G\u00f6kce\u00f6ren\" rel=\"\" target=\"\" href=\"https:\/\/www.michael-hennemann.de\/wordpress\/wp-content\/uploads\/2018\/04\/mihe_lykischer-weg_12.jpg\"> <\/p>\n<div class=\"pb-overlay\" style=\"\">\n<div class=\"pb-caption-bottom\"> <span class=\"pb-title pb-caption-left\" style=\"\">Zeltm\u00f6glichkeit bei G\u00f6kce\u00f6ren<\/span> <\/div>\n<\/p><\/div>\n<p> <\/a> <\/div>\n<div class=\"pb-block with-text with-social-or-text pb-landscape pb-width pb-type-image \" style=\"\" data-filters=\"\" data-colspan=\"1\" data-rowspan=\"1\" data-col=\"1\" data-row=\"2\" data-valign=\"center\" data-halign=\"center\" data-type=\"image\" data-ratio=\"1.5\"> <img decoding=\"async\" class=\"pb-image skip-lazy \" src=\"data:image\/png;base64,iVBORw0KGgoAAAANSUhEUgAAAAEAAAABCAYAAAAfFcSJAAAADUlEQVR42mNkYPhfDwAChwGA60e6kgAAAABJRU5ErkJggg==\" data-pb-source=\"https:\/\/www.michael-hennemann.de\/wordpress\/wp-content\/uploads\/2018\/04\/mihe_lykischer-weg_14Etappe23b-Kuestenroute-Cirali-Tekirova_.jpg\" alt=\"Auf der K\u00fcstenroute von Cirali nach Tekirova\"> <noscript><img decoding=\"async\" src=\"https:\/\/www.michael-hennemann.de\/wordpress\/wp-content\/uploads\/2018\/04\/mihe_lykischer-weg_14Etappe23b-Kuestenroute-Cirali-Tekirova_.jpg\" alt=\"Auf der K\u00fcstenroute von Cirali nach Tekirova\"><\/noscript> <a class=\"pb-link \" data-magnific=\"gallery-18\" data-caption=\"Auf der K\u00fcstenroute von Cirali nach Tekirova\" rel=\"\" target=\"\" href=\"https:\/\/www.michael-hennemann.de\/wordpress\/wp-content\/uploads\/2018\/04\/mihe_lykischer-weg_14Etappe23b-Kuestenroute-Cirali-Tekirova_.jpg\"> <\/p>\n<div class=\"pb-overlay\" style=\"\">\n<div class=\"pb-caption-bottom\"> <span class=\"pb-title pb-caption-left\" style=\"\">Auf der K\u00fcstenroute von Cirali nach Tekirova<\/span> <\/div>\n<\/p><\/div>\n<p> <\/a> <\/div>\n<div class=\"pb-block with-text with-social-or-text pb-landscape pb-width pb-type-image \" style=\"\" data-filters=\"\" data-colspan=\"3\" data-rowspan=\"1\" data-col=\"0\" data-row=\"3\" data-valign=\"center\" data-halign=\"center\" data-type=\"image\" data-ratio=\"3.5825136612\"> <img decoding=\"async\" class=\"pb-image skip-lazy \" src=\"data:image\/png;base64,iVBORw0KGgoAAAANSUhEUgAAAAEAAAABCAYAAAAfFcSJAAAADUlEQVR42mNkYPhfDwAChwGA60e6kgAAAABJRU5ErkJggg==\" data-pb-source=\"https:\/\/www.michael-hennemann.de\/wordpress\/wp-content\/uploads\/2018\/04\/mihe_lykischer-weg_04.jpg\" alt=\"Hafen und Altstadt von Antalya\"> <noscript><img decoding=\"async\" src=\"https:\/\/www.michael-hennemann.de\/wordpress\/wp-content\/uploads\/2018\/04\/mihe_lykischer-weg_04.jpg\" alt=\"Hafen und Altstadt von Antalya\"><\/noscript> <a class=\"pb-link \" data-magnific=\"gallery-18\" data-caption=\"Hafen und Altstadt von Antalya\" rel=\"\" target=\"\" href=\"https:\/\/www.michael-hennemann.de\/wordpress\/wp-content\/uploads\/2018\/04\/mihe_lykischer-weg_04.jpg\"> <\/p>\n<div class=\"pb-overlay\" style=\"\">\n<div class=\"pb-caption-bottom\"> <span class=\"pb-title pb-caption-left\" style=\"\">Hafen und Altstadt von Antalya<\/span> <\/div>\n<\/p><\/div>\n<p> <\/a> <\/div>\n<div class=\"pb-block with-text with-social-or-text pb-landscape pb-width pb-type-image \" style=\"\" data-filters=\"\" data-colspan=\"1\" data-rowspan=\"1\" data-col=\"3\" data-row=\"3\" data-valign=\"center\" data-halign=\"center\" data-type=\"image\" data-ratio=\"1.49435028249\"> <img decoding=\"async\" class=\"pb-image skip-lazy \" src=\"data:image\/png;base64,iVBORw0KGgoAAAANSUhEUgAAAAEAAAABCAYAAAAfFcSJAAAADUlEQVR42mNkYPhfDwAChwGA60e6kgAAAABJRU5ErkJggg==\" data-pb-source=\"https:\/\/www.michael-hennemann.de\/wordpress\/wp-content\/uploads\/2018\/04\/mihe_lykischer-weg_06Lykischer-Weg-2.-Etappe-von-Kabak-nach-Gey._5-km-hinter-Kabak-belohnt-ein-herrlicher-Aussichstpunkt-u\u0308ber-die-Ku\u0308ste-den-schwei\u00dftreibenden-Aufstieg.jpg\" alt=\"Aussicht bei Kabak\"> <noscript><img decoding=\"async\" src=\"https:\/\/www.michael-hennemann.de\/wordpress\/wp-content\/uploads\/2018\/04\/mihe_lykischer-weg_06Lykischer-Weg-2.-Etappe-von-Kabak-nach-Gey._5-km-hinter-Kabak-belohnt-ein-herrlicher-Aussichstpunkt-u\u0308ber-die-Ku\u0308ste-den-schwei\u00dftreibenden-Aufstieg.jpg\" alt=\"Aussicht bei Kabak\"><\/noscript> <a class=\"pb-link \" data-magnific=\"gallery-18\" data-caption=\"Aussicht bei Kabak\" rel=\"\" target=\"\" href=\"https:\/\/www.michael-hennemann.de\/wordpress\/wp-content\/uploads\/2018\/04\/mihe_lykischer-weg_06Lykischer-Weg-2.-Etappe-von-Kabak-nach-Gey._5-km-hinter-Kabak-belohnt-ein-herrlicher-Aussichstpunkt-u\u0308ber-die-Ku\u0308ste-den-schwei\u00dftreibenden-Aufstieg.jpg\"> <\/p>\n<div class=\"pb-overlay\" style=\"\">\n<div class=\"pb-caption-bottom\"> <span class=\"pb-title pb-caption-left\" style=\"\">Aussicht bei Kabak<\/span> <\/div>\n<\/p><\/div>\n<p> <\/a> <\/div>\n<div class=\"pb-block with-text with-social-or-text pb-landscape pb-width pb-type-image \" style=\"\" data-filters=\"\" data-colspan=\"1\" data-rowspan=\"1\" data-col=\"0\" data-row=\"4\" data-valign=\"center\" data-halign=\"center\" data-type=\"image\" data-ratio=\"1.49435028249\"> <img decoding=\"async\" class=\"pb-image skip-lazy \" src=\"data:image\/png;base64,iVBORw0KGgoAAAANSUhEUgAAAAEAAAABCAYAAAAfFcSJAAAADUlEQVR42mNkYPhfDwAChwGA60e6kgAAAABJRU5ErkJggg==\" data-pb-source=\"https:\/\/www.michael-hennemann.de\/wordpress\/wp-content\/uploads\/2018\/04\/mihe_lykischer-weg_10Lykischer-Weg-6.-Etappe-von-Akbel-nach-Patara._Die-Ruinen-von-Patara.jpg\" alt=\"Ruinen von Patara\"> <noscript><img decoding=\"async\" src=\"https:\/\/www.michael-hennemann.de\/wordpress\/wp-content\/uploads\/2018\/04\/mihe_lykischer-weg_10Lykischer-Weg-6.-Etappe-von-Akbel-nach-Patara._Die-Ruinen-von-Patara.jpg\" alt=\"Ruinen von Patara\"><\/noscript> <a class=\"pb-link \" data-magnific=\"gallery-18\" data-caption=\"Ruinen von Patara\" rel=\"\" target=\"\" href=\"https:\/\/www.michael-hennemann.de\/wordpress\/wp-content\/uploads\/2018\/04\/mihe_lykischer-weg_10Lykischer-Weg-6.-Etappe-von-Akbel-nach-Patara._Die-Ruinen-von-Patara.jpg\"> <\/p>\n<div class=\"pb-overlay\" style=\"\">\n<div class=\"pb-caption-bottom\"> <span class=\"pb-title pb-caption-left\" style=\"\">Ruinen von Patara<\/span> <\/div>\n<\/p><\/div>\n<p> <\/a> <\/div>\n<div class=\"pb-block with-text with-social-or-text pb-landscape pb-width pb-type-image \" style=\"\" data-filters=\"\" data-colspan=\"1\" data-rowspan=\"1\" data-col=\"1\" data-row=\"4\" data-valign=\"center\" data-halign=\"center\" data-type=\"image\" data-ratio=\"1.49435028249\"> <img decoding=\"async\" class=\"pb-image skip-lazy \" src=\"data:image\/png;base64,iVBORw0KGgoAAAANSUhEUgAAAAEAAAABCAYAAAAfFcSJAAAADUlEQVR42mNkYPhfDwAChwGA60e6kgAAAABJRU5ErkJggg==\" data-pb-source=\"https:\/\/www.michael-hennemann.de\/wordpress\/wp-content\/uploads\/2018\/04\/mihe_lykischer-weg_08Lykischer-Weg-5.Etappe-von-Kinik-nach-Akbel_Die-Ruinen-von-Xanthos.jpg\" alt=\"Die Ruinen von Xanthos\"> <noscript><img decoding=\"async\" src=\"https:\/\/www.michael-hennemann.de\/wordpress\/wp-content\/uploads\/2018\/04\/mihe_lykischer-weg_08Lykischer-Weg-5.Etappe-von-Kinik-nach-Akbel_Die-Ruinen-von-Xanthos.jpg\" alt=\"Die Ruinen von Xanthos\"><\/noscript> <a class=\"pb-link \" data-magnific=\"gallery-18\" data-caption=\"Die Ruinen von Xanthos\" rel=\"\" target=\"\" href=\"https:\/\/www.michael-hennemann.de\/wordpress\/wp-content\/uploads\/2018\/04\/mihe_lykischer-weg_08Lykischer-Weg-5.Etappe-von-Kinik-nach-Akbel_Die-Ruinen-von-Xanthos.jpg\"> <\/p>\n<div class=\"pb-overlay\" style=\"\">\n<div class=\"pb-caption-bottom\"> <span class=\"pb-title pb-caption-left\" style=\"\">Die Ruinen von Xanthos<\/span> <\/div>\n<\/p><\/div>\n<p> <\/a> <\/div>\n<div class=\"pb-block with-text with-social-or-text pb-landscape pb-width pb-type-image \" style=\"\" data-filters=\"\" data-colspan=\"1\" data-rowspan=\"1\" data-col=\"2\" data-row=\"4\" data-valign=\"center\" data-halign=\"center\" data-type=\"image\" data-ratio=\"1.5\"> <img decoding=\"async\" class=\"pb-image skip-lazy \" src=\"data:image\/png;base64,iVBORw0KGgoAAAANSUhEUgAAAAEAAAABCAYAAAAfFcSJAAAADUlEQVR42mNkYPhfDwAChwGA60e6kgAAAABJRU5ErkJggg==\" data-pb-source=\"https:\/\/www.michael-hennemann.de\/wordpress\/wp-content\/uploads\/2018\/04\/mihe_lykischer-weg_15Etappe27_Masal-Refuge-in-Citibi_.jpg\" alt=\"Masal Refuge in Citibi\"> <noscript><img decoding=\"async\" src=\"https:\/\/www.michael-hennemann.de\/wordpress\/wp-content\/uploads\/2018\/04\/mihe_lykischer-weg_15Etappe27_Masal-Refuge-in-Citibi_.jpg\" alt=\"Masal Refuge in Citibi\"><\/noscript> <a class=\"pb-link \" data-magnific=\"gallery-18\" data-caption=\"Masal Refuge in Citibi\" rel=\"\" target=\"\" href=\"https:\/\/www.michael-hennemann.de\/wordpress\/wp-content\/uploads\/2018\/04\/mihe_lykischer-weg_15Etappe27_Masal-Refuge-in-Citibi_.jpg\"> <\/p>\n<div class=\"pb-overlay\" style=\"\">\n<div class=\"pb-caption-bottom\"> <span class=\"pb-title pb-caption-left\" style=\"\">Masal Refuge in Citibi<\/span> <\/div>\n<\/p><\/div>\n<p> <\/a> <\/div>\n<div class=\"pb-block with-text with-social-or-text pb-landscape pb-width pb-type-image \" style=\"\" data-filters=\"\" data-colspan=\"1\" data-rowspan=\"1\" data-col=\"3\" data-row=\"4\" data-valign=\"center\" data-halign=\"center\" data-type=\"image\" data-ratio=\"1.5\"> <img decoding=\"async\" class=\"pb-image skip-lazy \" src=\"data:image\/png;base64,iVBORw0KGgoAAAANSUhEUgAAAAEAAAABCAYAAAAfFcSJAAAADUlEQVR42mNkYPhfDwAChwGA60e6kgAAAABJRU5ErkJggg==\" data-pb-source=\"https:\/\/www.michael-hennemann.de\/wordpress\/wp-content\/uploads\/2018\/04\/mihe_lykischer-weg_13Etappe13_Kas_.jpg\" alt=\"Antikes Theater in Kas\"> <noscript><img decoding=\"async\" src=\"https:\/\/www.michael-hennemann.de\/wordpress\/wp-content\/uploads\/2018\/04\/mihe_lykischer-weg_13Etappe13_Kas_.jpg\" alt=\"Antikes Theater in Kas\"><\/noscript> <a class=\"pb-link \" data-magnific=\"gallery-18\" data-caption=\"Antikes Theater in Kas\" rel=\"\" target=\"\" href=\"https:\/\/www.michael-hennemann.de\/wordpress\/wp-content\/uploads\/2018\/04\/mihe_lykischer-weg_13Etappe13_Kas_.jpg\"> <\/p>\n<div class=\"pb-overlay\" style=\"\">\n<div class=\"pb-caption-bottom\"> <span class=\"pb-title pb-caption-left\" style=\"\">Antikes Theater in Kas<\/span> <\/div>\n<\/p><\/div>\n<p> <\/a> <\/div>\n<div class=\"pb-block with-text with-social-or-text pb-landscape pb-height pb-type-image \" style=\"\" data-filters=\"\" data-colspan=\"2\" data-rowspan=\"1\" data-col=\"0\" data-row=\"5\" data-valign=\"center\" data-halign=\"center\" data-type=\"image\" data-ratio=\"1.52387740556\"> <img decoding=\"async\" class=\"pb-image skip-lazy \" src=\"data:image\/png;base64,iVBORw0KGgoAAAANSUhEUgAAAAEAAAABCAYAAAAfFcSJAAAADUlEQVR42mNkYPhfDwAChwGA60e6kgAAAABJRU5ErkJggg==\" data-pb-source=\"https:\/\/www.michael-hennemann.de\/wordpress\/wp-content\/uploads\/2018\/04\/mihe_lykischer-weg_02Lykischer-Weg-23b.-Etappe-Ku\u0308stenroute_Die-Ewigen-Flammen-von-Cirali-Chimaira-brennen-seit-dem-Altertum.jpg\" alt=\"Die Ewigen Flammen von Cirali (Chimaira) \"> <noscript><img decoding=\"async\" src=\"https:\/\/www.michael-hennemann.de\/wordpress\/wp-content\/uploads\/2018\/04\/mihe_lykischer-weg_02Lykischer-Weg-23b.-Etappe-Ku\u0308stenroute_Die-Ewigen-Flammen-von-Cirali-Chimaira-brennen-seit-dem-Altertum.jpg\" alt=\"Die Ewigen Flammen von Cirali (Chimaira) \"><\/noscript> <a class=\"pb-link \" data-magnific=\"gallery-18\" data-caption=\"Die Ewigen Flammen von Cirali (Chimaira) \" rel=\"\" target=\"\" href=\"https:\/\/www.michael-hennemann.de\/wordpress\/wp-content\/uploads\/2018\/04\/mihe_lykischer-weg_02Lykischer-Weg-23b.-Etappe-Ku\u0308stenroute_Die-Ewigen-Flammen-von-Cirali-Chimaira-brennen-seit-dem-Altertum.jpg\"> <\/p>\n<div class=\"pb-overlay\" style=\"\">\n<div class=\"pb-caption-bottom\"> <span class=\"pb-title pb-caption-left\" style=\"\">Die Ewigen Flammen von Cirali (Chimaira) <\/span> <\/div>\n<\/p><\/div>\n<p> <\/a> <\/div>\n<div class=\"pb-block with-text with-social-or-text pb-landscape pb-width pb-type-image \" style=\"\" data-filters=\"\" data-colspan=\"2\" data-rowspan=\"1\" data-col=\"2\" data-row=\"5\" data-valign=\"center\" data-halign=\"center\" data-type=\"image\" data-ratio=\"2.17361702128\"> <img decoding=\"async\" class=\"pb-image skip-lazy \" src=\"data:image\/png;base64,iVBORw0KGgoAAAANSUhEUgAAAAEAAAABCAYAAAAfFcSJAAAADUlEQVR42mNkYPhfDwAChwGA60e6kgAAAABJRU5ErkJggg==\" data-pb-source=\"https:\/\/www.michael-hennemann.de\/wordpress\/wp-content\/uploads\/2018\/04\/mihe_lykischer-weg_11Lykischer-Weg-8.Etappe-von-Kalkan-nach-Bezirgan._Der-Aufstieg-von-Kalkan-nach-Bezirgan.jpg\" alt=\"Aufstieg von Kalkan nach Bezirgan\"> <noscript><img decoding=\"async\" src=\"https:\/\/www.michael-hennemann.de\/wordpress\/wp-content\/uploads\/2018\/04\/mihe_lykischer-weg_11Lykischer-Weg-8.Etappe-von-Kalkan-nach-Bezirgan._Der-Aufstieg-von-Kalkan-nach-Bezirgan.jpg\" alt=\"Aufstieg von Kalkan nach Bezirgan\"><\/noscript> <a class=\"pb-link \" data-magnific=\"gallery-18\" data-caption=\"Aufstieg von Kalkan nach Bezirgan\" rel=\"\" target=\"\" href=\"https:\/\/www.michael-hennemann.de\/wordpress\/wp-content\/uploads\/2018\/04\/mihe_lykischer-weg_11Lykischer-Weg-8.Etappe-von-Kalkan-nach-Bezirgan._Der-Aufstieg-von-Kalkan-nach-Bezirgan.jpg\"> <\/p>\n<div class=\"pb-overlay\" style=\"\">\n<div class=\"pb-caption-bottom\"> <span class=\"pb-title pb-caption-left\" style=\"\">Aufstieg von Kalkan nach Bezirgan<\/span> <\/div>\n<\/p><\/div>\n<p> <\/a> <\/div>\n<div class=\"pb-block with-text with-social-or-text pb-type-text \" style=\"\" data-filters=\"\" data-colspan=\"1\" data-rowspan=\"1\" data-col=\"0\" data-row=\"6\" data-type=\"text\" data-ratio=\"0\"> <a class=\"pb-link \" data-caption=\"Zur\u00fcck zur \u00dcbersicht\" rel=\"\" target=\"\" href=\"https:\/\/www.michael-hennemann.de\/wordpress\/fotogalerie\/auswahl-trekking-galerie\/\"> <\/p>\n<div class=\"pb-overlay\" style=\"\">\n<div class=\"pb-caption-middle\"> <span class=\"pb-title pb-caption-center\" style=\"\">Zur\u00fcck zur \u00dcbersicht<\/span> <\/div>\n<\/p><\/div>\n<p> <\/a> <\/div>\n<\/p><\/div>\n<\/div>\n<div id=\"photoblocks-fancybox-18\"><\/div>\n<p><script>jQuery(function () { var p = new PhotoBlocks({ selector: \"#photoblocks-18\", columns: 4, padding: 10, disable_below: 480, on: { before: function () { }, after: function () { }, refresh: function () { } }, mobile_layout: [], lazy: false, debug: false }); jQuery(\"#photoblocks-18\").magnificPopup({ delegate: \".pb-block:not(.pb-filtered) [data-magnific]\", type: \"image\", gallery: { enabled: true, preload: [0,2] }, image: { titleSrc: 'data-caption' }, mainClass: \"mfp-18\" }); });<\/script><\/p>\n","protected":false},"excerpt":{"rendered":"<p class=\"read-more\"><a href=\"https:\/\/www.michael-hennemann.de\/wordpress\/fotogalerie\/auswahl-trekking-galerie\/trekking-03-lykischer-weg\/\">Weiter lesen &rarr;<\/a><\/p>","protected":false},"author":3,"featured_media":0,"parent":3709,"menu_order":0,"comment_status":"closed","ping_status":"closed","template":"page-templates\/mihe_volle-breite.php","meta":{"footnotes":""},"class_list":["post-3883","page","type-page","status-publish","hentry"],"_links":{"self":[{"href":"https:\/\/www.michael-hennemann.de\/wordpress\/wp-json\/wp\/v2\/pages\/3883","targetHints":{"allow":["GET"]}}],"collection":[{"href":"https:\/\/www.michael-hennemann.de\/wordpress\/wp-json\/wp\/v2\/pages"}],"about":[{"href":"https:\/\/www.michael-hennemann.de\/wordpress\/wp-json\/wp\/v2\/types\/page"}],"author":[{"embeddable":true,"href":"https:\/\/www.michael-hennemann.de\/wordpress\/wp-json\/wp\/v2\/users\/3"}],"replies":[{"embeddable":true,"href":"https:\/\/www.michael-hennemann.de\/wordpress\/wp-json\/wp\/v2\/comments?post=3883"}],"version-history":[{"count":0,"href":"https:\/\/www.michael-hennemann.de\/wordpress\/wp-json\/wp\/v2\/pages\/3883\/revisions"}],"up":[{"embeddable":true,"href":"https:\/\/www.michael-hennemann.de\/wordpress\/wp-json\/wp\/v2\/pages\/3709"}],"wp:attachment":[{"href":"https:\/\/www.michael-hennemann.de\/wordpress\/wp-json\/wp\/v2\/media?parent=3883"}],"curies":[{"name":"wp","href":"https:\/\/api.w.org\/{rel}","templated":true}]}}