{"id":4132,"date":"2018-05-29T13:27:46","date_gmt":"2018-05-29T13:27:46","guid":{"rendered":"https:\/\/www.michael-hennemann.de\/wordpress\/?page_id=4132"},"modified":"2018-05-29T13:27:46","modified_gmt":"2018-05-29T13:27:46","slug":"kanu-08-treene","status":"publish","type":"page","link":"https:\/\/www.michael-hennemann.de\/wordpress\/fotogalerie\/auswahl-kanu-galerie\/kanu-08-treene\/","title":{"rendered":"Kanu 08 Treene"},"content":{"rendered":"<p><!-- PhotoBlocks for WordPress v1.3.3 free --><\/p>\n<style> #photoblocks-31 {width: 100%;} #photoblocks-31 .pb-block {border-color: #333333;} #photoblocks-31 .pb-title {color: rgba(226, 226, 226, 1);font-size: 20px;} #photoblocks-31 .pb-description {color: rgba(226, 226, 226, 1);font-size: 14px;} #photoblocks-31 .pb-block.pb-type-text .pb-overlay {background-color: rgba(37, 48, 61, 1);} #photoblocks-31 .pb-block.pb-type-text .pb-title, #photoblocks-31 .pb-block.pb-type-text .pb-description {color: rgba(226, 226, 226, 1);} #photoblocks-31 .pb-block.pb-type-text .pb-title {font-size: 16px;} #photoblocks-31 .pb-block.pb-type-text .pb-description {font-size: 15px;} #photoblocks-31 .pb-overlay {background: rgba(224, 37, 27, 0.01);} #photoblocks-31.pb-lift.show-empty-overlay .pb-block.pb-type-image:hover, #photoblocks-31.pb-lift .pb-block.pb-type-image.with-text:hover { box-shadow: rgba(224, 37, 27, 0.01) 0 0 20px; } #photoblocks-31 .pb-block { background-color: rgba(0, 0, 0, 0); } #photoblocks-31 .pb-block .pb-social button {color: rgba(226, 226, 226, 1);font-size: 14px;} #photoblocks-31 ul.pb-filters a.selected {} #photoblocks-31 ul.pb-filters.pb-filters-style-boxed a.selected {} .mfp-bg.mfp-31 {background-color: rgba(0, 0, 0, 0.75);} #photoblocks-31 .pb-blocks .pb-type-image {max-width: calc( 100% - 10px )}<\/style>\n<div class=\"photoblocks-gallery pb-effect-fade\" data-anim=\"fade\" id=\"photoblocks-31\">\n<div class=\"pb-blocks\">\n<div class=\"pb-block with-text with-social-or-text pb-landscape pb-height pb-type-image \" style=\"\" data-filters=\"\" data-colspan=\"3\" data-rowspan=\"2\" data-col=\"0\" data-row=\"0\" data-valign=\"center\" data-halign=\"center\" data-type=\"image\" data-ratio=\"1.49435028249\"> <img decoding=\"async\" class=\"pb-image skip-lazy \" src=\"data:image\/png;base64,iVBORw0KGgoAAAANSUhEUgAAAAEAAAABCAYAAAAfFcSJAAAADUlEQVR42mNkYPhfDwAChwGA60e6kgAAAABJRU5ErkJggg==\" data-pb-source=\"https:\/\/www.michael-hennemann.de\/wordpress\/wp-content\/uploads\/2018\/04\/mihe_treene_04___.jpg\" alt=\"Treenedeich bei Freesendelf\"> <noscript><img decoding=\"async\" src=\"https:\/\/www.michael-hennemann.de\/wordpress\/wp-content\/uploads\/2018\/04\/mihe_treene_04___.jpg\" alt=\"Treenedeich bei Freesendelf\"><\/noscript> <a class=\"pb-link \" data-magnific=\"gallery-31\" data-caption=\"Treenedeich bei Freesendelf\" rel=\"\" target=\"\" href=\"https:\/\/www.michael-hennemann.de\/wordpress\/wp-content\/uploads\/2018\/04\/mihe_treene_04___.jpg\"> <\/p>\n<div class=\"pb-overlay\" style=\"\">\n<div class=\"pb-caption-bottom\"> <span class=\"pb-title pb-caption-left\" style=\"\">Treenedeich bei Freesendelf<\/span> <\/div>\n<\/p><\/div>\n<p> <\/a> <\/div>\n<div class=\"pb-block with-text with-social-or-text pb-landscape pb-width pb-type-image \" style=\"\" data-filters=\"\" data-colspan=\"1\" data-rowspan=\"1\" data-col=\"3\" data-row=\"0\" data-valign=\"center\" data-halign=\"center\" data-type=\"image\" data-ratio=\"1.50424929178\"> <img decoding=\"async\" class=\"pb-image skip-lazy \" src=\"data:image\/png;base64,iVBORw0KGgoAAAANSUhEUgAAAAEAAAABCAYAAAAfFcSJAAAADUlEQVR42mNkYPhfDwAChwGA60e6kgAAAABJRU5ErkJggg==\" data-pb-source=\"https:\/\/www.michael-hennemann.de\/wordpress\/wp-content\/uploads\/2018\/04\/mihe_treene_01_Treia_Neugierige-K\u00b8he-verfolgen-das-Geschehen-auf-der-Treene._.jpg\" alt=\"Neugierige K\u00fche bei Treia\"> <noscript><img decoding=\"async\" src=\"https:\/\/www.michael-hennemann.de\/wordpress\/wp-content\/uploads\/2018\/04\/mihe_treene_01_Treia_Neugierige-K\u00b8he-verfolgen-das-Geschehen-auf-der-Treene._.jpg\" alt=\"Neugierige K\u00fche bei Treia\"><\/noscript> <a class=\"pb-link \" data-magnific=\"gallery-31\" data-caption=\"Neugierige K\u00fche bei Treia\" rel=\"\" target=\"\" href=\"https:\/\/www.michael-hennemann.de\/wordpress\/wp-content\/uploads\/2018\/04\/mihe_treene_01_Treia_Neugierige-K\u00b8he-verfolgen-das-Geschehen-auf-der-Treene._.jpg\"> <\/p>\n<div class=\"pb-overlay\" style=\"\">\n<div class=\"pb-caption-bottom\"> <span class=\"pb-title pb-caption-left\" style=\"\">Neugierige K\u00fche bei Treia<\/span> <\/div>\n<\/p><\/div>\n<p> <\/a> <\/div>\n<div class=\"pb-block with-text with-social-or-text pb-landscape pb-width pb-type-image \" style=\"\" data-filters=\"\" data-colspan=\"1\" data-rowspan=\"2\" data-col=\"3\" data-row=\"1\" data-valign=\"center\" data-halign=\"right\" data-type=\"image\" data-ratio=\"1.3335557038\"> <img decoding=\"async\" class=\"pb-image skip-lazy \" src=\"data:image\/png;base64,iVBORw0KGgoAAAANSUhEUgAAAAEAAAABCAYAAAAfFcSJAAAADUlEQVR42mNkYPhfDwAChwGA60e6kgAAAABJRU5ErkJggg==\" data-pb-source=\"https:\/\/www.michael-hennemann.de\/wordpress\/wp-content\/uploads\/2018\/04\/mihe_treene_10__OLYMPUS-DIGITAL-CAMERA_.jpg\" alt=\"Ein Spa\u00df f\u00fcr Gro\u00df und Klein\"> <noscript><img decoding=\"async\" src=\"https:\/\/www.michael-hennemann.de\/wordpress\/wp-content\/uploads\/2018\/04\/mihe_treene_10__OLYMPUS-DIGITAL-CAMERA_.jpg\" alt=\"Ein Spa\u00df f\u00fcr Gro\u00df und Klein\"><\/noscript> <a class=\"pb-link \" data-magnific=\"gallery-31\" data-caption=\"Ein Spa\u00df f\u00fcr Gro\u00df und Klein\" rel=\"\" target=\"\" href=\"https:\/\/www.michael-hennemann.de\/wordpress\/wp-content\/uploads\/2018\/04\/mihe_treene_10__OLYMPUS-DIGITAL-CAMERA_.jpg\"> <\/p>\n<div class=\"pb-overlay\" style=\"\">\n<div class=\"pb-caption-bottom\"> <span class=\"pb-title pb-caption-left\" style=\"\">Ein Spa\u00df f\u00fcr Gro\u00df und Klein<\/span> <\/div>\n<\/p><\/div>\n<p> <\/a> <\/div>\n<div class=\"pb-block with-text with-social-or-text pb-landscape pb-width pb-type-image \" style=\"\" data-filters=\"\" data-colspan=\"1\" data-rowspan=\"1\" data-col=\"0\" data-row=\"2\" data-valign=\"center\" data-halign=\"center\" data-type=\"image\" data-ratio=\"1.49435028249\"> <img decoding=\"async\" class=\"pb-image skip-lazy \" src=\"data:image\/png;base64,iVBORw0KGgoAAAANSUhEUgAAAAEAAAABCAYAAAAfFcSJAAAADUlEQVR42mNkYPhfDwAChwGA60e6kgAAAABJRU5ErkJggg==\" data-pb-source=\"https:\/\/www.michael-hennemann.de\/wordpress\/wp-content\/uploads\/2018\/04\/mihe_treene_03_Friedrichstadt_Treene-bei-Treia_.jpg\" alt=\"Treia\"> <noscript><img decoding=\"async\" src=\"https:\/\/www.michael-hennemann.de\/wordpress\/wp-content\/uploads\/2018\/04\/mihe_treene_03_Friedrichstadt_Treene-bei-Treia_.jpg\" alt=\"Treia\"><\/noscript> <a class=\"pb-link \" data-magnific=\"gallery-31\" data-caption=\"Treia\" rel=\"\" target=\"\" href=\"https:\/\/www.michael-hennemann.de\/wordpress\/wp-content\/uploads\/2018\/04\/mihe_treene_03_Friedrichstadt_Treene-bei-Treia_.jpg\"> <\/p>\n<div class=\"pb-overlay\" style=\"\">\n<div class=\"pb-caption-bottom\"> <span class=\"pb-title pb-caption-left\" style=\"\">Treia<\/span> <\/div>\n<\/p><\/div>\n<p> <\/a> <\/div>\n<div class=\"pb-block with-text with-social-or-text pb-type-text \" style=\"rgba(37, 48, 61, 1)\" data-filters=\"\" data-colspan=\"2\" data-rowspan=\"1\" data-col=\"1\" data-row=\"2\" data-type=\"text\" data-ratio=\"0\"> <a class=\"pb-link \" data-caption=\"\" rel=\"\" target=\"\" href=\"https:\/\/www.michael-hennemann.de\/wordpress\/fotogalerie\/auswahl-kanu-galerie\/\"> <\/p>\n<div class=\"pb-overlay\" style=\"background-color: rgba(37, 48, 61, 1)\">\n<div class=\"pb-caption-top\"> <span class=\"pb-description pb-caption-left\" style=\"color: rgba(226, 226, 226, 1);font-size: 15px;\">Die Treene ist einer der sch\u00f6nsten Kanuwanderfl\u00fcsse in Schleswig-Holstein und eignet sich ideal f\u00fcr Anf\u00e4nger und Familientouren mit Kindern. Im Oberlauf erwarten den Paddlerunz\u00e4hlige enge Kurven durch Wiesen, Weiden und einige bewaldete Abschnitte. Der Unterlauf pr\u00e4sentiert sich als breiter Marschfluss und als kr\u00f6nender Abschluss wartet die Rundfahrt auf den Grachten der \u00bbHoll\u00e4nderstadt\u00ab Friedrichstadt. <\/span> <\/div>\n<\/p><\/div>\n<p> <\/a> <\/div>\n<div class=\"pb-block with-text with-social-or-text pb-landscape pb-width pb-type-image \" style=\"\" data-filters=\"\" data-colspan=\"1\" data-rowspan=\"1\" data-col=\"0\" data-row=\"3\" data-valign=\"center\" data-halign=\"center\" data-type=\"image\" data-ratio=\"1.5\"> <img decoding=\"async\" class=\"pb-image skip-lazy \" src=\"data:image\/png;base64,iVBORw0KGgoAAAANSUhEUgAAAAEAAAABCAYAAAAfFcSJAAAADUlEQVR42mNkYPhfDwAChwGA60e6kgAAAABJRU5ErkJggg==\" data-pb-source=\"https:\/\/www.michael-hennemann.de\/wordpress\/wp-content\/uploads\/2018\/04\/mihe_treene_09___.jpg\" alt=\"Anleger in Hollingstedt\"> <noscript><img decoding=\"async\" src=\"https:\/\/www.michael-hennemann.de\/wordpress\/wp-content\/uploads\/2018\/04\/mihe_treene_09___.jpg\" alt=\"Anleger in Hollingstedt\"><\/noscript> <a class=\"pb-link \" data-magnific=\"gallery-31\" data-caption=\"Anleger in Hollingstedt\" rel=\"\" target=\"\" href=\"https:\/\/www.michael-hennemann.de\/wordpress\/wp-content\/uploads\/2018\/04\/mihe_treene_09___.jpg\"> <\/p>\n<div class=\"pb-overlay\" style=\"\">\n<div class=\"pb-caption-bottom\"> <span class=\"pb-title pb-caption-left\" style=\"\">Anleger in Hollingstedt<\/span> <\/div>\n<\/p><\/div>\n<p> <\/a> <\/div>\n<div class=\"pb-block with-text with-social-or-text pb-landscape pb-width pb-type-image \" style=\"\" data-filters=\"\" data-colspan=\"3\" data-rowspan=\"2\" data-col=\"1\" data-row=\"3\" data-valign=\"center\" data-halign=\"center\" data-type=\"image\" data-ratio=\"1.77752117013\"> <img decoding=\"async\" class=\"pb-image skip-lazy \" src=\"data:image\/png;base64,iVBORw0KGgoAAAANSUhEUgAAAAEAAAABCAYAAAAfFcSJAAAADUlEQVR42mNkYPhfDwAChwGA60e6kgAAAABJRU5ErkJggg==\" data-pb-source=\"https:\/\/www.michael-hennemann.de\/wordpress\/wp-content\/uploads\/2018\/04\/mihe_treene_06___-1.jpg\" alt=\"Bootsgasse an der Sohlschwelle hinter Treia\"> <noscript><img decoding=\"async\" src=\"https:\/\/www.michael-hennemann.de\/wordpress\/wp-content\/uploads\/2018\/04\/mihe_treene_06___-1.jpg\" alt=\"Bootsgasse an der Sohlschwelle hinter Treia\"><\/noscript> <a class=\"pb-link \" data-magnific=\"gallery-31\" data-caption=\"Bootsgasse an der Sohlschwelle hinter Treia\" rel=\"\" target=\"\" href=\"https:\/\/www.michael-hennemann.de\/wordpress\/wp-content\/uploads\/2018\/04\/mihe_treene_06___-1.jpg\"> <\/p>\n<div class=\"pb-overlay\" style=\"\">\n<div class=\"pb-caption-bottom\"> <span class=\"pb-title pb-caption-left\" style=\"\">Bootsgasse an der Sohlschwelle hinter Treia<\/span> <\/div>\n<\/p><\/div>\n<p> <\/a> <\/div>\n<div class=\"pb-block with-text with-social-or-text pb-landscape pb-width pb-type-image \" style=\"\" data-filters=\"\" data-colspan=\"1\" data-rowspan=\"1\" data-col=\"0\" data-row=\"4\" data-valign=\"center\" data-halign=\"center\" data-type=\"image\" data-ratio=\"1.5\"> <img decoding=\"async\" class=\"pb-image skip-lazy \" src=\"data:image\/png;base64,iVBORw0KGgoAAAANSUhEUgAAAAEAAAABCAYAAAAfFcSJAAAADUlEQVR42mNkYPhfDwAChwGA60e6kgAAAABJRU5ErkJggg==\" data-pb-source=\"https:\/\/www.michael-hennemann.de\/wordpress\/wp-content\/uploads\/2018\/04\/mihe_treene_11___.jpg\" alt=\"Zeltplatz Esperstoft\"> <noscript><img decoding=\"async\" src=\"https:\/\/www.michael-hennemann.de\/wordpress\/wp-content\/uploads\/2018\/04\/mihe_treene_11___.jpg\" alt=\"Zeltplatz Esperstoft\"><\/noscript> <a class=\"pb-link \" data-magnific=\"gallery-31\" data-caption=\"Zeltplatz Esperstoft\" rel=\"\" target=\"\" href=\"https:\/\/www.michael-hennemann.de\/wordpress\/wp-content\/uploads\/2018\/04\/mihe_treene_11___.jpg\"> <\/p>\n<div class=\"pb-overlay\" style=\"\">\n<div class=\"pb-caption-bottom\"> <span class=\"pb-title pb-caption-left\" style=\"\">Zeltplatz Esperstoft<\/span> <\/div>\n<\/p><\/div>\n<p> <\/a> <\/div>\n<div class=\"pb-block with-text with-social-or-text pb-landscape pb-width pb-type-image \" style=\"\" data-filters=\"\" data-colspan=\"2\" data-rowspan=\"2\" data-col=\"0\" data-row=\"5\" data-valign=\"center\" data-halign=\"center\" data-type=\"image\" data-ratio=\"1.49435028249\"> <img decoding=\"async\" class=\"pb-image skip-lazy \" src=\"data:image\/png;base64,iVBORw0KGgoAAAANSUhEUgAAAAEAAAABCAYAAAAfFcSJAAAADUlEQVR42mNkYPhfDwAChwGA60e6kgAAAABJRU5ErkJggg==\" data-pb-source=\"https:\/\/www.michael-hennemann.de\/wordpress\/wp-content\/uploads\/2018\/04\/mihe_treene_05_Friedrichstadt_Treene-in-Friedrichstadt_.jpg\" alt=\"Gracht in Friedrichstadt\"> <noscript><img decoding=\"async\" src=\"https:\/\/www.michael-hennemann.de\/wordpress\/wp-content\/uploads\/2018\/04\/mihe_treene_05_Friedrichstadt_Treene-in-Friedrichstadt_.jpg\" alt=\"Gracht in Friedrichstadt\"><\/noscript> <a class=\"pb-link \" data-magnific=\"gallery-31\" data-caption=\"Gracht in Friedrichstadt\" rel=\"\" target=\"\" href=\"https:\/\/www.michael-hennemann.de\/wordpress\/wp-content\/uploads\/2018\/04\/mihe_treene_05_Friedrichstadt_Treene-in-Friedrichstadt_.jpg\"> <\/p>\n<div class=\"pb-overlay\" style=\"\">\n<div class=\"pb-caption-bottom\"> <span class=\"pb-title pb-caption-left\" style=\"\">Gracht in Friedrichstadt<\/span> <\/div>\n<\/p><\/div>\n<p> <\/a> <\/div>\n<div class=\"pb-block with-text with-social-or-text pb-landscape pb-height pb-type-image \" style=\"\" data-filters=\"\" data-colspan=\"2\" data-rowspan=\"1\" data-col=\"2\" data-row=\"5\" data-valign=\"center\" data-halign=\"center\" data-type=\"image\" data-ratio=\"1.5\"> <img decoding=\"async\" class=\"pb-image skip-lazy \" src=\"data:image\/png;base64,iVBORw0KGgoAAAANSUhEUgAAAAEAAAABCAYAAAAfFcSJAAAADUlEQVR42mNkYPhfDwAChwGA60e6kgAAAABJRU5ErkJggg==\" data-pb-source=\"https:\/\/www.michael-hennemann.de\/wordpress\/wp-content\/uploads\/2018\/04\/mihe_treene_08___.jpg\" alt=\"Treene bei Fressendelf\"> <noscript><img decoding=\"async\" src=\"https:\/\/www.michael-hennemann.de\/wordpress\/wp-content\/uploads\/2018\/04\/mihe_treene_08___.jpg\" alt=\"Treene bei Fressendelf\"><\/noscript> <a class=\"pb-link \" data-magnific=\"gallery-31\" data-caption=\"Treene bei Fressendelf\" rel=\"\" target=\"\" href=\"https:\/\/www.michael-hennemann.de\/wordpress\/wp-content\/uploads\/2018\/04\/mihe_treene_08___.jpg\"> <\/p>\n<div class=\"pb-overlay\" style=\"\">\n<div class=\"pb-caption-bottom\"> <span class=\"pb-title pb-caption-left\" style=\"\">Treene bei Fressendelf<\/span> <\/div>\n<\/p><\/div>\n<p> <\/a> <\/div>\n<div class=\"pb-block with-text with-social-or-text pb-landscape pb-height pb-type-image \" style=\"\" data-filters=\"\" data-colspan=\"2\" data-rowspan=\"1\" data-col=\"2\" data-row=\"6\" data-valign=\"center\" data-halign=\"center\" data-type=\"image\" data-ratio=\"1.49435028249\"> <img decoding=\"async\" class=\"pb-image skip-lazy \" src=\"data:image\/png;base64,iVBORw0KGgoAAAANSUhEUgAAAAEAAAABCAYAAAAfFcSJAAAADUlEQVR42mNkYPhfDwAChwGA60e6kgAAAABJRU5ErkJggg==\" data-pb-source=\"https:\/\/www.michael-hennemann.de\/wordpress\/wp-content\/uploads\/2018\/04\/mihe_treene_02_Friedrichstadt_Oberlauf-der-Treene-bei-Eggebek_.jpg\" alt=\"Oberlauf der Treene bei Eggebek\"> <noscript><img decoding=\"async\" src=\"https:\/\/www.michael-hennemann.de\/wordpress\/wp-content\/uploads\/2018\/04\/mihe_treene_02_Friedrichstadt_Oberlauf-der-Treene-bei-Eggebek_.jpg\" alt=\"Oberlauf der Treene bei Eggebek\"><\/noscript> <a class=\"pb-link \" data-magnific=\"gallery-31\" data-caption=\"Oberlauf der Treene bei Eggebek\" rel=\"\" target=\"\" href=\"https:\/\/www.michael-hennemann.de\/wordpress\/wp-content\/uploads\/2018\/04\/mihe_treene_02_Friedrichstadt_Oberlauf-der-Treene-bei-Eggebek_.jpg\"> <\/p>\n<div class=\"pb-overlay\" style=\"\">\n<div class=\"pb-caption-bottom\"> <span class=\"pb-title pb-caption-left\" style=\"\">Oberlauf der Treene bei Eggebek<\/span> <\/div>\n<\/p><\/div>\n<p> <\/a> <\/div>\n<div class=\"pb-block with-text with-social-or-text pb-landscape pb-height pb-type-image \" style=\"\" data-filters=\"\" data-colspan=\"3\" data-rowspan=\"1\" data-col=\"0\" data-row=\"7\" data-valign=\"center\" data-halign=\"center\" data-type=\"image\" data-ratio=\"1.5\"> <img decoding=\"async\" class=\"pb-image skip-lazy \" src=\"data:image\/png;base64,iVBORw0KGgoAAAANSUhEUgAAAAEAAAABCAYAAAAfFcSJAAAADUlEQVR42mNkYPhfDwAChwGA60e6kgAAAABJRU5ErkJggg==\" data-pb-source=\"https:\/\/www.michael-hennemann.de\/wordpress\/wp-content\/uploads\/2018\/04\/mihe_treene_07___.jpg\" alt=\"Fressendelf\"> <noscript><img decoding=\"async\" src=\"https:\/\/www.michael-hennemann.de\/wordpress\/wp-content\/uploads\/2018\/04\/mihe_treene_07___.jpg\" alt=\"Fressendelf\"><\/noscript> <a class=\"pb-link \" data-magnific=\"gallery-31\" data-caption=\"Fressendelf\" rel=\"\" target=\"\" href=\"https:\/\/www.michael-hennemann.de\/wordpress\/wp-content\/uploads\/2018\/04\/mihe_treene_07___.jpg\"> <\/p>\n<div class=\"pb-overlay\" style=\"\">\n<div class=\"pb-caption-bottom\"> <span class=\"pb-title pb-caption-left\" style=\"\">Fressendelf<\/span> <\/div>\n<\/p><\/div>\n<p> <\/a> <\/div>\n<div class=\"pb-block with-text with-social-or-text pb-type-text \" style=\"\" data-filters=\"\" data-colspan=\"1\" data-rowspan=\"1\" data-col=\"3\" data-row=\"7\" data-type=\"text\" data-ratio=\"0\"> <a class=\"pb-link \" data-caption=\"Zur\u00fcck zur \u00dcbersicht\" rel=\"\" target=\"\" href=\"https:\/\/www.michael-hennemann.de\/wordpress\/fotogalerie\/auswahl-kanu-galerie\/\"> <\/p>\n<div class=\"pb-overlay\" style=\"\">\n<div class=\"pb-caption-middle\"> <span class=\"pb-title pb-caption-center\" style=\"\">Zur\u00fcck zur \u00dcbersicht<\/span> <\/div>\n<\/p><\/div>\n<p> <\/a> <\/div>\n<\/p><\/div>\n<\/div>\n<div id=\"photoblocks-fancybox-31\"><\/div>\n<p><script>jQuery(function () { var p = new PhotoBlocks({ selector: \"#photoblocks-31\", columns: 4, padding: 10, disable_below: 480, on: { before: function () { }, after: function () { }, refresh: function () { } }, mobile_layout: [], lazy: false, debug: false }); jQuery(\"#photoblocks-31\").magnificPopup({ delegate: \".pb-block:not(.pb-filtered) [data-magnific]\", type: \"image\", gallery: { enabled: true, preload: [0,2] }, image: { titleSrc: 'data-caption' }, mainClass: \"mfp-31\" }); });<\/script><\/p>\n","protected":false},"excerpt":{"rendered":"<p class=\"read-more\"><a href=\"https:\/\/www.michael-hennemann.de\/wordpress\/fotogalerie\/auswahl-kanu-galerie\/kanu-08-treene\/\">Weiter lesen &rarr;<\/a><\/p>","protected":false},"author":3,"featured_media":0,"parent":3706,"menu_order":0,"comment_status":"closed","ping_status":"closed","template":"page-templates\/mihe_volle-breite.php","meta":{"footnotes":""},"class_list":["post-4132","page","type-page","status-publish","hentry"],"_links":{"self":[{"href":"https:\/\/www.michael-hennemann.de\/wordpress\/wp-json\/wp\/v2\/pages\/4132","targetHints":{"allow":["GET"]}}],"collection":[{"href":"https:\/\/www.michael-hennemann.de\/wordpress\/wp-json\/wp\/v2\/pages"}],"about":[{"href":"https:\/\/www.michael-hennemann.de\/wordpress\/wp-json\/wp\/v2\/types\/page"}],"author":[{"embeddable":true,"href":"https:\/\/www.michael-hennemann.de\/wordpress\/wp-json\/wp\/v2\/users\/3"}],"replies":[{"embeddable":true,"href":"https:\/\/www.michael-hennemann.de\/wordpress\/wp-json\/wp\/v2\/comments?post=4132"}],"version-history":[{"count":0,"href":"https:\/\/www.michael-hennemann.de\/wordpress\/wp-json\/wp\/v2\/pages\/4132\/revisions"}],"up":[{"embeddable":true,"href":"https:\/\/www.michael-hennemann.de\/wordpress\/wp-json\/wp\/v2\/pages\/3706"}],"wp:attachment":[{"href":"https:\/\/www.michael-hennemann.de\/wordpress\/wp-json\/wp\/v2\/media?parent=4132"}],"curies":[{"name":"wp","href":"https:\/\/api.w.org\/{rel}","templated":true}]}}