{"id":512,"date":"2011-10-22T16:08:27","date_gmt":"2011-10-22T16:08:27","guid":{"rendered":"http:\/\/www.michael-hennemann.de\/wordpress\/?page_id=512"},"modified":"2018-05-01T09:59:54","modified_gmt":"2018-05-01T09:59:54","slug":"zur-person","status":"publish","type":"page","link":"https:\/\/www.michael-hennemann.de\/wordpress\/zur-person\/","title":{"rendered":"\u00dcber\/Referenzen"},"content":{"rendered":"<p><img loading=\"lazy\" decoding=\"async\" class=\"size-medium wp-image-182 aligncenter\" title=\"Michael Hennemann bei der Arbeit in seinem mobilen B\u00fcro\" src=\"http:\/\/www.michael-hennemann.de\/wordpress\/wp-content\/uploads\/2011\/05\/esistdocharbeit-300x198.jpg\" alt=\"Mobiles B\u00fcro, z.Zt. im Spreepark in Beskow\" width=\"300\" height=\"198\" srcset=\"https:\/\/www.michael-hennemann.de\/wordpress\/wp-content\/uploads\/2011\/05\/esistdocharbeit-300x198.jpg 300w, https:\/\/www.michael-hennemann.de\/wordpress\/wp-content\/uploads\/2011\/05\/esistdocharbeit.jpg 739w\" sizes=\"auto, (max-width: 300px) 100vw, 300px\" \/><br \/>\nMichael Hennemann ist ausgebildeter fototechnischer Assistent und begeisterter Reisender. Aber weder seine Praktika in den Redaktionen von GEO und Baedeker noch ein Geografiestudium konnten ihn von dem abhalten, was er am liebsten mag: Drau\u00dfen unterwegs sein.<\/p>\n<p>Daher spezialisierte er sich als Autor und Fotograf vor \u00fcber zehn Jahren auf Reise- und Outdoorthemen und berichtet in zahlreichen B\u00fcchern und Zeitschriftenartikeln \u00fcber seine Touren.<\/p>\n<h2>Referenzen<\/h2>\n<div id=\"attachment_3617\" style=\"width: 310px\" class=\"wp-caption alignright\"><a href=\"https:\/\/www.michael-hennemann.de\/wordpress\/tearsheets\/\"><img loading=\"lazy\" decoding=\"async\" aria-describedby=\"caption-attachment-3617\" class=\"wp-image-3617 size-medium\" src=\"https:\/\/www.michael-hennemann.de\/wordpress\/wp-content\/uploads\/2018\/05\/BT_2018_02_Senja-300x194.jpg\" alt=\"Beispiele f\u00fcr Ver\u00f6ffentlichungen von Michael Hennemann\" width=\"300\" height=\"194\" \/><\/a><\/p>\n<p id=\"caption-attachment-3617\" class=\"wp-caption-text\">Zu den Tearsheets<\/p>\n<\/div>\n<h3>Magazine<\/h3>\n<p>GEO<br \/>\nGEOlino<br \/>\nBrigitte<br \/>\nKajakmagazin<br \/>\nTrekkingmagazin<br \/>\nBike &amp; Travel<br \/>\nKANUmagazin<br \/>\nTours<br \/>\nOutdoor<br \/>\nKanusport<br \/>\nNordis<br \/>\n\u00e4rztliches magazin Reise &amp; Medizin<\/p>\n<h3>Buchverlage<\/h3>\n<p><a title=\"\" href=\"http:\/\/www.rother\" target=\"_blank\" rel=\"noopener\">Bergverlag Rother<\/a> B\u00fccher und Apps zu den Themen Wandern, Bergsteigen, Klettersteige, Skitouren, Mountainbike uvm.<\/p>\n<p><a href=\"http:\/\/www.kanu-verlag.de\/\">DKV Verlag<\/a> Der Verlag des Deutschen Kanuverbands<\/p>\n<p><a title=\"\" href=\"http:\/\/www.thomas-kettler-verlag.de\/\" target=\"_blank\" rel=\"noopener\">Thomas Kettler Verlag<\/a> Kanu- und Outdoor-B\u00fccher<\/p>\n<p><a title=\"\" href=\"http:\/\/www.conrad-stein-verlag.de\/\" target=\"_blank\" rel=\"noopener\">Conrad-Stein-Verlag<\/a> Reisef\u00fchrer und Outdoorhandb\u00fccher<\/p>\n<p><a title=\"\" href=\"http:\/\/www.bruckmann.de\/\" target=\"_blank\" rel=\"noopener\">Bruckmann-Verlag<\/a> Abenteuer, Freizeit- &amp; Outdoorb\u00fccher<\/p>\n<p><a title=\"\" href=\"http:\/\/www.mut.de\/\" target=\"_blank\" rel=\"noopener\">Markt und Technik Verlag<\/a> Computerbuchverlag mit vielen Ratgebern zur digitalen Fotografie und Bildbearbeitung<\/p>\n<p><a title=\"\" href=\"http:\/\/www.dpunkt.de\/\" target=\"_blank\" rel=\"noopener\">dpunkt.verlag <\/a>Fachb\u00fccher f\u00fcr Computing und Fotografie<\/p>\n<p>&nbsp;<\/p>\n","protected":false},"excerpt":{"rendered":"<p>Michael Hennemann ist ausgebildeter fototechnischer Assistent und begeisterter Reisender. Aber weder seine Praktika in den Redaktionen von GEO und Baedeker noch ein Geografiestudium konnten ihn von dem abhalten, was er am liebsten mag: Drau\u00dfen unterwegs sein. Daher spezialisierte er sich als Autor und Fotograf vor \u00fcber zehn Jahren auf Reise- und Outdoorthemen und berichtet in [&hellip;]<\/p>\n<p class=\"read-more\"><a href=\"https:\/\/www.michael-hennemann.de\/wordpress\/zur-person\/\">Weiter lesen &rarr;<\/a><\/p>","protected":false},"author":3,"featured_media":182,"parent":0,"menu_order":0,"comment_status":"closed","ping_status":"open","template":"","meta":{"footnotes":""},"class_list":["post-512","page","type-page","status-publish","has-post-thumbnail","hentry"],"_links":{"self":[{"href":"https:\/\/www.michael-hennemann.de\/wordpress\/wp-json\/wp\/v2\/pages\/512","targetHints":{"allow":["GET"]}}],"collection":[{"href":"https:\/\/www.michael-hennemann.de\/wordpress\/wp-json\/wp\/v2\/pages"}],"about":[{"href":"https:\/\/www.michael-hennemann.de\/wordpress\/wp-json\/wp\/v2\/types\/page"}],"author":[{"embeddable":true,"href":"https:\/\/www.michael-hennemann.de\/wordpress\/wp-json\/wp\/v2\/users\/3"}],"replies":[{"embeddable":true,"href":"https:\/\/www.michael-hennemann.de\/wordpress\/wp-json\/wp\/v2\/comments?post=512"}],"version-history":[{"count":0,"href":"https:\/\/www.michael-hennemann.de\/wordpress\/wp-json\/wp\/v2\/pages\/512\/revisions"}],"wp:featuredmedia":[{"embeddable":true,"href":"https:\/\/www.michael-hennemann.de\/wordpress\/wp-json\/wp\/v2\/media\/182"}],"wp:attachment":[{"href":"https:\/\/www.michael-hennemann.de\/wordpress\/wp-json\/wp\/v2\/media?parent=512"}],"curies":[{"name":"wp","href":"https:\/\/api.w.org\/{rel}","templated":true}]}}